{"id":4102,"date":"2025-05-16T11:48:40","date_gmt":"2025-05-16T09:48:40","guid":{"rendered":"https:\/\/konpart.de\/product\/pierburg\/"},"modified":"2025-10-14T13:46:13","modified_gmt":"2025-10-14T11:46:13","slug":"pierburg","status":"publish","type":"product","link":"https:\/\/konpart.de\/es\/product\/pierburg\/","title":{"rendered":"Pierburg"},"excerpt":{"rendered":"<p>Pierburg es sin\u00f3nimo de innovaci\u00f3n puntera en sistemas de gesti\u00f3n del motor y suministro de aire. Como parte del Grupo Rheinmetall Automotive, Pierburg es un proveedor clave de piezas de recambio con calidad de equipo original para muchos de los principales fabricantes de veh\u00edculos del mundo. Conocidos por su precisi\u00f3n y rendimiento, los productos Pierburg son esenciales para el control moderno de las emisiones, la eficiencia del combustible y el rendimiento del motor.  <\/p>\n","protected":false},"featured_media":3671,"template":"","meta":{"_acf_changed":false},"product-type":[],"class_list":["post-4102","product","type-product","status-publish","has-post-thumbnail","hentry"],"acf":{"product-claim":"Pierburg - Expertos en gesti\u00f3n de motores de Alemania","product-description":"<em>Tu fuente de confianza para productos Pierburg de un exportador alem\u00e1n l\u00edder en piezas de recambio con calidad de equipo original<\/em>\n\n<strong>Pierburg<\/strong> es sin\u00f3nimo de innovaci\u00f3n puntera en sistemas de gesti\u00f3n del motor y suministro de aire. Como parte del Grupo Rheinmetall Automotive, <strong>Pierburg<\/strong> es un proveedor clave de <strong>piezas de recambio con calidad de equipo original<\/strong> para muchos de los principales fabricantes de veh\u00edculos del mundo. Conocidos por su precisi\u00f3n y rendimiento, <strong>los productos Pierburg<\/strong> son esenciales para el control moderno de las emisiones, la eficiencia del combustible y el rendimiento del motor.  \n\nComo <strong>exportador alem\u00e1n<\/strong> fiable <strong>de piezas de recambio<\/strong>, ofrecemos <strong>componentes<\/strong> originales Pierburg directamente desde Alemania a los clientes exportadores. Garantizamos un suministro de exportaci\u00f3n r\u00e1pido y eficaz para todas tus necesidades de <strong>productos Pierburg<\/strong>. \n\n<strong>\u00bfPor qu\u00e9 elegir productos Pierburg?<\/strong>\n<ul>\n \t<li><strong>Est\u00e1ndar de Equipo Original (EO<\/strong> ) - en el que conf\u00edan fabricantes como VW, BMW, Mercedes-Benz, Audi y Opel.<\/li>\n \t<li><strong>Tecnolog\u00eda de alto rendimiento<\/strong>: ideal para los sistemas de motores modernos y el control de emisiones.<\/li>\n \t<li><strong>Amplia gama de productos<\/strong>: v\u00e1lvulas EGR, medidores de masa de aire, bombas el\u00e9ctricas, cuerpos de mariposa y electrov\u00e1lvulas.<\/li>\n \t<li><strong>Fabricado en Alemania<\/strong>, lo que garantiza precisi\u00f3n, calidad y fiabilidad a largo plazo.<\/li>\n<\/ul>\n<strong>Los recambios Pierburg<\/strong> son especialmente esenciales para los componentes electr\u00f3nicos del motor, lo que los convierte en una elecci\u00f3n inteligente para los talleres y distribuidores que trabajan con veh\u00edculos de alta tecnolog\u00eda y clientes orientados al rendimiento.\n\n<strong>Exportaci\u00f3n de piezas de recambio Pierburg<\/strong>\n\nComo <strong>exportador alem\u00e1n<\/strong> experimentado, estamos especializados en la distribuci\u00f3n de <strong>piezas de recambio Pierburg<\/strong>. Nuestros servicios incluyen: \n<ul>\n \t<li>Abastecimiento directo de productos Pierburg genuinos<\/li>\n \t<li>Log\u00edstica de exportaci\u00f3n y env\u00edo r\u00e1pido<\/li>\n \t<li>Embalaje y documentaci\u00f3n de exportaci\u00f3n personalizados<\/li>\n \t<li>Precios competitivos para pedidos al por mayor<\/li>\n \t<li>Asistencia experta e identificaci\u00f3n de productos<\/li>\n<\/ul>\nTrabajamos en estrecha colaboraci\u00f3n con distribuidores y mayoristas internacionales que buscan aut\u00e9nticos <strong>recambios alemanes<\/strong> que ofrezcan prestaciones y calidad de equipo original.\n\n<em>Ponte en contacto con nosotros ahora para consultas sobre exportaci\u00f3n o para recibir un presupuesto. Pierburg - Excelencia de ingenier\u00eda alemana para cada motor. <\/em>","catalog":null,"logo-reihenfolge":25,"spare-part-table":""},"_links":{"self":[{"href":"https:\/\/konpart.de\/es\/wp-json\/wp\/v2\/product\/4102","targetHints":{"allow":["GET"]}}],"collection":[{"href":"https:\/\/konpart.de\/es\/wp-json\/wp\/v2\/product"}],"about":[{"href":"https:\/\/konpart.de\/es\/wp-json\/wp\/v2\/types\/product"}],"wp:featuredmedia":[{"embeddable":true,"href":"https:\/\/konpart.de\/es\/wp-json\/wp\/v2\/media\/3671"}],"wp:attachment":[{"href":"https:\/\/konpart.de\/es\/wp-json\/wp\/v2\/media?parent=4102"}],"wp:term":[{"taxonomy":"product-type","embeddable":true,"href":"https:\/\/konpart.de\/es\/wp-json\/wp\/v2\/product-type?post=4102"}],"curies":[{"name":"wp","href":"https:\/\/api.w.org\/{rel}","templated":true}]}}