{"id":4104,"date":"2025-05-16T11:39:09","date_gmt":"2025-05-16T09:39:09","guid":{"rendered":"https:\/\/konpart.de\/product\/knorr\/"},"modified":"2025-10-14T13:46:19","modified_gmt":"2025-10-14T11:46:19","slug":"knorr","status":"publish","type":"product","link":"https:\/\/konpart.de\/es\/product\/knorr\/","title":{"rendered":"Knorr"},"excerpt":{"rendered":"<p>Knorr-Bremse es l\u00edder mundial en sistemas de frenado y componentes cr\u00edticos de seguridad para veh\u00edculos comerciales y aplicaciones ferroviarias. Como exportador alem\u00e1n especializado en piezas de recambio con calidad de equipo original, suministramos con orgullo una amplia gama de productos originales Knorr-Bremse a clientes exportadores que buscan soluciones fiables y de alto rendimiento en el mercado de recambios. <\/p>\n","protected":false},"featured_media":3611,"template":"","meta":{"_acf_changed":false},"product-type":[],"class_list":["post-4104","product","type-product","status-publish","has-post-thumbnail","hentry"],"acf":{"product-claim":"Knorr-Bremse - Sistemas de frenado avanzados de Alemania","product-description":"<strong>Proveedor oficial de recambios originales Knorr-Bremse<\/strong>\n\nKnorr-Bremse es l\u00edder mundial en sistemas de frenado y componentes cr\u00edticos de seguridad para veh\u00edculos comerciales y aplicaciones ferroviarias. Como exportador alem\u00e1n especializado en piezas de recambio con calidad de equipo original, suministramos con orgullo una amplia gama de productos originales Knorr-Bremse a clientes exportadores que buscan soluciones fiables y de alto rendimiento en el mercado de recambios. \n\nDesde frenos de disco neum\u00e1ticos, v\u00e1lvulas y compresores hasta unidades de control ABS\/EBS y sistemas electr\u00f3nicos, los productos Knorr-Bremse est\u00e1n dise\u00f1ados para ofrecer precisi\u00f3n, durabilidad y cumplimiento de las normas de seguridad m\u00e1s exigentes. Con m\u00e1s de un siglo de innovaci\u00f3n y experiencia en ingenier\u00eda alemana, los principales fabricantes de camiones, remolques y autobuses de todo el mundo conf\u00edan en Knorr-Bremse. \n\n<strong>\u00bfPor qu\u00e9 elegir recambios Knorr-Bremse?<\/strong>\n<ul>\n \t<li><strong>Calidad de Equipo Original en la que puedes confiar:<\/strong> Todos los componentes Knorr-Bremse cumplen o superan las especificaciones del equipo original.<\/li>\n \t<li><strong>Ingenier\u00eda alemana:<\/strong> Dise\u00f1ado y fabricado en Alemania para una fiabilidad excepcional y una larga vida \u00fatil.<\/li>\n \t<li><strong>Amplia gama de productos:<\/strong> Ofrecemos piezas Knorr-Bremse para veh\u00edculos industriales, remolques y autobuses de diversas marcas europeas y mundiales.<\/li>\n \t<li><strong>Perfecto para el mercado posventa:<\/strong> Ideal para talleres, operadores de flotas y distribuidores que exigen una calidad constante en cada env\u00edo.<\/li>\n<\/ul>\nComo exportador alem\u00e1n experimentado, garantizamos una entrega r\u00e1pida y eficaz de los productos Knorr-Bremse a nuestros clientes. Tanto si buscas pedidos a granel como paquetes de exportaci\u00f3n personalizados, ofrecemos soluciones flexibles adaptadas a tus necesidades. \n\n<strong>Exporta aut\u00e9nticos productos Knorr-Bremse de Alemania<\/strong>\n\nGracias a nuestra gran experiencia en abastecimiento, garantizamos el acceso a una gama completa de aut\u00e9nticas piezas de recambio Knorr-Bremse directamente desde Alemania. Nuestro servicio de exportaci\u00f3n est\u00e1 a tu disposici\u00f3n para ofrecerte calidad all\u00ed donde m\u00e1s se necesita. \n\nAs\u00f3ciate con nosotros para obtener un suministro fiable, precios competitivos y un esmerado servicio al cliente. Ponte en contacto con nosotros para obtener m\u00e1s informaci\u00f3n sobre la gama actual de productos, el cat\u00e1logo de productos Knorr-Bremse en l\u00ednea y las condiciones de exportaci\u00f3n. \n\n<strong>Knorr-Bremse - Frenado de precisi\u00f3n. Fabricado en Alemania.   <\/strong>","catalog":null,"logo-reihenfolge":11,"spare-part-table":""},"_links":{"self":[{"href":"https:\/\/konpart.de\/es\/wp-json\/wp\/v2\/product\/4104","targetHints":{"allow":["GET"]}}],"collection":[{"href":"https:\/\/konpart.de\/es\/wp-json\/wp\/v2\/product"}],"about":[{"href":"https:\/\/konpart.de\/es\/wp-json\/wp\/v2\/types\/product"}],"wp:featuredmedia":[{"embeddable":true,"href":"https:\/\/konpart.de\/es\/wp-json\/wp\/v2\/media\/3611"}],"wp:attachment":[{"href":"https:\/\/konpart.de\/es\/wp-json\/wp\/v2\/media?parent=4104"}],"wp:term":[{"taxonomy":"product-type","embeddable":true,"href":"https:\/\/konpart.de\/es\/wp-json\/wp\/v2\/product-type?post=4104"}],"curies":[{"name":"wp","href":"https:\/\/api.w.org\/{rel}","templated":true}]}}