{"id":4108,"date":"2024-11-22T12:15:30","date_gmt":"2024-11-22T11:15:30","guid":{"rendered":"https:\/\/konpart.de\/product\/wahler\/"},"modified":"2025-10-14T13:46:26","modified_gmt":"2025-10-14T11:46:26","slug":"wahler","status":"publish","type":"product","link":"https:\/\/konpart.de\/es\/product\/wahler\/","title":{"rendered":"Wahler"},"excerpt":{"rendered":"<p>Wahler, fundada en 1902 en Alemania y desde 2014 parte del grupo BorgWarner, es un conocido OEM de piezas para motores de combusti\u00f3n, como v\u00e1lvulas EGR y termostatos.<\/p>\n","protected":false},"featured_media":3711,"template":"","meta":{"_acf_changed":false},"product-type":[],"class_list":["post-4108","product","type-product","status-publish","has-post-thumbnail","hentry"],"acf":{"product-claim":"V\u00e1lvulas EGR y termostatos OEM para el mercado de recambios","product-description":"Wahler, fundada en 1902 en Alemania y desde 2014 parte del grupo BorgWarner, es un conocido OEM de piezas para motores de combusti\u00f3n, como v\u00e1lvulas EGR y termostatos.\n<h3>Tecnolog\u00eda de emisiones con calidad de Equipo Original que cubre una amplia gama<\/h3>\nWahler ofrece una amplia cartera de componentes de motor de primera calidad al mercado de recambios de automoci\u00f3n, de la misma calidad que los originales utilizados por los fabricantes de veh\u00edculos. Las piezas de recambio Wahler est\u00e1n disponibles para una amplia gama de veh\u00edculos y garantizan el mismo rendimiento, calidad y fiabilidad que los productos de Equipo Original. \n\nHoy en d\u00eda, Wahler tiene divisiones tecnol\u00f3gicas, plantas de producci\u00f3n y unidades de distribuci\u00f3n en Europa, Asia, as\u00ed como en Norteam\u00e9rica y Sudam\u00e9rica.\n\n\u00a0\n\n<strong>Recambios Wahler<\/strong>\n\n[table id=\"12\" \/]","catalog":null,"logo-reihenfolge":"","spare-part-table":"[table id=\"12\" \/]"},"_links":{"self":[{"href":"https:\/\/konpart.de\/es\/wp-json\/wp\/v2\/product\/4108","targetHints":{"allow":["GET"]}}],"collection":[{"href":"https:\/\/konpart.de\/es\/wp-json\/wp\/v2\/product"}],"about":[{"href":"https:\/\/konpart.de\/es\/wp-json\/wp\/v2\/types\/product"}],"wp:featuredmedia":[{"embeddable":true,"href":"https:\/\/konpart.de\/es\/wp-json\/wp\/v2\/media\/3711"}],"wp:attachment":[{"href":"https:\/\/konpart.de\/es\/wp-json\/wp\/v2\/media?parent=4108"}],"wp:term":[{"taxonomy":"product-type","embeddable":true,"href":"https:\/\/konpart.de\/es\/wp-json\/wp\/v2\/product-type?post=4108"}],"curies":[{"name":"wp","href":"https:\/\/api.w.org\/{rel}","templated":true}]}}