{"id":4110,"date":"2024-11-22T12:13:52","date_gmt":"2024-11-22T11:13:52","guid":{"rendered":"https:\/\/konpart.de\/product\/vemo\/"},"modified":"2025-10-14T13:46:36","modified_gmt":"2025-10-14T11:46:36","slug":"vemo","status":"publish","type":"product","link":"https:\/\/konpart.de\/es\/product\/vemo\/","title":{"rendered":"Vemo"},"excerpt":{"rendered":"<p>En pocos a\u00f1os, el valor de las piezas electr\u00f3nicas de un coche representar\u00e1 m\u00e1s del 60% del total. Una cifra que pone claramente de manifiesto el potencial del segmento de negocio VEMO. <\/p>\n","protected":false},"featured_media":3703,"template":"","meta":{"_acf_changed":false},"product-type":[],"class_list":["post-4110","product","type-product","status-publish","has-post-thumbnail","hentry"],"acf":{"product-claim":"Productos Vemo","product-description":"En pocos a\u00f1os, el valor de las piezas electr\u00f3nicas de un coche representar\u00e1 m\u00e1s del 60% del total. Una cifra que pone claramente de manifiesto el potencial del segmento de negocio VEMO. \n\nPero ni mucho menos la \u00fanica: VEMO suministra m\u00e1s de 4.000 art\u00edculos para los sectores de aire acondicionado, electricidad y electr\u00f3nica en 125 pa\u00edses, y cada a\u00f1o se a\u00f1aden unos 1.000 productos nuevos. El n\u00famero de clientes de VEMO tambi\u00e9n aumenta constantemente. Esto se debe en parte a nuestro r\u00e1pido servicio de entrega, nuestras atractivas gamas de productos y nuestros eficientes sistemas inform\u00e1ticos, por no mencionar nuestro enfoque siempre cooperativo.  ","catalog":null,"logo-reihenfolge":"","spare-part-table":""},"_links":{"self":[{"href":"https:\/\/konpart.de\/es\/wp-json\/wp\/v2\/product\/4110","targetHints":{"allow":["GET"]}}],"collection":[{"href":"https:\/\/konpart.de\/es\/wp-json\/wp\/v2\/product"}],"about":[{"href":"https:\/\/konpart.de\/es\/wp-json\/wp\/v2\/types\/product"}],"wp:featuredmedia":[{"embeddable":true,"href":"https:\/\/konpart.de\/es\/wp-json\/wp\/v2\/media\/3703"}],"wp:attachment":[{"href":"https:\/\/konpart.de\/es\/wp-json\/wp\/v2\/media?parent=4110"}],"wp:term":[{"taxonomy":"product-type","embeddable":true,"href":"https:\/\/konpart.de\/es\/wp-json\/wp\/v2\/product-type?post=4110"}],"curies":[{"name":"wp","href":"https:\/\/api.w.org\/{rel}","templated":true}]}}