{"id":4113,"date":"2024-11-22T12:12:35","date_gmt":"2024-11-22T11:12:35","guid":{"rendered":"https:\/\/konpart.de\/product\/vaico\/"},"modified":"2025-10-14T13:46:41","modified_gmt":"2025-10-14T11:46:41","slug":"vaico","status":"publish","type":"product","link":"https:\/\/konpart.de\/es\/product\/vaico\/","title":{"rendered":"Vaico"},"excerpt":{"rendered":"<p>\u00abSuministrar r\u00e1pidamente la mejor calidad, al menor coste posible y con un valor a\u00f1adido crucial\u00bb. Una f\u00f3rmula breve para negocios complejos con grandes exigencias. VAICO cumple estas exigencias en todos los aspectos, en todo el mundo. Con piezas de calidad OEM \u00abMade in Germany\u00bb.<\/p>\n","protected":false},"featured_media":3699,"template":"","meta":{"_acf_changed":false},"product-type":[],"class_list":["post-4113","product","type-product","status-publish","has-post-thumbnail","hentry"],"acf":{"product-claim":"Productos Vaico","product-description":"\"Suministrar r\u00e1pidamente la mejor calidad, al menor coste posible y con un valor a\u00f1adido crucial\". Una f\u00f3rmula breve para negocios complejos con grandes exigencias. VAICO cumple estas exigencias en todos los aspectos, en todo el mundo. Con piezas de calidad OEM \"Made in Germany\".\n\nEl nuevo sello de calidad Q+ es sin\u00f3nimo de producci\u00f3n conforme a las especificaciones m\u00e1s estrictas de los principales fabricantes de autom\u00f3viles alemanes.","catalog":null,"logo-reihenfolge":"","spare-part-table":""},"_links":{"self":[{"href":"https:\/\/konpart.de\/es\/wp-json\/wp\/v2\/product\/4113","targetHints":{"allow":["GET"]}}],"collection":[{"href":"https:\/\/konpart.de\/es\/wp-json\/wp\/v2\/product"}],"about":[{"href":"https:\/\/konpart.de\/es\/wp-json\/wp\/v2\/types\/product"}],"wp:featuredmedia":[{"embeddable":true,"href":"https:\/\/konpart.de\/es\/wp-json\/wp\/v2\/media\/3699"}],"wp:attachment":[{"href":"https:\/\/konpart.de\/es\/wp-json\/wp\/v2\/media?parent=4113"}],"wp:term":[{"taxonomy":"product-type","embeddable":true,"href":"https:\/\/konpart.de\/es\/wp-json\/wp\/v2\/product-type?post=4113"}],"curies":[{"name":"wp","href":"https:\/\/api.w.org\/{rel}","templated":true}]}}