{"id":4115,"date":"2025-05-16T10:32:58","date_gmt":"2025-05-16T08:32:58","guid":{"rendered":"https:\/\/konpart.de\/product\/kolbenschmidt\/"},"modified":"2025-10-14T13:46:52","modified_gmt":"2025-10-14T11:46:52","slug":"kolbenschmidt","status":"publish","type":"product","link":"https:\/\/konpart.de\/es\/product\/kolbenschmidt\/","title":{"rendered":"Kolbenschmidt"},"excerpt":{"rendered":"<p>Kolbenschmidt, tambi\u00e9n conocida como KS, es una marca de renombre mundial en la industria del autom\u00f3vil, reconocida por sus componentes de motor de alto rendimiento y su ingenier\u00eda de precisi\u00f3n fabricada en Alemania. Como exportador alem\u00e1n de confianza de piezas de recambio con calidad de posventa y equipo original, nos enorgullece ofrecer la gama completa de productos KS para su distribuci\u00f3n mundial. <\/p>\n","protected":false},"featured_media":3615,"template":"","meta":{"_acf_changed":false},"product-type":[],"class_list":["post-4115","product","type-product","status-publish","has-post-thumbnail","hentry"],"acf":{"product-claim":"Kolbenschmidt - Componentes de motor premium de Alemania","product-description":"<strong>Tu fuente de confianza de productos originales Kolbenschmidt y recambios de calidad de equipo original<\/strong>\n\nKolbenschmidt, tambi\u00e9n conocida como KS, es una marca de renombre mundial en la industria del autom\u00f3vil, reconocida por sus componentes de motor de alto rendimiento y su ingenier\u00eda de precisi\u00f3n fabricada en Alemania. Como exportador alem\u00e1n de confianza de piezas de recambio con calidad de posventa y equipo original, nos enorgullece ofrecer la gama completa de productos KS para su distribuci\u00f3n mundial. \n\nDesde pistones y segmentos hasta cojinetes, camisas de cilindro y bloques de motor, Kolbenschmidt ofrece una calidad y durabilidad excepcionales que cumplen o superan los est\u00e1ndares de los equipos originales (EO). Dise\u00f1adas tanto para turismos como para veh\u00edculos comerciales, las piezas de recambio Kolbenschmidt son la mejor elecci\u00f3n entre los mec\u00e1nicos profesionales y los rectificadores de motores de todo el mundo. \n\n<strong>\u00bfPor qu\u00e9 elegir Kolbenschmidt?<\/strong>\n<ul>\n \t<li><strong>Calidad de Equipo Original:<\/strong> Kolbenschmidt fabrica piezas de recambio que cumplen las especificaciones de los principales fabricantes de veh\u00edculos.<\/li>\n \t<li><strong>Calidad Made in Germany:<\/strong> Todos los productos Kolbenschmidt reflejan la excelencia de la ingenier\u00eda alemana, garantizando un rendimiento y una fiabilidad duraderos.<\/li>\n \t<li><strong>Amplia gama de productos:<\/strong> Exportamos piezas de motor Kolbenschmidt para diversas marcas de veh\u00edculos europeos, asi\u00e1ticos y americanos.<\/li>\n \t<li><strong>Excelencia en el mercado posventa:<\/strong> Perfecto para talleres y distribuidores que buscan soluciones fiables de posventa con calidad de equipo original.<\/li>\n<\/ul>\nComo exportador alem\u00e1n especializado, realizamos env\u00edos internacionales r\u00e1pidos y eficaces de productos Kolbenschmidt. Tanto si necesitas peque\u00f1os lotes como env\u00edos a granel, ofrecemos soluciones de exportaci\u00f3n flexibles y adaptadas a tus necesidades. Nuestros clientes conf\u00edan en nosotros por nuestro profundo conocimiento del mercado alem\u00e1n de recambios y nuestro compromiso de suministrar componentes genuinos y de alta calidad.  \n\n<strong>Exporta productos Kolbenschmidt con confianza<\/strong>\n\nCon m\u00e1s de tres d\u00e9cadas de experiencia en la exportaci\u00f3n de recambios alemanes, nos aseguramos de que nuestros clientes reciban productos originales Kolbenschmidt directamente desde Alemania. Nuestra red log\u00edstica permite la entrega puntual en todos nuestros mercados de exportaci\u00f3n. \n\n\u00bfBuscas un proveedor fiable de componentes de motor Kolbenschmidt? Ponte en contacto con nosotros para saber m\u00e1s sobre nuestra disponibilidad de productos, condiciones de exportaci\u00f3n y presupuestos personalizados. \n\n<strong>Kolbenschmidt - Dise\u00f1ado en Alemania. De confianza en todo el mundo. <\/strong>","catalog":null,"logo-reihenfolge":6,"spare-part-table":""},"_links":{"self":[{"href":"https:\/\/konpart.de\/es\/wp-json\/wp\/v2\/product\/4115","targetHints":{"allow":["GET"]}}],"collection":[{"href":"https:\/\/konpart.de\/es\/wp-json\/wp\/v2\/product"}],"about":[{"href":"https:\/\/konpart.de\/es\/wp-json\/wp\/v2\/types\/product"}],"wp:featuredmedia":[{"embeddable":true,"href":"https:\/\/konpart.de\/es\/wp-json\/wp\/v2\/media\/3615"}],"wp:attachment":[{"href":"https:\/\/konpart.de\/es\/wp-json\/wp\/v2\/media?parent=4115"}],"wp:term":[{"taxonomy":"product-type","embeddable":true,"href":"https:\/\/konpart.de\/es\/wp-json\/wp\/v2\/product-type?post=4115"}],"curies":[{"name":"wp","href":"https:\/\/api.w.org\/{rel}","templated":true}]}}