{"id":4116,"date":"2025-05-16T10:29:02","date_gmt":"2025-05-16T08:29:02","guid":{"rendered":"https:\/\/konpart.de\/product\/contitech\/"},"modified":"2025-10-14T13:46:56","modified_gmt":"2025-10-14T11:46:56","slug":"contitech","status":"publish","type":"product","link":"https:\/\/konpart.de\/es\/product\/contitech\/","title":{"rendered":"ContiTech"},"excerpt":{"rendered":"<p>Como exportador alem\u00e1n fiable de piezas de recambio, nos enorgullece ofrecer a nuestros clientes de todo el mundo acceso a productos originales ContiTech, una referencia mundial de calidad, rendimiento y excelencia de la ingenier\u00eda alemana.<\/p>\n","protected":false},"featured_media":3559,"template":"","meta":{"_acf_changed":false},"product-type":[],"class_list":["post-4116","product","type-product","status-publish","has-post-thumbnail","hentry"],"acf":{"product-claim":"Ingenier\u00eda Premium Made in Germany - Recambios con calidad de Equipo Original de un exportador alem\u00e1n de confianza","product-description":"Como exportador alem\u00e1n fiable de piezas de recambio, nos enorgullece ofrecer a nuestros clientes de todo el mundo acceso a productos originales ContiTech, una referencia mundial de calidad, rendimiento y excelencia de la ingenier\u00eda alemana.\n\nContiTech, una marca clave del Grupo Continental, est\u00e1 especializada en componentes de goma y pl\u00e1stico de alto rendimiento para automoci\u00f3n y uso industrial. Fabricados en Alemania y dise\u00f1ados conforme a las normas de Equipo Original (EO), los art\u00edculos ContiTech garantizan una larga vida \u00fatil, un ajuste preciso y la m\u00e1xima eficacia, tanto para los fabricantes de equipos originales como para el sector posventa. \n<h3>\u00bfPor qu\u00e9 destacan los productos ContiTech?<\/h3>\n<ul>\n \t<li>Garant\u00eda de calidad de Equipo Original\nTodos los productos ContiTech se fabrican siguiendo estrictas especificaciones de Equipo Original, lo que garantiza su compatibilidad, durabilidad y m\u00e1ximo rendimiento en condiciones reales.<\/li>\n \t<li>Amplia gama de productos\nDesde correas de distribuci\u00f3n, correas de transmisi\u00f3n, amortiguadores de aire y soportes de motor hasta mangueras del sistema de refrigeraci\u00f3n y piezas de control de vibraciones: ContiTech cubre un amplio espectro de aplicaciones para turismos y veh\u00edculos comerciales.<\/li>\n \t<li>Made in Germany\nDise\u00f1ados y fabricados en Alemania, los productos ContiTech reflejan la innovaci\u00f3n, precisi\u00f3n y fiabilidad que definen a la industria automovil\u00edstica alemana.<\/li>\n \t<li>Preparado para el mercado de recambios\nIdeal para talleres, distribuidores y centros de reparaci\u00f3n que buscan recambios de confianza para el mercado de recambios con un rendimiento de nivel OEM.<\/li>\n<\/ul>\n<h3>Exportaci\u00f3n de recambios originales ContiTech<\/h3>\nSomos tu socio exportador de piezas de recambio ContiTech, y te proporcionamos:\n<ul>\n \t<li>Abastecimiento directo desde Alemania<\/li>\n \t<li>Env\u00edo mundial r\u00e1pido y seguro<\/li>\n \t<li>Atenci\u00f3n al cliente multiling\u00fce<\/li>\n \t<li>Documentaci\u00f3n de exportaci\u00f3n personalizada<\/li>\n<\/ul>\nTanto si eres distribuidor, proveedor de piezas u operador de flotas, te ayudamos a acceder a piezas de recambio alemanas de primera calidad de forma r\u00e1pida y eficaz, independientemente de d\u00f3nde te encuentres.\n<h3>Elige ContiTech - Elige Calidad<\/h3>\nCuando eliges ContiTech, eliges excelencia en ingenier\u00eda, fiabilidad demostrada y la garant\u00eda de recambios de calidad de equipo original fabricados en Alemania. Como exportador alem\u00e1n con experiencia, nos aseguramos de que estas piezas de alto rendimiento lleguen a tu negocio con rapidez, cuidado y asistencia completa. ","catalog":null,"logo-reihenfolge":2,"spare-part-table":""},"_links":{"self":[{"href":"https:\/\/konpart.de\/es\/wp-json\/wp\/v2\/product\/4116","targetHints":{"allow":["GET"]}}],"collection":[{"href":"https:\/\/konpart.de\/es\/wp-json\/wp\/v2\/product"}],"about":[{"href":"https:\/\/konpart.de\/es\/wp-json\/wp\/v2\/types\/product"}],"wp:featuredmedia":[{"embeddable":true,"href":"https:\/\/konpart.de\/es\/wp-json\/wp\/v2\/media\/3559"}],"wp:attachment":[{"href":"https:\/\/konpart.de\/es\/wp-json\/wp\/v2\/media?parent=4116"}],"wp:term":[{"taxonomy":"product-type","embeddable":true,"href":"https:\/\/konpart.de\/es\/wp-json\/wp\/v2\/product-type?post=4116"}],"curies":[{"name":"wp","href":"https:\/\/api.w.org\/{rel}","templated":true}]}}