{"id":4117,"date":"2024-11-22T10:53:03","date_gmt":"2024-11-22T09:53:03","guid":{"rendered":"https:\/\/konpart.de\/product\/ne\/"},"modified":"2025-10-14T13:46:58","modified_gmt":"2025-10-14T11:46:58","slug":"ne","status":"publish","type":"product","link":"https:\/\/konpart.de\/es\/product\/ne\/","title":{"rendered":"NE"},"excerpt":{"rendered":"<p>Recambios NE con la tecnolog\u00eda m\u00e1s avanzada y la m\u00e1xima calidad de NPR of Europe GmbH, filial del fabricante japon\u00e9s de piezas de motor NPR &#8211; Nippon Piston Ring Co. Ltd. <\/p>\n","protected":false},"featured_media":3643,"template":"","meta":{"_acf_changed":false},"product-type":[],"class_list":["post-4117","product","type-product","status-publish","has-post-thumbnail","hentry"],"acf":{"product-claim":"NE - NPR de Europa Productos","product-description":"Recambios NE con la tecnolog\u00eda m\u00e1s avanzada y la m\u00e1xima calidad de NPR of Europe GmbH, filial del fabricante japon\u00e9s de piezas de motor NPR - Nippon Piston Ring Co. Ltd. \n\n[ws-catalog]\n<h3>C\u00f3mo intercambiar los antiguos n\u00fameros de art\u00edculo NE con los nuevos n\u00fameros de art\u00edculo NE<\/h3>\nEl primer d\u00edgito identifica el embalaje (empezando por 8 - conjunto de 1 cilindro \/ empezando por 7 - conjunto de motor). Sin embargo, los juegos de motor s\u00f3lo est\u00e1n disponibles para los motores asi\u00e1ticos. Los d\u00edgitos 3 a 6 definen el fabricante del motor y el juego de segmentos, los d\u00edgitos 7 y 8 muestran si el juego de segmentos es est\u00e1ndar o sobredimensionado. Los dos \u00faltimos d\u00edgitos est\u00e1n reservados para fines internos de NE.   \n\nEjemplo: C\u00f3mo intercambiar los antiguos n\u00fameros de art\u00edculo NE por los nuevos n\u00fameros de art\u00edculo NE:\n[table id=\"15\" \/]\n<h3>Una mirada m\u00e1s atenta a la NE - NPR of Europe<\/h3>\nCon m\u00e1s de 30 a\u00f1os de experiencia en la producci\u00f3n de segmentos de pist\u00f3n, juegos de segmentos, piezas del tren de v\u00e1lvulas, cojinetes y camisas de cilindro para motores de automoci\u00f3n, marinos, industriales y agr\u00edcolas, la marca NE es conocida por sus elevados niveles de calidad, su desarrollo continuo y su fiabilidad de suministro.\n\nEn la actualidad, NPR de Europa suministra a muchos fabricantes de equipos originales de renombre en la producci\u00f3n en serie, as\u00ed como al mercado posventa de piezas de recambio.\n\nNPR de Europa suministra a los siguientes fabricantes de pistones y motores:\n<ul>\n \t<li>Audi<\/li>\n \t<li>Asso Werke<\/li>\n \t<li>Bitzer K\u00fchlmaschinenbau<\/li>\n \t<li>BMW<\/li>\n \t<li>BRP-Rotax<\/li>\n \t<li>Capricornio<\/li>\n \t<li>Copeland<\/li>\n \t<li>Delmag<\/li>\n \t<li>Deutz<\/li>\n \t<li>Ducati<\/li>\n \t<li>Duraldur<\/li>\n \t<li>Federal-Mogul<\/li>\n \t<li>Ferrari<\/li>\n \t<li>Fiat<\/li>\n \t<li>Ford<\/li>\n \t<li>Kolbenschmidt Pierburg<\/li>\n \t<li>Mahle<\/li>\n \t<li>Grupo automovil\u00edstico Mercedes-Benz<\/li>\n \t<li>Cami\u00f3n Mercedes-Benz<\/li>\n \t<li>Mercedes-AMG<\/li>\n \t<li>Motorenfabrik Hatz<\/li>\n \t<li>MTU<\/li>\n \t<li>Renault<\/li>\n \t<li>Sisu<\/li>\n \t<li>Motos Triumph<\/li>\n \t<li>V\u00e9rtice<\/li>\n \t<li>Yamaha Motor Francia (MBK)<\/li>\n \t<li>Volvo<\/li>\n \t<li>VM<\/li>\n \t<li>VW<\/li>\n<\/ul>\nEn el mercado posventa NPR de Europa suministra piezas de motor para las siguientes marcas:\n<ul>\n \t<li>Alfa Romeo<\/li>\n \t<li>Audi<\/li>\n \t<li>Austin<\/li>\n \t<li>Autobianchi<\/li>\n \t<li>Avia-Daewoo<\/li>\n \t<li>Baudouin<\/li>\n \t<li>Bedford<\/li>\n \t<li>Berliet<\/li>\n \t<li>BLMC<\/li>\n \t<li>BMW<\/li>\n \t<li>BMW Motorrad<\/li>\n \t<li>Bosch<\/li>\n \t<li>Case IH<\/li>\n \t<li>Oruga<\/li>\n \t<li>Chrysler<\/li>\n \t<li>Citro\u00ebn<\/li>\n \t<li>Cummins<\/li>\n \t<li>Dacia<\/li>\n \t<li>Daewoo - Chevrolet (GM)<\/li>\n \t<li>Daf<\/li>\n \t<li>Daihatsu<\/li>\n \t<li>Mercedes-Benz<\/li>\n \t<li>David Brown<\/li>\n \t<li>Deutz<\/li>\n \t<li>Eicher<\/li>\n \t<li>Fap-Famos<\/li>\n \t<li>FIAT<\/li>\n \t<li>FIAT-Iveco<\/li>\n \t<li>Ford<\/li>\n \t<li>Fordson<\/li>\n \t<li>GA3-Wolga<\/li>\n \t<li>Guascor<\/li>\n \t<li>G\u00fcldner<\/li>\n \t<li>Hanomag<\/li>\n \t<li>Hatz<\/li>\n \t<li>Henschel<\/li>\n \t<li>Hino<\/li>\n \t<li>Honda<\/li>\n \t<li>Hyundai<\/li>\n \t<li>IFA<\/li>\n \t<li>IHC - Case IH<\/li>\n \t<li>Indenor<\/li>\n \t<li>Isuzu<\/li>\n \t<li>Iveco<\/li>\n \t<li>Jaguar<\/li>\n \t<li>John Deere<\/li>\n \t<li>Kama3<\/li>\n \t<li>KHD<\/li>\n \t<li>Kia<\/li>\n \t<li>Komatsu<\/li>\n \t<li>Lada<\/li>\n \t<li>Lamborghini<\/li>\n \t<li>Lancia<\/li>\n \t<li>Land Rover<\/li>\n \t<li>Leyland<\/li>\n \t<li>Liaz<\/li>\n \t<li>Liebherr<\/li>\n \t<li>Lister<\/li>\n \t<li>Lombardini<\/li>\n \t<li>Loto<\/li>\n \t<li>HOMBRE<\/li>\n \t<li>Magirus-Deutz<\/li>\n \t<li>Malcotsis<\/li>\n \t<li>Massey-Ferguson<\/li>\n \t<li>Mazda<\/li>\n \t<li>MCC - Inteligente<\/li>\n \t<li>Mercedes-Benz<\/li>\n \t<li>Mini<\/li>\n \t<li>Mitsubishi<\/li>\n \t<li>MMZ Minsk<\/li>\n \t<li>Morris<\/li>\n \t<li>Moskvitch<\/li>\n \t<li>MWM<\/li>\n \t<li>New Holland<\/li>\n \t<li>Nissan<\/li>\n \t<li>NSU<\/li>\n \t<li>Opel<\/li>\n \t<li>Pegaso<\/li>\n \t<li>Perkins<\/li>\n \t<li>Petter<\/li>\n \t<li>Peugeot<\/li>\n \t<li>Peykan<\/li>\n \t<li>Polski-FIAT<\/li>\n \t<li>Porsche<\/li>\n \t<li>Porsche Diesel Traktor<\/li>\n \t<li>Raba Hungr\u00eda<\/li>\n \t<li>Renault<\/li>\n \t<li>Tractor Renault<\/li>\n \t<li>Cami\u00f3n Renault<\/li>\n \t<li>Romano<\/li>\n \t<li>Ruman\u00eda<\/li>\n \t<li>Rover<\/li>\n \t<li>Ruggerini<\/li>\n \t<li>RVI<\/li>\n \t<li>Saab<\/li>\n \t<li>Mismo<\/li>\n \t<li>Saviem<\/li>\n \t<li>Scania<\/li>\n \t<li>SEAT<\/li>\n \t<li>Simca<\/li>\n \t<li>Skoda<\/li>\n \t<li>Slanzi<\/li>\n \t<li>Inteligente<\/li>\n \t<li>Ssang Yong<\/li>\n \t<li>Steyr<\/li>\n \t<li>Subaru<\/li>\n \t<li>Suzuki<\/li>\n \t<li>Talbot<\/li>\n \t<li>Tatra<\/li>\n \t<li>Toyota<\/li>\n \t<li>UAZ<\/li>\n \t<li>Ursus<\/li>\n \t<li>UTB<\/li>\n \t<li>Vauxhall<\/li>\n \t<li>VM<\/li>\n \t<li>Volkswagen<\/li>\n \t<li>Volvo<\/li>\n \t<li>Volvo-BM<\/li>\n \t<li>Volvo-Penta<\/li>\n \t<li>Westinghouse<\/li>\n \t<li>Wolga<\/li>\n \t<li>Zetor<\/li>\n<\/ul>\nLa gama de productos NE incluye segmentos para motores, as\u00ed como segmentos de estanqueidad para compresores de refrigeraci\u00f3n y aplicaciones en el campo de las bombas y la ingenier\u00eda mec\u00e1nica general. La atenci\u00f3n se centra en los segmentos de pist\u00f3n fabricados con diversos materiales de aleaci\u00f3n de acero. \n\nGama de anillos de pist\u00f3n NE:\n<ul>\n \t<li>aros de fundici\u00f3n aros de acero<\/li>\n \t<li>Anillos de control de aceite de 2 y 3 piezas<\/li>\n \t<li>anillos axialmente delgados<\/li>\n \t<li>anillos nitrurados<\/li>\n \t<li>galv\u00e1nica diversa u otra<\/li>\n \t<li>tratamientos superficiales<\/li>\n \t<li>cromado<\/li>\n \t<li>Revestimiento PVD<\/li>\n \t<li>Revestimiento DLC<\/li>\n<\/ul>\nAnillos de asiento de v\u00e1lvula NE para:\n<ul>\n \t<li>aplicaciones de combustibles alternativos<\/li>\n \t<li>Aplicaciones FlexFuel<\/li>\n \t<li>Aplicaciones GLP \/ GNC<\/li>\n \t<li>materiales sinterizados de una y dos capasproductos sinterizados forjados para los requisitos m\u00e1s exigentes (por ejemplo, aplicaciones en camiones)<\/li>\n<\/ul>\nGama de productos de rodamientos NE:\n<ul>\n \t<li>Rodamientos de 2 y 3 capas<\/li>\n \t<li>materiales para rodamientos sin plomo<\/li>\n \t<li>reducci\u00f3n de las p\u00e9rdidas por fricci\u00f3n<\/li>\n<\/ul>\nLos productos y servicios de NPR of Europe GmbH est\u00e1n certificados conforme a las normas ISO\/TS 16949:2008 e ISO 9001:2008 \/ JIS Q 9001:2008.","catalog":[{"catalog-name":"Cat\u00e1logo de Aros de Pist\u00f3n NE 2014","catalog-description":"Cat\u00e1logo de juegos de segmentos de pist\u00f3n NE 2014 para maquinaria com\u00fan de automoci\u00f3n, marina, industrial y agr\u00edcola. El cat\u00e1logo est\u00e1 ordenado por fabricantes de equipos originales e incluye aplicaciones para motores y veh\u00edculos. Adem\u00e1s, el cat\u00e1logo ofrece informaci\u00f3n adicional como tablas de conversi\u00f3n, relaciones de sobremedida de los n\u00fameros de art\u00edculo NE e instrucciones sobre c\u00f3mo intercambiar los n\u00fameros de art\u00edculo NE antiguos por los nuevos. Multiling\u00fce en alem\u00e1n, ingl\u00e9s, franc\u00e9s, espa\u00f1ol, italiano, etc.   ","katalog-cover":1333,"katalog-file":1321},{"catalog-name":"Cat\u00e1logo de Rodamientos NE 2014","catalog-description":"El cat\u00e1logo de cojinetes NE 2014 incluye cojinetes de bancada, cojinetes de biela, arandelas de empuje, cojinetes de \u00e1rbol de levas y casquillos de extremo peque\u00f1o para coches, camiones y otras aplicaciones. Pedido por fabricantes de equipos originales. Informaci\u00f3n adicional sobre sobremedidas, materiales y dimensiones. Lista de referencias cruzadas con GLYCO, VANDERVELL, AE, MAHLE KS y MIBA. Lista de intercambio OE al final del cat\u00e1logo. Multiling\u00fce en alem\u00e1n, ingl\u00e9s y franc\u00e9s.     ","katalog-cover":1325,"katalog-file":1313},{"catalog-name":"Cat\u00e1logo NE Pist\u00f3n 2014","catalog-description":"","katalog-cover":1329,"katalog-file":1317}],"logo-reihenfolge":"","spare-part-table":""},"_links":{"self":[{"href":"https:\/\/konpart.de\/es\/wp-json\/wp\/v2\/product\/4117","targetHints":{"allow":["GET"]}}],"collection":[{"href":"https:\/\/konpart.de\/es\/wp-json\/wp\/v2\/product"}],"about":[{"href":"https:\/\/konpart.de\/es\/wp-json\/wp\/v2\/types\/product"}],"wp:featuredmedia":[{"embeddable":true,"href":"https:\/\/konpart.de\/es\/wp-json\/wp\/v2\/media\/3643"}],"wp:attachment":[{"href":"https:\/\/konpart.de\/es\/wp-json\/wp\/v2\/media?parent=4117"}],"wp:term":[{"taxonomy":"product-type","embeddable":true,"href":"https:\/\/konpart.de\/es\/wp-json\/wp\/v2\/product-type?post=4117"}],"curies":[{"name":"wp","href":"https:\/\/api.w.org\/{rel}","templated":true}]}}