{"id":4118,"date":"2024-11-22T12:17:30","date_gmt":"2024-11-22T11:17:30","guid":{"rendered":"https:\/\/konpart.de\/product\/zf\/"},"modified":"2025-10-14T13:46:58","modified_gmt":"2025-10-14T11:46:58","slug":"zf","status":"publish","type":"product","link":"https:\/\/konpart.de\/es\/product\/zf\/","title":{"rendered":"ZF"},"excerpt":{"rendered":"<p>Como parte del segundo mayor proveedor mundial de recambios de automoci\u00f3n, ZF Friedrichshafen, la marca ZF es l\u00edder mundial en tecnolog\u00eda de transmisi\u00f3n y chasis. ZF Friedrichshafen opera en unos 230 centros en 40 pa\u00edses, adem\u00e1s de m\u00e1s de 70 centros de servicio propios. <\/p>\n","protected":false},"featured_media":3715,"template":"","meta":{"_acf_changed":false},"product-type":[],"class_list":["post-4118","product","type-product","status-publish","has-post-thumbnail","hentry"],"acf":{"product-claim":"Cajas de cambios, ejes y piezas de recambio con calidad de equipo original para el mercado posventa","product-description":"Como parte del segundo mayor proveedor mundial de recambios de automoci\u00f3n, ZF Friedrichshafen, la marca ZF es l\u00edder mundial en tecnolog\u00eda de transmisi\u00f3n y chasis. ZF Friedrichshafen opera en unos 230 centros en 40 pa\u00edses, adem\u00e1s de m\u00e1s de 70 centros de servicio propios. \n\nLa experiencia de ZF en equipos originales se traslada a su negocio de recambios, ofreciendo al mercado de recambios componentes completos y piezas de recambio de calidad de equipo original para coches, camiones, autobuses y veh\u00edculos todoterreno. La m\u00e1xima calidad y experiencia tecnol\u00f3gica de la fabricaci\u00f3n de equipos originales se demuestran con \u00e9xito en el negocio de recambios del mercado posventa de ZF. Con su amplia cartera de productos, la marca ZF garantiza el rendimiento y la eficacia de los veh\u00edculos durante todo su ciclo de vida.  \n\nLos profesionales conf\u00edan en los componentes completos y las piezas de recambio con calidad de equipo original de ZF. KonPart Import-Export GmbH ofrece las gamas completas de recambios de transmisi\u00f3n y ejes de ZF para camiones, autobuses y turismos adecuados para componentes ZF. \n\nKonPart Import-Export GmbH suministra las siguientes l\u00edneas completas de ZF (componentes completos y piezas de recambio):\n<ul>\n \t<li>Transmisi\u00f3n ZF para veh\u00edculos industriales y turismos<\/li>\n \t<li>Eje ZF para veh\u00edculos industriales y turismos<\/li>\n<\/ul>\nComo exportador autorizado de cajas de cambios, ejes y piezas de recambio ZF, no dudes en ponerte en contacto con nosotros en caso de demanda.\n<h3>Recambios originales ZF de cajas de cambios y transmisiones para camiones, autobuses y turismos<\/h3>\nZF te ofrece todo lo que necesitas en materia de transmisiones: Cajas de cambios originales nuevas o de recambio y piezas de recambio o kits de reparaci\u00f3n.\n\nZF mantiene en stock en sus centros log\u00edsticos su amplia gama de m\u00e1s de 100.000 recambios de transmisi\u00f3n para todo tipo de camiones y autobuses. Las piezas de recambio de ZF para el mercado de recambios se someten a los mismos procesos de calidad e inspecci\u00f3n que los componentes de producci\u00f3n en serie de ZF, de modo que todas las piezas suministradas son de calidad comprobada de Equipo Original. Fiabilidad a largo plazo, ya que ZF garantiza el suministro de recambios hasta 15 a\u00f1os despu\u00e9s de la retirada de la producci\u00f3n en serie, e incluso m\u00e1s tiempo para los coches antiguos. ZF tambi\u00e9n suministra aceites de transmisi\u00f3n ZF de calidad de Equipo Original al mercado independiente de recambios.   \n\nLa calidad, la tecnolog\u00eda y las garant\u00edas de primera clase del nivel de producci\u00f3n en serie de ZF tambi\u00e9n est\u00e1n disponibles en el mercado posventa:\n<ul>\n \t<li>Cajas de cambios originales completas<\/li>\n \t<li>Recambios con calidad de Equipo Original<\/li>\n \t<li>Amplia gama de productos<\/li>\n \t<li>M\u00e1s de 100.000 piezas de transmisi\u00f3n siempre en stock<\/li>\n<\/ul>\n<img class=\"alignnone size-full wp-image-1741\" src=\"https:\/\/konpart.de\/wp-content\/uploads\/2024\/11\/ZF-EcoLife_small.webp\" alt=\"\" width=\"700\" height=\"478\">\n<h4>Cajas de cambios ZF para camiones:<\/h4>\n<ul>\n \t<li>AS Tronic<\/li>\n \t<li>AS Tronic Lite<\/li>\n \t<li>AS Tronic Medio<\/li>\n \t<li>Ecolite para camiones ligeros<\/li>\n \t<li>Ecomid<\/li>\n \t<li>Ecosplit<\/li>\n \t<li>EcoTronic Mid<\/li>\n<\/ul>\n<h4>Cajas de cambios ZF para autobuses:<\/h4>\n<ul>\n \t<li>AS Tronic<\/li>\n \t<li>Autocares AS Tronic Lite<\/li>\n \t<li>Autob\u00fas urbano e interurbano EcoLife<\/li>\n \t<li>EcoLife Coach<\/li>\n \t<li>TraXon<\/li>\n<\/ul>\n<h4>Cajas de cambios ZF para autom\u00f3viles:<\/h4>\n<ul>\n \t<li>Transmisi\u00f3n autom\u00e1tica de 6 velocidades<\/li>\n \t<li>Transmisi\u00f3n manual de 6 velocidades<\/li>\n \t<li>Transmisi\u00f3n de doble embrague de 7 velocidades<\/li>\n \t<li>Transmisi\u00f3n manual de 7 velocidades<\/li>\n \t<li>Transmisi\u00f3n autom\u00e1tica de 8 velocidades<\/li>\n \t<li>Transmisi\u00f3n de doble embrague de 8 velocidades<\/li>\n \t<li>Transmisi\u00f3n h\u00edbrida de 8 velocidades<\/li>\n \t<li>Transmisi\u00f3n h\u00edbrida enchufable de 8 velocidades<\/li>\n \t<li>Transmisi\u00f3n autom\u00e1tica de 9 velocidades<\/li>\n \t<li>Convertidor Transmisi\u00f3n h\u00edbrida<\/li>\n \t<li>Ecolite para Recogidas<\/li>\n<\/ul>\n<h3>  Ejes y recambios originales ZF para camiones, autobuses y turismos<\/h3>\nZF ofrece sistemas completos de ejes delanteros y traseros para camiones, incluyendo suspensiones de ruedas, suspensiones, amortiguadores y frenos utilizados por fabricantes de veh\u00edculos de todo el mundo. Para el mercado posventa, ZF suministra recambios originales compatibles para la reparaci\u00f3n y el mantenimiento de ejes de camiones, autobuses y turismos. \n<h4>Ejes nuevos y de recambio ZF para camiones, autobuses, turismos y veh\u00edculos comerciales ligeros<\/h4>\nZF suministra ejes nuevos y de repuesto. Un eje de repuesto para camiones, autobuses o coches es una alternativa r\u00e1pida, econ\u00f3mica y ecol\u00f3gica a las reparaciones convencionales. Los ejes de recambio ZF cumplen las mismas normas de calidad que los de producci\u00f3n en serie. Los clientes tambi\u00e9n se benefician de los avances t\u00e9cnicos de los ejes de producci\u00f3n en serie, ya que ZF los integra en el proceso de refabricaci\u00f3n. Los ejes de recambio ZF tienen un a\u00f1o de garant\u00eda.    \n\n<img class=\"alignnone size-full wp-image-1737\" src=\"https:\/\/konpart.de\/wp-content\/uploads\/2024\/11\/ZF-AVE-130_small.webp\" alt=\"\" width=\"700\" height=\"478\">\n<h5>Ejes ZF para camiones:<\/h5>\n<ul>\n \t<li>AVE 130<\/li>\n \t<li>Eje de direcci\u00f3n planetario APL 90<\/li>\n \t<li>Suspensi\u00f3n Trasera Doble Eje<\/li>\n<\/ul>\n<h5>Ejes ZF para autobuses:<\/h5>\n<ul>\n \t<li>Eje Portal AV110 para autobuses Midi<\/li>\n \t<li>Sistema AVE 130<\/li>\n \t<li>Sistema de eje trasero A 132<\/li>\n \t<li>Sistema de eje trasero AV 133<\/li>\n<\/ul>\n<h5>Ejes ZF para autom\u00f3viles:<\/h5>\n<ul>\n \t<li>Eje accionado de viga maciza<\/li>\n \t<li>Unidad de toma de fuerza de 1 etapa<\/li>\n \t<li>Unidad de toma de fuerza de 2 etapas<\/li>\n \t<li>Accionamiento del eje delantero por motor<\/li>\n \t<li>Tracci\u00f3n del eje delantero al bastidor<\/li>\n \t<li>Tracci\u00f3n trasera HAG<\/li>\n \t<li>Accionamiento Vectorial<\/li>\n<\/ul>\n<h4>Recambios originales ZF para ejes de camiones, autobuses y turismos<\/h4>\nZF tiene en stock m\u00e1s de 100.000 piezas de recambio para todo tipo de ejes de camiones, autobuses y turismos. Todas las piezas de recambio ZF se fabrican con los mismos procesos de fabricaci\u00f3n que los componentes de producci\u00f3n en serie de ZF y est\u00e1n sujetas a los mismos procesos de calidad e inspecci\u00f3n. ZF ofrece una garant\u00eda de hasta 10 a\u00f1os tras la retirada de la producci\u00f3n en serie, e incluso m\u00e1s para ejes ZF espec\u00edficos.  ","catalog":null,"logo-reihenfolge":1,"spare-part-table":""},"_links":{"self":[{"href":"https:\/\/konpart.de\/es\/wp-json\/wp\/v2\/product\/4118","targetHints":{"allow":["GET"]}}],"collection":[{"href":"https:\/\/konpart.de\/es\/wp-json\/wp\/v2\/product"}],"about":[{"href":"https:\/\/konpart.de\/es\/wp-json\/wp\/v2\/types\/product"}],"wp:featuredmedia":[{"embeddable":true,"href":"https:\/\/konpart.de\/es\/wp-json\/wp\/v2\/media\/3715"}],"wp:attachment":[{"href":"https:\/\/konpart.de\/es\/wp-json\/wp\/v2\/media?parent=4118"}],"wp:term":[{"taxonomy":"product-type","embeddable":true,"href":"https:\/\/konpart.de\/es\/wp-json\/wp\/v2\/product-type?post=4118"}],"curies":[{"name":"wp","href":"https:\/\/api.w.org\/{rel}","templated":true}]}}