{"id":4119,"date":"2025-05-16T11:39:33","date_gmt":"2025-05-16T09:39:33","guid":{"rendered":"https:\/\/konpart.de\/product\/trw\/"},"modified":"2025-10-14T13:47:01","modified_gmt":"2025-10-14T11:47:01","slug":"trw","status":"publish","type":"product","link":"https:\/\/konpart.de\/es\/product\/trw\/","title":{"rendered":"TRW"},"excerpt":{"rendered":"<p>TRW, una marca de ZF Aftermarket, es l\u00edder mundial en sistemas de seguridad para autom\u00f3viles, y ofrece componentes de frenado, direcci\u00f3n y suspensi\u00f3n de primer nivel. Como exportador alem\u00e1n de confianza de piezas de recambio con calidad de posventa y equipo original, suministramos una gama completa de productos TRW originales a nuestros clientes exportadores que exigen rendimiento, fiabilidad y seguridad. <\/p>\n","protected":false},"featured_media":3695,"template":"","meta":{"_acf_changed":false},"product-type":[],"class_list":["post-4119","product","type-product","status-publish","has-post-thumbnail","hentry"],"acf":{"product-claim":"Seguridad y rendimiento en los que puedes confiar","product-description":"<strong>Tu socio global para productos originales TRW y recambios de calidad de equipo original de Alemania<\/strong>\n\nTRW, una marca de ZF Aftermarket, es l\u00edder mundial en sistemas de seguridad para autom\u00f3viles, y ofrece componentes de frenado, direcci\u00f3n y suspensi\u00f3n de primer nivel. Como exportador alem\u00e1n de confianza de piezas de recambio con calidad de posventa y equipo original, suministramos una gama completa de productos TRW originales a nuestros clientes exportadores que exigen rendimiento, fiabilidad y seguridad. \n\nCon una rica herencia en innovaci\u00f3n e ingenier\u00eda de precisi\u00f3n, los productos TRW est\u00e1n dise\u00f1ados para cumplir las rigurosas normas de los fabricantes de equipos originales. Tanto si buscas pastillas de freno, discos, pinzas, brazos de suspensi\u00f3n o componentes de direcci\u00f3n, TRW ofrece una calidad y consistencia inigualables. \n\n<strong>\u00bfPor qu\u00e9 TRW?<\/strong>\n<ul>\n \t<li><strong>Componentes de calidad de Equipo Original:<\/strong> Las piezas TRW se fabrican para cumplir o superar las especificaciones de los equipos originales para una seguridad y un rendimiento \u00f3ptimos.<\/li>\n \t<li><strong>Experiencia alemana en recambios:<\/strong> De confianza en todo el mundo, los productos TRW reflejan la excelencia de la ingenier\u00eda y los est\u00e1ndares de producci\u00f3n alemanes.<\/li>\n \t<li><strong>Amplia cartera de productos:<\/strong> Exportamos una gama completa de productos TRW para veh\u00edculos europeos, asi\u00e1ticos y americanos.<\/li>\n \t<li><strong>Soluciones de posventa:<\/strong> Ideales para talleres, distribuidores y operadores de flotas que buscan piezas de recambio fiables con garant\u00eda de nivel de Equipo Original.<\/li>\n<\/ul>\nComo <strong>exportador alem\u00e1n<\/strong> especializado, nos centramos en suministrar piezas de recambio TRW de forma eficaz y fiable a los clientes de nuestros mercados de exportaci\u00f3n. Nuestra experiencia log\u00edstica garantiza una manipulaci\u00f3n r\u00e1pida, precios competitivos y soluciones de exportaci\u00f3n personalizadas para satisfacer tus necesidades exactas. \n\n<strong>Exporta productos TRW con confianza<\/strong>\n\nCon a\u00f1os de experiencia en la distribuci\u00f3n internacional de recambios alemanes, garantizamos componentes TRW genuinos obtenidos directamente de TRW en Alemania. Tanto si quieres almacenar productos TRW esenciales como si buscas componentes dif\u00edciles de encontrar, somos tu socio de exportaci\u00f3n. \n\n<strong>Elige calidad. Elige seguridad. Elige TRW - exportado directamente desde Alemania.  <\/strong>","catalog":null,"logo-reihenfolge":12,"spare-part-table":""},"_links":{"self":[{"href":"https:\/\/konpart.de\/es\/wp-json\/wp\/v2\/product\/4119","targetHints":{"allow":["GET"]}}],"collection":[{"href":"https:\/\/konpart.de\/es\/wp-json\/wp\/v2\/product"}],"about":[{"href":"https:\/\/konpart.de\/es\/wp-json\/wp\/v2\/types\/product"}],"wp:featuredmedia":[{"embeddable":true,"href":"https:\/\/konpart.de\/es\/wp-json\/wp\/v2\/media\/3695"}],"wp:attachment":[{"href":"https:\/\/konpart.de\/es\/wp-json\/wp\/v2\/media?parent=4119"}],"wp:term":[{"taxonomy":"product-type","embeddable":true,"href":"https:\/\/konpart.de\/es\/wp-json\/wp\/v2\/product-type?post=4119"}],"curies":[{"name":"wp","href":"https:\/\/api.w.org\/{rel}","templated":true}]}}