{"id":4122,"date":"2024-11-22T12:00:25","date_gmt":"2024-11-22T11:00:25","guid":{"rendered":"https:\/\/konpart.de\/product\/trucktec\/"},"modified":"2025-10-14T13:47:12","modified_gmt":"2025-10-14T11:47:12","slug":"trucktec","status":"publish","type":"product","link":"https:\/\/konpart.de\/es\/product\/trucktec\/","title":{"rendered":"Trucktec"},"excerpt":{"rendered":"<p>TRUCKTEC es una marca alemana de recambios de alta calidad para los principales fabricantes europeos de veh\u00edculos.<\/p>\n","protected":false},"featured_media":3691,"template":"","meta":{"_acf_changed":false},"product-type":[],"class_list":["post-4122","product","type-product","status-publish","has-post-thumbnail","hentry"],"acf":{"product-claim":"Calidad sin compromisos","product-description":"TRUCKTEC es una marca alemana de recambios de alta calidad para los principales fabricantes europeos de veh\u00edculos.\n<h3>El enfoque de la gama completa<\/h3>\nLa gama de productos de TRUCKTEC abarca hoy m\u00e1s de 15.000 art\u00edculos y est\u00e1 en continuo crecimiento. TRUCKTEC sigue un enfoque de gama completa para sus principales marcas de aplicaci\u00f3n, ofreciendo una gama de productos casi completa, como: \n\nCulatas, piezas m\u00f3viles, piezas de sincronizaci\u00f3n del motor, piezas del sistema de inyecci\u00f3n, filtros de aire y turbocompresores, compresores de aire, colectores de admisi\u00f3n y escape, piezas del equipo el\u00e9ctrico, piezas del sistema de refrigeraci\u00f3n del motor, piezas de la suspensi\u00f3n del motor, piezas del embrague, piezas de la transmisi\u00f3n manual, piezas de muelles y suspensi\u00f3n, piezas de ejes, ejes de h\u00e9lice, piezas de frenos, piezas de la direcci\u00f3n, piezas del sistema de combustible, piezas del sistema de escape, radiadores, piezas del sistema hidr\u00e1ulico, piezas de calefacci\u00f3n y ventilaci\u00f3n, etc.\n\n[ws-catalog]\n<h3>Principales aplicaciones europeas<\/h3>\nTRUCKTEC, que empez\u00f3 en 1980 con piezas para camiones MERCEDES-BENZ, ofrece hoy una enorme cantidad de piezas de recambio para turismos, veh\u00edculos comerciales ligeros, camiones y autobuses de muchos fabricantes. Aproximadamente la mitad de la gama de recambios de TRUCKTEC son piezas para camiones o autobuses. \n\nLas principales marcas de aplicaci\u00f3n de TRUCKTEC:\n<ul>\n \t<li>\n<h4>Coches<\/h4>\n<ul>\n \t<li>MERCEDES-BENZ<\/li>\n \t<li>AUDI<\/li>\n \t<li>BMW<\/li>\n<\/ul>\n<\/li>\n \t<li>\n<h4>Veh\u00edculos comerciales ligeros<\/h4>\n<ul>\n \t<li>MERCEDES-BENZ<\/li>\n \t<li>VW<\/li>\n<\/ul>\n<\/li>\n \t<li>\n<h4>Camiones y autobuses<\/h4>\n<ul>\n \t<li>MERCEDES-BENZ<\/li>\n \t<li>HOMBRE<\/li>\n \t<li>VOLVO<\/li>\n \t<li>SCANIA<\/li>\n<\/ul>\n<\/li>\n<\/ul>\n<h3>Calidad sin compromisos<\/h3>\nTodas las piezas TRUCKTEC se fabrican seg\u00fan las normas de calidad m\u00e1s exigentes, homologadas y supervisadas constantemente en Alemania. La mayor\u00eda de las piezas TRUCKTEC proceden de proveedores de renombre, algunos de ellos fabricantes l\u00edderes de equipos originales. Todos los proveedores est\u00e1n certificados seg\u00fan TS 16949 o similar.  ","catalog":[{"catalog-name":"TRUCKTEC MERCEDES-BENZ Cat\u00e1logo de piezas de recambio 2013","catalog-description":"Cat\u00e1logo de recambios de gama completa TRUCKTEC para turismos MERCEDES-BENZ. 430 p\u00e1ginas, incluidas las referencias OE al final. En ingl\u00e9s y alem\u00e1n.  ","katalog-cover":1671,"katalog-file":1691},{"catalog-name":"TRUCKTEC MERCEDES-BENZ Cat\u00e1logo de piezas LCV 2013","catalog-description":"Cat\u00e1logo de recambios de gama completa de TRUCKTEC para veh\u00edculos comerciales ligeros MERCEDES-BENZ como MB Sprinter. 314 p\u00e1ginas, incluidos los intercambios OE al final. En ingl\u00e9s y alem\u00e1n.  ","katalog-cover":1675,"katalog-file":1695},{"catalog-name":"Cat\u00e1logo de piezas de recambio TRUCKTEC VOLKSWAGEN LCV 2013","catalog-description":"Cat\u00e1logo de recambios TRUCKTEC de gama completa para veh\u00edculos comerciales ligeros VOLKSWAGEN como VW LT, T2, T3, T4, etc. 78 p\u00e1ginas, incluidos los intercambios OE al final. En ingl\u00e9s y alem\u00e1n. ","katalog-cover":1675,"katalog-file":1707},{"catalog-name":"TRUCKTEC MERCEDES-BENZ EJE ACTROS ATEGO Cat\u00e1logo de piezas 2014","catalog-description":"Cat\u00e1logo TRUCKTEC de toda la gama de recambios MERCEDES-BENZ ACTROS, AXOR, ATEGO. A\u00f1o 2014, 238 p\u00e1ginas incluyendo intercambios OE al final. En ingl\u00e9s, franc\u00e9s y alem\u00e1n.  ","katalog-cover":1679,"katalog-file":1687},{"catalog-name":"TRUCKTEC MERCEDES-BENZ OM300 \/ OM400 Cat\u00e1logo de piezas 2012","catalog-description":"Cat\u00e1logo de recambios de gama completa de TRUCKTEC para aplicaciones MERCEDES-BENZ OM300 y OM 400 antiguas. 560 p\u00e1ginas, incluidos los intercambios OE al final. En ingl\u00e9s y alem\u00e1n.  ","katalog-cover":1679,"katalog-file":1699},{"catalog-name":"Cat\u00e1logo de piezas TRUCKTEC MAN 2013","catalog-description":"Cat\u00e1logo TRUCKTEC 2013 para aplicaciones MAN, cobertura de toda la gama. 282 p\u00e1ginas, incluidos los intercambios OE. En ingl\u00e9s y alem\u00e1n.  ","katalog-cover":1679,"katalog-file":1683},{"catalog-name":"Cat\u00e1logo de Piezas de Camiones VOLVO TRUCKTEC 2014","catalog-description":"Cat\u00e1logo VOLVO 2014 de TRUCKTEC, que abarca una gran cantidad de art\u00edculos para muchos modelos VOLVO. 198 p\u00e1ginas, incluidos los intercambios de n\u00fameros OE de VOLVO. En ingl\u00e9s y alem\u00e1n.  ","katalog-cover":1679,"katalog-file":1711},{"catalog-name":"Cat\u00e1logo de piezas TRUCKTEC SCANIA & VOLVO 2011","catalog-description":"Cat\u00e1logo de toda la gama SCANIA y VOLVO 2011 de TRUCKTEC (para piezas VOLVO, consulta el cat\u00e1logo VOLVO 2014 de TRUCKTEC). 288 p\u00e1ginas con n\u00fameros de referencia de Equipo Original SCANIA y VOLVO al final. En ingl\u00e9s, franc\u00e9s y alem\u00e1n.  ","katalog-cover":1679,"katalog-file":1703}],"logo-reihenfolge":"","spare-part-table":""},"_links":{"self":[{"href":"https:\/\/konpart.de\/es\/wp-json\/wp\/v2\/product\/4122","targetHints":{"allow":["GET"]}}],"collection":[{"href":"https:\/\/konpart.de\/es\/wp-json\/wp\/v2\/product"}],"about":[{"href":"https:\/\/konpart.de\/es\/wp-json\/wp\/v2\/types\/product"}],"wp:featuredmedia":[{"embeddable":true,"href":"https:\/\/konpart.de\/es\/wp-json\/wp\/v2\/media\/3691"}],"wp:attachment":[{"href":"https:\/\/konpart.de\/es\/wp-json\/wp\/v2\/media?parent=4122"}],"wp:term":[{"taxonomy":"product-type","embeddable":true,"href":"https:\/\/konpart.de\/es\/wp-json\/wp\/v2\/product-type?post=4122"}],"curies":[{"name":"wp","href":"https:\/\/api.w.org\/{rel}","templated":true}]}}