{"id":4125,"date":"2024-11-22T11:04:00","date_gmt":"2024-11-22T10:04:00","guid":{"rendered":"https:\/\/konpart.de\/product\/optimo\/"},"modified":"2025-10-14T13:47:14","modified_gmt":"2025-10-14T11:47:14","slug":"optimo","status":"publish","type":"product","link":"https:\/\/konpart.de\/es\/product\/optimo\/","title":{"rendered":"\u00d3ptimo"},"excerpt":{"rendered":"<p>OPTIMAL KG suministra piezas de recambio de calidad para ejes, frenos, mecanismos de direcci\u00f3n, motores y otros productos de automoci\u00f3n desde su fundaci\u00f3n en 1992.<\/p>\n","protected":false},"featured_media":3659,"template":"","meta":{"_acf_changed":false},"product-type":[],"class_list":["post-4125","product","type-product","status-publish","has-post-thumbnail","hentry"],"acf":{"product-claim":"Productos \u00f3ptimos","product-description":"OPTIMAL KG suministra piezas de recambio de calidad para ejes, frenos, mecanismos de direcci\u00f3n, motores y otros productos de automoci\u00f3n desde su fundaci\u00f3n en 1992.\n\nEl fuerte crecimiento de nuestra empresa demuestra que nuestros conceptos de primera calidad han obtenido la aprobaci\u00f3n tanto de clientes como de proveedores.\n\nLa cooperaci\u00f3n minuciosa y directa con los clientes es el centro de lo que hacemos. La calidad de nuestros productos y nuestro alt\u00edsimo nivel de servicio son fundamentales para lograr la satisfacci\u00f3n del cliente. La calidad es uno de nuestros objetivos empresariales m\u00e1s importantes.  \n\nOPTIMAL KG suministra piezas al mercado posventa procedentes de socios de producci\u00f3n de todo el mundo, fabricantes de equipos originales y proveedores de calidad. A pesar de su gran crecimiento, OPTIMAL KG ha seguido siendo una empresa transparente, estructurada y accesible, que goza de gran flexibilidad y fidelidad de sus empleados. \n\nLos modernos sistemas de comunicaci\u00f3n y log\u00edstica y un amplio stock hacen que los productos se entreguen a tiempo con un servicio excelente. Todos los productos son de primera calidad y cumplen las normas europeas e internacionales para el mercado posventa, por ejemplo, las normas del fabricante TS 16949, QS 9000, VDA 6.1, ISO 9001:2000 y, en particular, el reglamento de exenci\u00f3n por categor\u00edas n\u00ba 1400\/2002. \n\n[ws-catalog]","catalog":[{"catalog-name":"Cat\u00e1logo Sensor ABS OPTIMAL","catalog-description":"","katalog-cover":1356,"katalog-file":1408},{"catalog-name":"Cat\u00e1logo de kits de tensores de correa OPTIMAL","catalog-description":"","katalog-cover":1360,"katalog-file":1412},{"catalog-name":"Cat\u00e1logo Sistema de Frenos OPTIMAL","catalog-description":"","katalog-cover":1364,"katalog-file":1416},{"catalog-name":"Cat\u00e1logo Muelles helicoidales OPTIMAL","catalog-description":"","katalog-cover":1368,"katalog-file":1420},{"catalog-name":"Cat\u00e1logo Muelles de gas OPTIMAL","catalog-description":"","katalog-cover":1372,"katalog-file":1424},{"catalog-name":"Cat\u00e1logo de piezas met\u00e1licas de caucho OPTIMAL","catalog-description":"","katalog-cover":1376,"katalog-file":1428},{"catalog-name":"Cat\u00e1logo Amortiguadores OPTIMAL","catalog-description":"","katalog-cover":1380,"katalog-file":1432},{"catalog-name":"Cat\u00e1logo Recambios OPTIMAL Veh\u00edculos Comerciales Ligeros","catalog-description":"","katalog-cover":1384,"katalog-file":1436},{"catalog-name":"Cat\u00e1logo de bombas de direcci\u00f3n OPTIMAL","catalog-description":"","katalog-cover":1388,"katalog-file":1440},{"catalog-name":"Cat\u00e1logo de piezas de direcci\u00f3n y suspensi\u00f3n OPTIMAL","catalog-description":"","katalog-cover":1392,"katalog-file":1444},{"catalog-name":"Cat\u00e1logo de bombas de agua OPTIMAL","catalog-description":"","katalog-cover":1396,"katalog-file":1448},{"catalog-name":"Cat\u00e1logo de kits de cojinetes de rueda OPTIMAL","catalog-description":"","katalog-cover":1400,"katalog-file":1452}],"logo-reihenfolge":"","spare-part-table":""},"_links":{"self":[{"href":"https:\/\/konpart.de\/es\/wp-json\/wp\/v2\/product\/4125","targetHints":{"allow":["GET"]}}],"collection":[{"href":"https:\/\/konpart.de\/es\/wp-json\/wp\/v2\/product"}],"about":[{"href":"https:\/\/konpart.de\/es\/wp-json\/wp\/v2\/types\/product"}],"wp:featuredmedia":[{"embeddable":true,"href":"https:\/\/konpart.de\/es\/wp-json\/wp\/v2\/media\/3659"}],"wp:attachment":[{"href":"https:\/\/konpart.de\/es\/wp-json\/wp\/v2\/media?parent=4125"}],"wp:term":[{"taxonomy":"product-type","embeddable":true,"href":"https:\/\/konpart.de\/es\/wp-json\/wp\/v2\/product-type?post=4125"}],"curies":[{"name":"wp","href":"https:\/\/api.w.org\/{rel}","templated":true}]}}