{"id":4126,"date":"2024-11-22T11:26:18","date_gmt":"2024-11-22T10:26:18","guid":{"rendered":"https:\/\/konpart.de\/product\/victor-reinz\/"},"modified":"2025-10-14T13:47:14","modified_gmt":"2025-10-14T11:47:14","slug":"victor-reinz","status":"publish","type":"product","link":"https:\/\/konpart.de\/es\/product\/victor-reinz\/","title":{"rendered":"Victor Reinz"},"excerpt":{"rendered":"<p>VICTOR REINZ &#8211; Como parte del grupo DANA, VICTOR REINZ es uno de los principales fabricantes mundiales de productos de estanquidad para la industria del autom\u00f3vil.<\/p>\n","protected":false},"featured_media":3675,"template":"","meta":{"_acf_changed":false},"product-type":[],"class_list":["post-4126","product","type-product","status-publish","has-post-thumbnail","hentry"],"acf":{"product-claim":"Como parte del grupo DANA, VICTOR REINZ es uno de los principales fabricantes mundiales de productos de estanquidad para la industria del autom\u00f3vil.","product-description":"VICTOR REINZ - Como parte del grupo DANA, VICTOR REINZ es uno de los principales fabricantes mundiales de productos de estanquidad para la industria del autom\u00f3vil.\n\nGracias a su experiencia de m\u00e1s de 90 a\u00f1os en tecnolog\u00edas innovadoras de juntas y a sus elevados est\u00e1ndares de calidad, los productos VICTOR REINZ se incorporan a casi todos los modelos de fabricantes de autom\u00f3viles del mundo.\n\n[ws-catalog]\n\nComo fabricante de equipos originales, la amplia gama de piezas de recambio de VICTOR REINZ s\u00f3lo cumple los m\u00e1s altos est\u00e1ndares de calidad de los fabricantes de equipos originales. Las piezas de recambio de VICTOR REINZ se aplican a: \n<ul>\n \t<li>Coches: Alfa Romeo, Asia, Audi, Austin, BMW, Chrysler, Citro\u00ebn, Dacia, Daewoo-Chevrolet, Daihatsu, Fiat, Ford, Honda, Hyundai, Isuzu, Jeep, Kia, Lada, Lancia, Land Rover, Lexus, Mazda, Mercedes-Benz, Mini, Mitsubishi, Nissan, Opel, Peugeot, Porsche, Renault, Rover, Saab, Seat, Skoda, Smart-MCC, Ssang Yong, Subaru, Suzuki, Toyota, Volkswagen, Volvo.<\/li>\n \t<li>Camiones: DAF, Deutz, Iveco, MAN, Mercedes-Benz, Renault RVI, Scania, Volvo, Volvo Penta.<\/li>\n \t<li>Maquinaria Agr\u00edcola, Construcci\u00f3n, Miner\u00eda: Allis Chalmers, Bielorrusia, Caterpillar, Cummins, David Brown, Deutz, Ebro, Fendt, Fiat, Ford, Gueldner, IHC Case, John Deere, MWM, New Holland, Perkins, Porsche Diesel, Renault, RVI, Same, Valmet, Zetor.<\/li>\n<\/ul>\nComo mayorista autorizado de VICTOR REINZ, KonPart Import-Export GmbH exporta toda la gama completa de productos VICTOR REINZ, como por ejemplo:\n<ul>\n \t<li>Juegos de juntas \/ Kits de revisi\u00f3n REINZ<\/li>\n \t<li>REINZ Junta de culata \/ Juntas superiores<\/li>\n \t<li>Tornillos de culata REINZ<\/li>\n \t<li>Juntas de Tapa de V\u00e1lvula REINZ<\/li>\n \t<li>REINZ Juntas de V\u00e1stago de V\u00e1lvula \/ Retenes de V\u00e1lvula<\/li>\n \t<li>Junta de admisi\u00f3n REINZ<\/li>\n \t<li>Junta de escape REINZ<\/li>\n \t<li>Junta del c\u00e1rter de aceite REINZ<\/li>\n \t<li>Retenes REINZ<\/li>\n \t<li>Compuestos sellantes y eliminadores de juntas REINZ<\/li>\n \t<li>Kits de turbocompresor REINZ<\/li>\n<\/ul>\n<h3>Juegos de juntas REINZ y juntas de culata REINZ<\/h3>\nVICTOR REINZ ofrece una de las l\u00edneas de productos m\u00e1s amplias de juegos de juntas completas y juntas de culata para todos los turismos y camiones europeos de corta disponibilidad. Adem\u00e1s de los kits de revisi\u00f3n REINZ y las juntas de culata REINZ para modelos europeos, VICTOR REINZ ofrece una amplia gama de recambios tambi\u00e9n para veh\u00edculos asi\u00e1ticos. \n<h3>Conjuntos especiales REINZ<\/h3>\nVICTOR REINZ ofrece una amplia gama de juegos de juntas especiales de calidad OEM para la revisi\u00f3n de c\u00e1rteres, c\u00e1rteres de aceite, tubos de escape, v\u00e1stagos de v\u00e1lvulas y radiadores de aceite.\n<h3>Compuestos sellantes y eliminadores de juntas REINZ<\/h3>\nCon los compuestos sellantes VICTOR REINZ s\u00f3lo necesitas dos tipos para cubrir cualquier aplicaci\u00f3n en un motor, un sistema de escape, una cadena cinem\u00e1tica o una carrocer\u00eda, en lugar de cuatro, seis o incluso ocho compuestos sellantes diferentes:\n<ul>\n \t<li>REINZOSIL<\/li>\n \t<li>REINZOPLAST<\/li>\n<\/ul>\nComo eliminador de juntas, VICTOR REINZ ofrece REINZ Re-Move.\n<h3>Kits de montaje de turbocompresores REINZ<\/h3>\nLos kits de montaje de turbocompresores VICTOR REINZ ofrecen paquetes eficaces para minoristas y talleres para sustituir e instalar turbocompresores de \u00faltima generaci\u00f3n de forma segura, r\u00e1pida y con costes optimizados. Los kits de montaje de turbocompresores REINZ son la soluci\u00f3n perfecta para la sustituci\u00f3n de turbocompresores. \n\nLos kits de turbocompresor VICTOR REINZ contienen todas las juntas y piezas de recambio que necesitas para garantizar unos resultados eficaces y profesionales:\n<ul>\n \t<li>Juntas del colector de escape<\/li>\n \t<li>Protectores t\u00e9rmicos<\/li>\n \t<li>Clips de sujeci\u00f3n del tubo de escape<\/li>\n \t<li>Abrazaderas de escape con pernos<\/li>\n \t<li>Juntas t\u00f3ricas<\/li>\n \t<li>Anillos de goma moldeados<\/li>\n \t<li>Arandelas met\u00e1licas<\/li>\n \t<li>Juntas secundarias altamente resistentes al calor<\/li>\n \t<li>Esp\u00e1rragos para la junta del colector de escape<\/li>\n \t<li>Conexiones de esp\u00e1rragos y tuercas altamente resistentes al calor<\/li>\n \t<li>Juntas del turbocompresor (extremos de admisi\u00f3n y escape)<\/li>\n<\/ul>","catalog":[{"catalog-name":"VICTOR REINZ Juntas y Retenes Cat\u00e1logo Coches 2015-2016","catalog-description":"El Cat\u00e1logo de Juntas VICTOR REINZ incluye juegos completos de juntas, juntas de culata, retenes de aceite, tapas de balancines, etc. para todos los autom\u00f3viles corrientes, indicando los n\u00fameros de referencia y las aplicaciones de motor y veh\u00edculo. Busca por fabricantes de equipos originales o utiliza la lista de referencias cruzadas al final del cat\u00e1logo. Multiling\u00fce en ingl\u00e9s, espa\u00f1ol, franc\u00e9s, portugu\u00e9s, etc.  ","katalog-cover":1491,"katalog-file":1507},{"catalog-name":"VICTOR REINZ Juntas y Retenes Camiones y Autobuses Cat\u00e1logo 2015-2016","catalog-description":"El Cat\u00e1logo de Juntas VICTOR REINZ para todos los camiones, autobuses y remolques habituales incluye juegos completos de juntas, juntas de culata, retenes de aceite, tapas de balancines, etc. Busca por fabricantes de equipos originales o utiliza la lista de referencias cruzadas al final del cat\u00e1logo. Multiling\u00fce en ingl\u00e9s, espa\u00f1ol, franc\u00e9s, portugu\u00e9s, etc.  ","katalog-cover":1495,"katalog-file":1511},{"catalog-name":"VICTOR REINZ Cat\u00e1logo de Juntas y Retenes para Maquinaria Agr\u00edcola y de Construcci\u00f3n 2015-2016","catalog-description":"El cat\u00e1logo de juntas VICTOR REINZ para maquinaria com\u00fan de construcci\u00f3n y agr\u00edcola \/ tractores incluye juegos completos de juntas, juntas de culata, kits de tornillos, retenes de aceite, etc. Busca por fabricantes de equipos originales o utiliza la lista de referencias cruzadas al final del cat\u00e1logo. Multiling\u00fce en ingl\u00e9s, espa\u00f1ol, franc\u00e9s, portugu\u00e9s, etc.  ","katalog-cover":1487,"katalog-file":1503},{"catalog-name":"VICTOR REINZ Kits de turboalimentaci\u00f3n Cat\u00e1logo 2015-2016","catalog-description":"Cat\u00e1logo de kits de turbos VICTOR REINZ para turismos, camiones, autobuses y maquinaria agr\u00edcola com\u00fan. Ilustraciones detalladas de todas las juntas y piezas de recambio que vienen con cada kit. Busca por fabricantes de equipos originales o utiliza la lista de referencias cruzadas al final del cat\u00e1logo. Multiling\u00fce en ingl\u00e9s, espa\u00f1ol, franc\u00e9s, portugu\u00e9s, etc.   ","katalog-cover":1499,"katalog-file":1515}],"logo-reihenfolge":5,"spare-part-table":""},"_links":{"self":[{"href":"https:\/\/konpart.de\/es\/wp-json\/wp\/v2\/product\/4126","targetHints":{"allow":["GET"]}}],"collection":[{"href":"https:\/\/konpart.de\/es\/wp-json\/wp\/v2\/product"}],"about":[{"href":"https:\/\/konpart.de\/es\/wp-json\/wp\/v2\/types\/product"}],"wp:featuredmedia":[{"embeddable":true,"href":"https:\/\/konpart.de\/es\/wp-json\/wp\/v2\/media\/3675"}],"wp:attachment":[{"href":"https:\/\/konpart.de\/es\/wp-json\/wp\/v2\/media?parent=4126"}],"wp:term":[{"taxonomy":"product-type","embeddable":true,"href":"https:\/\/konpart.de\/es\/wp-json\/wp\/v2\/product-type?post=4126"}],"curies":[{"name":"wp","href":"https:\/\/api.w.org\/{rel}","templated":true}]}}