{"id":4127,"date":"2024-11-22T10:59:35","date_gmt":"2024-11-22T09:59:35","guid":{"rendered":"https:\/\/konpart.de\/product\/nissens\/"},"modified":"2025-10-14T13:47:13","modified_gmt":"2025-10-14T11:47:13","slug":"nissens","status":"publish","type":"product","link":"https:\/\/konpart.de\/es\/product\/nissens\/","title":{"rendered":"Nissens"},"excerpt":{"rendered":"<p>Desde 1921, Nissens ha desarrollado, fabricado y suministrado una amplia gama de piezas de recambio para autom\u00f3viles, como radiadores, productos de climatizaci\u00f3n y soluciones t\u00e9rmicas para el mercado de recambios de automoci\u00f3n.<\/p>\n","protected":false},"featured_media":3647,"template":"","meta":{"_acf_changed":false},"product-type":[],"class_list":["post-4127","product","type-product","status-publish","has-post-thumbnail","hentry"],"acf":{"product-claim":"Productos Nissens","product-description":"<h3>Piezas de recambio de refrigeraci\u00f3n del motor, emisiones y climatizaci\u00f3n para el mercado de recambios de automoci\u00f3n<\/h3>\nDesde 1921, Nissens ha desarrollado, fabricado y suministrado una amplia gama de piezas de recambio para autom\u00f3viles, como radiadores, productos de climatizaci\u00f3n y soluciones t\u00e9rmicas para el mercado de recambios de automoci\u00f3n.\n<h3>Calidad, gama y experiencia<\/h3>\nComo IAM l\u00edder del mercado de la mayor\u00eda de los componentes esenciales del sistema t\u00e9rmico, Nissens ofrece una amplia gama de productos con una cobertura casi completa del parque automovil\u00edstico, que abarca desde las piezas m\u00e1s r\u00e1pidas hasta las m\u00e1s ex\u00f3ticas de las aplicaciones de los veh\u00edculos europeos, asi\u00e1ticos y americanos. Con m\u00e1s de 10.000 art\u00edculos, Nissens ofrece probablemente la gama m\u00e1s amplia de piezas de refrigeraci\u00f3n del motor al mercado de recambios. \n\nTodos los productos y servicios de Nissens nacen del deseo de ofrecer la soluci\u00f3n \u00f3ptima a cualquier necesidad. Para ello se requiere no s\u00f3lo un s\u00f3lido conocimiento de la tecnolog\u00eda, las posibilidades y los mercados, sino tambi\u00e9n una curiosidad continua. Curiosidad significa no conformarse con nada que no sea lo mejor, por lo que siempre hay que seguir nuevos caminos, desarrollar soluciones eficaces y optimizar los productos existentes. Cada producto es el resultado del desarrollo, las pruebas y la evaluaci\u00f3n, y el desarrollo en un campo a menudo conduce a resultados que pueden utilizarse en otros campos. De este modo, el desarrollo resultante puede conducir a la optimizaci\u00f3n tanto de las rutinas de trabajo como de los m\u00e9todos de producci\u00f3n y la elecci\u00f3n de materiales, lo que, por supuesto, beneficiar\u00e1 a nuestros clientes.    \n<h3>Exportador autorizado de Nissens<\/h3>\nComo exportador autorizado, KonPart Import-Export GmbH suministra a sus clientes toda la gama de productos de Nissens, como radiadores, radiadores de aceite, intercoolers, ventiladores y sopladores.\n\n[table id=\"14\" \/]","catalog":null,"logo-reihenfolge":23,"spare-part-table":"[table id=\"14\" \/]"},"_links":{"self":[{"href":"https:\/\/konpart.de\/es\/wp-json\/wp\/v2\/product\/4127","targetHints":{"allow":["GET"]}}],"collection":[{"href":"https:\/\/konpart.de\/es\/wp-json\/wp\/v2\/product"}],"about":[{"href":"https:\/\/konpart.de\/es\/wp-json\/wp\/v2\/types\/product"}],"wp:featuredmedia":[{"embeddable":true,"href":"https:\/\/konpart.de\/es\/wp-json\/wp\/v2\/media\/3647"}],"wp:attachment":[{"href":"https:\/\/konpart.de\/es\/wp-json\/wp\/v2\/media?parent=4127"}],"wp:term":[{"taxonomy":"product-type","embeddable":true,"href":"https:\/\/konpart.de\/es\/wp-json\/wp\/v2\/product-type?post=4127"}],"curies":[{"name":"wp","href":"https:\/\/api.w.org\/{rel}","templated":true}]}}