{"id":4129,"date":"2024-11-22T11:00:36","date_gmt":"2024-11-22T10:00:36","guid":{"rendered":"https:\/\/konpart.de\/product\/nural\/"},"modified":"2025-10-14T13:47:17","modified_gmt":"2025-10-14T11:47:17","slug":"nural","status":"publish","type":"product","link":"https:\/\/konpart.de\/es\/product\/nural\/","title":{"rendered":"N\u00fcral"},"excerpt":{"rendered":"<p>N\u00fcral est\u00e1 a la vanguardia de la tecnolog\u00eda de pistones, gracias al compromiso permanente de Federal-Mogul con la investigaci\u00f3n y el desarrollo (I+D). Los recientes avances en la tecnolog\u00eda de motores di\u00e9sel de inyecci\u00f3n directa habr\u00edan sido pr\u00e1cticamente imposibles sin los pistones N\u00fcral. <\/p>\n","protected":false},"featured_media":3655,"template":"","meta":{"_acf_changed":false},"product-type":[],"class_list":["post-4129","product","type-product","status-publish","has-post-thumbnail","hentry"],"acf":{"product-claim":"Productos Nural","product-description":"<h3>Promover el rendimiento y proteger el medio ambiente<\/h3>\nN\u00fcral est\u00e1 a la vanguardia de la tecnolog\u00eda de pistones, gracias al compromiso permanente de Federal-Mogul con la investigaci\u00f3n y el desarrollo (I+D). Los recientes avances en la tecnolog\u00eda de motores di\u00e9sel de inyecci\u00f3n directa habr\u00edan sido pr\u00e1cticamente imposibles sin los pistones N\u00fcral. \n\n[ws-catalog]\n\nN\u00fcral tiene a\u00f1os de experiencia en el desarrollo r\u00e1pido de productos, una tecnolog\u00eda de producci\u00f3n ultramoderna y un servicio flexible. Los pistones N\u00fcral no s\u00f3lo cumplen las normas m\u00e1s exigentes, sino que tambi\u00e9n contribuyen a la protecci\u00f3n del medio ambiente. \n\nFederal-Mogul ha combinado las l\u00edneas de productos de pist\u00f3n AE\u00ae y N\u00fcral para ofrecer una cobertura inigualable de aplicaciones en motores de gasolina y di\u00e9sel para los sectores de veh\u00edculos industriales, automoci\u00f3n, agr\u00edcola, marino e industrial.\n\nNuestra probada experiencia en ingenier\u00eda y fabricaci\u00f3n de componentes de Equipo Original beneficia directamente a nuestros clientes del mercado posventa. Ofrecemos una gama cada vez mayor de tecnolog\u00edas innovadoras dise\u00f1adas para resolver un problema, facilitar el trabajo o mejorar el rendimiento del veh\u00edculo. ","catalog":[{"catalog-name":"Cat\u00e1logo de pistones, camisas y conjuntos NURAL 2013-2014","catalog-description":"","katalog-cover":1347,"katalog-file":1351}],"logo-reihenfolge":19,"spare-part-table":""},"_links":{"self":[{"href":"https:\/\/konpart.de\/es\/wp-json\/wp\/v2\/product\/4129","targetHints":{"allow":["GET"]}}],"collection":[{"href":"https:\/\/konpart.de\/es\/wp-json\/wp\/v2\/product"}],"about":[{"href":"https:\/\/konpart.de\/es\/wp-json\/wp\/v2\/types\/product"}],"wp:featuredmedia":[{"embeddable":true,"href":"https:\/\/konpart.de\/es\/wp-json\/wp\/v2\/media\/3655"}],"wp:attachment":[{"href":"https:\/\/konpart.de\/es\/wp-json\/wp\/v2\/media?parent=4129"}],"wp:term":[{"taxonomy":"product-type","embeddable":true,"href":"https:\/\/konpart.de\/es\/wp-json\/wp\/v2\/product-type?post=4129"}],"curies":[{"name":"wp","href":"https:\/\/api.w.org\/{rel}","templated":true}]}}