{"id":4132,"date":"2024-11-21T16:28:18","date_gmt":"2024-11-21T15:28:18","guid":{"rendered":"https:\/\/konpart.de\/product\/moog\/"},"modified":"2025-10-14T13:58:31","modified_gmt":"2025-10-14T11:58:31","slug":"moog","status":"publish","type":"product","link":"https:\/\/konpart.de\/es\/product\/moog\/","title":{"rendered":"Moog"},"excerpt":{"rendered":"<p>Moog -la marca especializada en piezas de direcci\u00f3n y suspensi\u00f3n de Federal Mogul- lleva fabricando piezas de chasis, direcci\u00f3n y suspensi\u00f3n de alta calidad en EE.UU. desde 1919.<\/p>\n","protected":false},"featured_media":3639,"template":"","meta":{"_acf_changed":false},"product-type":[],"class_list":["post-4132","product","type-product","status-publish","has-post-thumbnail","hentry"],"acf":{"product-claim":"Productos Moog","product-description":"<h3>Piezas de direcci\u00f3n y suspensi\u00f3n de alta calidad de FEDERAL MOGUL<\/h3>\nMoog -la marca especializada en piezas de direcci\u00f3n y suspensi\u00f3n de Federal Mogul- lleva fabricando piezas de chasis, direcci\u00f3n y suspensi\u00f3n de alta calidad en EE.UU. desde 1919.\n\nGracias a sus elevados niveles de calidad y competitividad, Moog es hoy uno de los l\u00edderes del mercado y ofrece una enorme gama de recambios de direcci\u00f3n y suspensi\u00f3n para casi todo tipo de coches, camiones o autobuses europeos, americanos y japoneses.\n\n[ws-catalog]\n\nLos productos Moog mejoran las piezas de equipos originales y sus dise\u00f1os son f\u00e1ciles de usar para los t\u00e9cnicos, ofreciendo soluciones de direcci\u00f3n que facilitan la reparaci\u00f3n y mejoran la reparaci\u00f3n en general para los t\u00e9cnicos de automoci\u00f3n.\n\nLas piezas de direcci\u00f3n y suspensi\u00f3n Moog se dise\u00f1an y fabrican conforme a estrictos requisitos de Equipo Original y se prueban en instalaciones de pruebas de Equipo Original de categor\u00eda mundial. Los productos Moog s\u00f3lo se distribuyen tras haber sido sometidos con \u00e9xito a una serie de rigurosas pruebas (fatiga, desgaste, ...). \n\nLas innovaciones de Moog proporcionan una base para ofrecer sistemas de chasis totalmente integrados, con piezas que ofrecen\n<ul>\n \t<li>rendimiento mejorado<\/li>\n \t<li>mejor manejo<\/li>\n \t<li>mayor durabilidad<\/li>\n \t<li>calidad mejorada.<\/li>\n<\/ul>\nLas piezas de chasis Moog utilizan materiales ligeros para reducir el peso del veh\u00edculo, aumentar la flexi\u00f3n y la durabilidad. Utilizando los materiales adecuados y teniendo en cuenta todas las caracter\u00edsticas (seguridad, relaci\u00f3n coste-calidad del material, etc.). La calidad del producto iguala e incluso supera los est\u00e1ndares de Equipo Original.  \n\nLos kits de reparaci\u00f3n Moog para direcciones y suspensiones hacen que las reparaciones del chasis sean m\u00e1s r\u00e1pidas y sencillas que nunca. Los herrajes y las gu\u00edas de instalaci\u00f3n se incluyen en un solo paquete con todas las piezas que necesitas. Las piezas y accesorios desgastados pueden sustituirse, lo que permite una importante mejora de la seguridad y las prestaciones del veh\u00edculo.  \n\nLos t\u00e9cnicos profesionales conf\u00edan y valoran esta marca Federal Mogul. Los productos Moog se han convertido en la referencia en direcci\u00f3n y suspensi\u00f3n gracias a las constantes mejoras y pruebas de su departamento de investigaci\u00f3n y desarrollo. Todos los recambios Moog est\u00e1n 100% probados y homologados.  ","catalog":[{"catalog-name":"Cat\u00e1logo MOOG de piezas de direcci\u00f3n y suspensi\u00f3n - Coches","catalog-description":"El Cat\u00e1logo MOOG de Piezas de Direcci\u00f3n y Suspensi\u00f3n cubre r\u00f3tulas, cabezas de r\u00f3tula, brazos de control, estabilizadores de barra\/columna, soportes de motor para todos los turismos y veh\u00edculos comerciales ligeros habituales. El cat\u00e1logo contiene muchas ilustraciones detalladas y una lista de referencias cruzadas al final. Multiling\u00fce en ingl\u00e9s, espa\u00f1ol, franc\u00e9s, etc.  ","katalog-cover":1287,"katalog-file":1300},{"catalog-name":"Cat\u00e1logo MOOG de piezas de direcci\u00f3n y suspensi\u00f3n - Camiones y autobuses","catalog-description":"El Cat\u00e1logo MOOG de Piezas de Direcci\u00f3n y Suspensi\u00f3n para todos los camiones, autobuses y remolques comunes cubre r\u00f3tulas, cabezas de r\u00f3tula, varillas centrales, barras de torsi\u00f3n, etc. El cat\u00e1logo est\u00e1 estructurado por fabricantes de Equipo Original, incluyendo los n\u00fameros de referencia de Equipo Original. Adem\u00e1s, al final del cat\u00e1logo figura una lista de referencias cruzadas. Multiling\u00fce en ingl\u00e9s, espa\u00f1ol, franc\u00e9s, portugu\u00e9s, etc.   ","katalog-cover":1291,"katalog-file":1304}],"logo-reihenfolge":16,"spare-part-table":""},"_links":{"self":[{"href":"https:\/\/konpart.de\/es\/wp-json\/wp\/v2\/product\/4132","targetHints":{"allow":["GET"]}}],"collection":[{"href":"https:\/\/konpart.de\/es\/wp-json\/wp\/v2\/product"}],"about":[{"href":"https:\/\/konpart.de\/es\/wp-json\/wp\/v2\/types\/product"}],"wp:featuredmedia":[{"embeddable":true,"href":"https:\/\/konpart.de\/es\/wp-json\/wp\/v2\/media\/3639"}],"wp:attachment":[{"href":"https:\/\/konpart.de\/es\/wp-json\/wp\/v2\/media?parent=4132"}],"wp:term":[{"taxonomy":"product-type","embeddable":true,"href":"https:\/\/konpart.de\/es\/wp-json\/wp\/v2\/product-type?post=4132"}],"curies":[{"name":"wp","href":"https:\/\/api.w.org\/{rel}","templated":true}]}}