{"id":4133,"date":"2024-11-22T11:35:27","date_gmt":"2024-11-22T10:35:27","guid":{"rendered":"https:\/\/konpart.de\/product\/sm-motorenteile\/"},"modified":"2025-10-14T13:58:32","modified_gmt":"2025-10-14T11:58:32","slug":"sm-motorenteile","status":"publish","type":"product","link":"https:\/\/konpart.de\/es\/product\/sm-motorenteile\/","title":{"rendered":"SM Motorenteile"},"excerpt":{"rendered":"<p>SM Motorenteile GmbH suministra piezas de motor de alta precisi\u00f3n para equipamiento original y sistemas de motor completos con calidad de equipo original para el mercado de recambios.<\/p>\n","protected":false},"featured_media":3683,"template":"","meta":{"_acf_changed":false},"product-type":[],"class_list":["post-4133","product","type-product","status-publish","has-post-thumbnail","hentry"],"acf":{"product-claim":"Productos SM Motorenteile","product-description":"<h3>Piezas de motor con calidad de equipo original<\/h3>\nSM Motorenteile GmbH suministra piezas de motor de alta precisi\u00f3n para equipamiento original y sistemas de motor completos con calidad de equipo original para el mercado de recambios.\n\n[ws-catalog]\n\nComo proveedor internacional de sistemas para componentes de motor de alta precisi\u00f3n, SM Motorenteile es socio de muchas empresas industriales del sector de la automoci\u00f3n, la industria metal\u00fargica y el mercado posventa.\n\nLos productos SM se aplican globalmente a todo tipo de motores, compresores de aire, sistemas de transmisi\u00f3n, bombas y piezas de fijaci\u00f3n.\n<h3>Calidad de las piezas del motor SM<\/h3>\nLas piezas del motor SM se fabrican seg\u00fan las especificaciones de Equipo Original, sin excepciones. Los modernos m\u00e9todos de producci\u00f3n de alta precisi\u00f3n garantizan una fabricaci\u00f3n de componentes con una calidad constante y repetible. Las minuciosas inspecciones durante el proceso de producci\u00f3n garantizan productos del m\u00e1s alto nivel. Todas las instalaciones de producci\u00f3n de SM est\u00e1n certificadas conforme a las normas ISO 9001 y QS 9000. Las piezas de motor SM se fabrican con materiales equivalentes a los del equipo original. Mediante complejas comprobaciones y una selecci\u00f3n sin concesiones, SM Motorenteile GmbH garantiza que en la producci\u00f3n s\u00f3lo se utilicen materiales perfectos.     \n<h3>Gama de productos SM Motorenteile<\/h3>\nLa gama de productos de SM Motorenteile incluye sistemas de v\u00e1lvulas, pistones y segmentos de pist\u00f3n, piezas sinterizadas para motores, transmisiones y bombas, piezas torneadas de alta precisi\u00f3n, as\u00ed como m\u00f3dulos de fundici\u00f3n de aluminio simples y complejos para turismos, camiones y maquinaria agr\u00edcola y de construcci\u00f3n. Todos los productos se suministran de conformidad con las normas internacionales y seg\u00fan los planos del cliente. ","catalog":[{"catalog-name":"SM Motorenteile Cat\u00e1logo de pistones, segmentos, cilindros y camisas","catalog-description":"Este cat\u00e1logo SM Motorenteile incluye pistones, cilindros, camisas de cilindro y segmentos de pist\u00f3n para turismos, camiones y maquinaria agr\u00edcola y de construcci\u00f3n. Clasificado por fabricantes de Equipo Original. Lista de referencias cruzadas disponible al final del cat\u00e1logo, intercambiable con MAHLE, KS y GOETZE.  ","katalog-cover":1539,"katalog-file":1551},{"catalog-name":"Cat\u00e1logo SM Motorenteile \u00c1rboles de levas, culatas, juntas de culata, v\u00e1lvulas","catalog-description":"Este cat\u00e1logo SM Motorenteile incluye v\u00e1lvulas, gu\u00edas de v\u00e1lvulas, pinzas de v\u00e1lvulas, juntas de v\u00e1stagos de v\u00e1lvulas, taqu\u00e9s de v\u00e1lvulas, \u00e1rboles de levas, culatas y juntas de culata para turismos, camiones y maquinaria agr\u00edcola y de construcci\u00f3n. Clasificados por fabricantes de equipos originales. Lista de referencias cruzadas OEM e intercambio con TRW \/ KS y n\u00fameros varios al final del cat\u00e1logo.  ","katalog-cover":1531,"katalog-file":1559},{"catalog-name":"Cat\u00e1logo de juntas universales y cojinetes de desembrague SM Motorenteile","catalog-description":"Este cat\u00e1logo de SM Motorenteile incluye juntas universales y cojinetes de desembrague para coches y camiones. Clasificado por medidas de los art\u00edculos y fabricantes OE. Lista de referencias cruzadas OEM e intercambios con GKN, SPICER, TRW, UC, LUK, SACHS al final del cat\u00e1logo.  ","katalog-cover":1543,"katalog-file":1555},{"catalog-name":"Cat\u00e1logo de cojinetes de motor SM Motorenteile","catalog-description":"Cat\u00e1logo de cojinetes de motor SM Motorenteile para turismos y camiones. Ordenado por fabricantes de equipos originales. Lista de referencias cruzadas de intercambio con GLYCO, KS y MAHLE disponible.  ","katalog-cover":1535,"katalog-file":1547}],"logo-reihenfolge":"","spare-part-table":""},"_links":{"self":[{"href":"https:\/\/konpart.de\/es\/wp-json\/wp\/v2\/product\/4133","targetHints":{"allow":["GET"]}}],"collection":[{"href":"https:\/\/konpart.de\/es\/wp-json\/wp\/v2\/product"}],"about":[{"href":"https:\/\/konpart.de\/es\/wp-json\/wp\/v2\/types\/product"}],"wp:featuredmedia":[{"embeddable":true,"href":"https:\/\/konpart.de\/es\/wp-json\/wp\/v2\/media\/3683"}],"wp:attachment":[{"href":"https:\/\/konpart.de\/es\/wp-json\/wp\/v2\/media?parent=4133"}],"wp:term":[{"taxonomy":"product-type","embeddable":true,"href":"https:\/\/konpart.de\/es\/wp-json\/wp\/v2\/product-type?post=4133"}],"curies":[{"name":"wp","href":"https:\/\/api.w.org\/{rel}","templated":true}]}}