{"id":4137,"date":"2024-11-22T11:16:03","date_gmt":"2024-11-22T10:16:03","guid":{"rendered":"https:\/\/konpart.de\/product\/payen\/"},"modified":"2025-10-14T13:58:34","modified_gmt":"2025-10-14T11:58:34","slug":"payen","status":"publish","type":"product","link":"https:\/\/konpart.de\/es\/product\/payen\/","title":{"rendered":"Payen"},"excerpt":{"rendered":"<p>Federal-Mogul es un l\u00edder mundial en tecnolog\u00eda de estanquidad, dedicado a producir soluciones de estanquidad de primera clase desde hace m\u00e1s de un siglo. Ning\u00fan otro fabricante investiga y utiliza una gama tan amplia de materiales avanzados para garantizar que consigues la estanquidad perfecta para cada aplicaci\u00f3n. <\/p>\n","protected":false},"featured_media":3663,"template":"","meta":{"_acf_changed":false},"product-type":[],"class_list":["post-4137","product","type-product","status-publish","has-post-thumbnail","hentry"],"acf":{"product-claim":"Productos Payen","product-description":"<h3>La junta Payen perfecta para cada aplicaci\u00f3n<\/h3>\nFederal-Mogul es un l\u00edder mundial en tecnolog\u00eda de estanquidad, dedicado a producir soluciones de estanquidad de primera clase desde hace m\u00e1s de un siglo. Ning\u00fan otro fabricante investiga y utiliza una gama tan amplia de materiales avanzados para garantizar que consigues la estanquidad perfecta para cada aplicaci\u00f3n. \n\nNuestra marca Payen de juntas, retenes de aceite y tornillos de culata representa una tecnolog\u00eda de dise\u00f1o innovadora y unas normas de fabricaci\u00f3n estrictas, cualidades que respaldan nuestra reputaci\u00f3n como fabricante de confianza para el mercado de recambios de automoci\u00f3n.\n\nComo somos un fabricante mundial de productos de motor y estanquidad, nuestros clientes del mercado posventa se benefician de la probada experiencia de Federal-Mogul en ingenier\u00eda y fabricaci\u00f3n de componentes y subsistemas de Equipo Original para los principales fabricantes de autom\u00f3viles del mundo. Nuestra amplia experiencia sobre el terreno nos permite conocer los cambios esperados en los componentes del motor a lo largo del tiempo. Dise\u00f1amos nuestras piezas de estanquidad del mercado posventa para satisfacer tus necesidades espec\u00edficas en el entorno de recambio.  \n\nSelecciona una l\u00ednea de productos para saber m\u00e1s sobre c\u00f3mo las soluciones de sellado de Payen pueden beneficiar a tus programas de reparaci\u00f3n.\n\n[ws-catalog]","catalog":[{"catalog-name":"PAYEN Juntas, retenes y tornillos de culata Cat\u00e1logo Coches 2014-2015","catalog-description":"","katalog-cover":1461,"katalog-file":1469},{"catalog-name":"PAYEN Juntas, retenes y tornillos de culata Cat\u00e1logo Camiones 2012-2013","catalog-description":"","katalog-cover":1465,"katalog-file":1473}],"logo-reihenfolge":9,"spare-part-table":""},"_links":{"self":[{"href":"https:\/\/konpart.de\/es\/wp-json\/wp\/v2\/product\/4137","targetHints":{"allow":["GET"]}}],"collection":[{"href":"https:\/\/konpart.de\/es\/wp-json\/wp\/v2\/product"}],"about":[{"href":"https:\/\/konpart.de\/es\/wp-json\/wp\/v2\/types\/product"}],"wp:featuredmedia":[{"embeddable":true,"href":"https:\/\/konpart.de\/es\/wp-json\/wp\/v2\/media\/3663"}],"wp:attachment":[{"href":"https:\/\/konpart.de\/es\/wp-json\/wp\/v2\/media?parent=4137"}],"wp:term":[{"taxonomy":"product-type","embeddable":true,"href":"https:\/\/konpart.de\/es\/wp-json\/wp\/v2\/product-type?post=4137"}],"curies":[{"name":"wp","href":"https:\/\/api.w.org\/{rel}","templated":true}]}}