{"id":4138,"date":"2024-11-22T11:41:57","date_gmt":"2024-11-22T10:41:57","guid":{"rendered":"https:\/\/konpart.de\/product\/spicer\/"},"modified":"2025-10-14T13:58:35","modified_gmt":"2025-10-14T11:58:35","slug":"spicer","status":"publish","type":"product","link":"https:\/\/konpart.de\/es\/product\/spicer\/","title":{"rendered":"Spicer"},"excerpt":{"rendered":"<p>SPICER es la marca especialista del Grupo DANA en transmisiones, \u00e1rboles de transmisi\u00f3n, piezas de direcci\u00f3n y ejes, y sus correspondientes piezas de servicio. Al ser uno de los grandes fabricantes de equipos originales de todo el mundo, los productos posventa de ejes, transmisiones, direcciones y transmisiones SPICER ofrecen calidad de equipo original al mercado posventa. <\/p>\n","protected":false},"featured_media":3824,"template":"","meta":{"_acf_changed":false},"product-type":[],"class_list":["post-4138","product","type-product","status-publish","has-post-thumbnail","hentry"],"acf":{"product-claim":"Piezas OEM SPICER para el mercado posventa","product-description":"<h3>Transmisiones, ejes de transmisi\u00f3n, piezas de direcci\u00f3n y ejes SPICER<\/h3>\nSPICER es la marca especialista del Grupo DANA en transmisiones, \u00e1rboles de transmisi\u00f3n, piezas de direcci\u00f3n y ejes, y sus correspondientes piezas de servicio. Al ser uno de los grandes fabricantes de equipos originales de todo el mundo, los productos posventa de ejes, transmisiones, direcciones y transmisiones SPICER ofrecen calidad de equipo original al mercado posventa. \n\nSPICER es un OEM reconocido por grandes fabricantes europeos y americanos de camiones y veh\u00edculos todoterreno como MAN, IVECO, CATERPILLAR y JOHN DEERE. Todos los productos SPICER OEM y de posventa se fabrican en una de las plantas de producci\u00f3n propias de SPICER, lo que garantiza una gran durabilidad y fiabilidad. \n\n[ws-catalog]\n<h3>Gama completa de recambios SPICER para turismos y camionetas, camiones y autobuses, veh\u00edculos todoterreno e industria<\/h3>\nLa enorme gama de productos de posventa de SPICER abarca:\n<ul>\n \t<li>Piezas de transmisi\u00f3n y servicio<\/li>\n \t<li>Ejes de transmisi\u00f3n y piezas de servicio<\/li>\n \t<li>Ejes, transejes y piezas de mantenimiento<\/li>\n \t<li>Piezas de direcci\u00f3n<\/li>\n \t<li>Cajas de transferencia<\/li>\n \t<li>Lubricantes<\/li>\n<\/ul>\n...para muchas <strong>aplicaciones europeas, asi\u00e1ticas, norteamericanas y latinoamericanas<\/strong>, como:\n<ul>\n \t<li><strong>Camionetas y todoterrenos:<\/strong> Toyota Land Cruiser\/Hi-Lux, Nissan Navara\/Pathfinder, Mitsubishi Pajero, Ford F-150\/F-250\/F-350, Jeep Wrangler\/Cherokee\/Willys, etc.<\/li>\n \t<li><strong>Veh\u00edculos comerciales ligeros:<\/strong> Mercedes-Benz\/Freightliner Sprinter, Volkswagen Crafter, Iveco Daily, Renault Master, etc.<\/li>\n \t<li><strong>Camiones y Autobuses:<\/strong> Mercedes-Benz, MAN, Scania, Iveco, DAF, Volvo, Evobus, VDL, VanHol, Meritor, Mack, Cummins, Navistar\/International, Freightliner, Detroit Diesel, Kenworth, Peterbilt, etc.<\/li>\n \t<li><strong>Fuera de carretera:<\/strong> Caterpillar, John Deere, JCB, Liebherr, Fendt, etc.<\/li>\n \t<li><strong>Industria<\/strong><\/li>\n<\/ul>\n<strong>A continuaci\u00f3n encontrar\u00e1s un peque\u00f1o extracto de la enorme gama de productos de recambios SPICER que KonPart Import-Export GmbH ofrece en su totalidad para la exportaci\u00f3n:<\/strong>\n\n[table id=\"13\" \/]","catalog":[{"catalog-name":"","catalog-description":"","katalog-cover":1576,"katalog-file":1660},{"catalog-name":"","catalog-description":"","katalog-cover":1592,"katalog-file":1644},{"catalog-name":"","catalog-description":"","katalog-cover":1596,"katalog-file":1648},{"catalog-name":"","catalog-description":"","katalog-cover":1600,"katalog-file":1652},{"catalog-name":"","catalog-description":"","katalog-cover":1608,"katalog-file":1660},{"catalog-name":"","catalog-description":"","katalog-cover":1580,"katalog-file":1632},{"catalog-name":"","catalog-description":"","katalog-cover":1604,"katalog-file":1656},{"catalog-name":"","catalog-description":"","katalog-cover":1588,"katalog-file":1640},{"catalog-name":"","catalog-description":"","katalog-cover":1584,"katalog-file":1636},{"catalog-name":"","catalog-description":"","katalog-cover":1612,"katalog-file":1616},{"catalog-name":"","catalog-description":"","katalog-cover":1568,"katalog-file":1620},{"catalog-name":"","catalog-description":"","katalog-cover":1572,"katalog-file":1624}],"logo-reihenfolge":"","spare-part-table":"[table id=\"13\" \/]"},"_links":{"self":[{"href":"https:\/\/konpart.de\/es\/wp-json\/wp\/v2\/product\/4138","targetHints":{"allow":["GET"]}}],"collection":[{"href":"https:\/\/konpart.de\/es\/wp-json\/wp\/v2\/product"}],"about":[{"href":"https:\/\/konpart.de\/es\/wp-json\/wp\/v2\/types\/product"}],"wp:featuredmedia":[{"embeddable":true,"href":"https:\/\/konpart.de\/es\/wp-json\/wp\/v2\/media\/3824"}],"wp:attachment":[{"href":"https:\/\/konpart.de\/es\/wp-json\/wp\/v2\/media?parent=4138"}],"wp:term":[{"taxonomy":"product-type","embeddable":true,"href":"https:\/\/konpart.de\/es\/wp-json\/wp\/v2\/product-type?post=4138"}],"curies":[{"name":"wp","href":"https:\/\/api.w.org\/{rel}","templated":true}]}}