{"id":4139,"date":"2024-11-22T11:25:26","date_gmt":"2024-11-22T10:25:26","guid":{"rendered":"https:\/\/konpart.de\/product\/productos-pe\/"},"modified":"2025-10-14T13:58:35","modified_gmt":"2025-10-14T11:58:35","slug":"productos-pe","status":"publish","type":"product","link":"https:\/\/konpart.de\/es\/product\/productos-pe\/","title":{"rendered":"Productos PE"},"excerpt":{"rendered":"<p>PE ofrece una amplia gama de piezas de recambio para veh\u00edculos industriales de su propio departamento de desarrollo. Con los m\u00e1s altos est\u00e1ndares de seguridad, calidad y fabricaci\u00f3n, esta empresa familiar fundada en 1947 es uno de los principales proveedores del mercado de piezas libres. <\/p>\n","protected":false},"featured_media":3667,"template":"","meta":{"_acf_changed":false},"product-type":[],"class_list":["post-4139","product","type-product","status-publish","has-post-thumbnail","hentry"],"acf":{"product-claim":"Productos PE","product-description":"PE ofrece una amplia gama de piezas de recambio para veh\u00edculos industriales de su propio departamento de desarrollo. Con los m\u00e1s altos est\u00e1ndares de seguridad, calidad y fabricaci\u00f3n, esta empresa familiar fundada en 1947 es uno de los principales proveedores del mercado de piezas libres. \n\nLa marca registrada internacionalmente PE forma parte de la empresa desde 1979.\n\nComo resultado, los casi 10.000 productos PE diferentes generan un alto nivel de confianza en todo el mundo, tanto en talleres libres como en talleres vinculados. Con soluciones de productos orientadas al taller, PE es una opci\u00f3n atractiva para todos los talleres que deseen reparar todo tipo de remolques y veh\u00edculos industriales. \n\nLa potente red internacional de socios comerciales de PE garantiza una amplia distribuci\u00f3n y disponibilidad de piezas de recambio de PE.","catalog":null,"logo-reihenfolge":"","spare-part-table":""},"_links":{"self":[{"href":"https:\/\/konpart.de\/es\/wp-json\/wp\/v2\/product\/4139","targetHints":{"allow":["GET"]}}],"collection":[{"href":"https:\/\/konpart.de\/es\/wp-json\/wp\/v2\/product"}],"about":[{"href":"https:\/\/konpart.de\/es\/wp-json\/wp\/v2\/types\/product"}],"wp:featuredmedia":[{"embeddable":true,"href":"https:\/\/konpart.de\/es\/wp-json\/wp\/v2\/media\/3667"}],"wp:attachment":[{"href":"https:\/\/konpart.de\/es\/wp-json\/wp\/v2\/media?parent=4139"}],"wp:term":[{"taxonomy":"product-type","embeddable":true,"href":"https:\/\/konpart.de\/es\/wp-json\/wp\/v2\/product-type?post=4139"}],"curies":[{"name":"wp","href":"https:\/\/api.w.org\/{rel}","templated":true}]}}