{"id":4143,"date":"2025-05-16T11:40:24","date_gmt":"2025-05-16T09:40:24","guid":{"rendered":"https:\/\/konpart.de\/product\/wabco\/"},"modified":"2025-10-14T13:58:40","modified_gmt":"2025-10-14T11:58:40","slug":"wabco","status":"publish","type":"product","link":"https:\/\/konpart.de\/es\/product\/wabco\/","title":{"rendered":"Wabco"},"excerpt":{"rendered":"<p>WABCO es una marca mundialmente reconocida especializada en sistemas avanzados de frenado, estabilidad, suspensi\u00f3n y automatizaci\u00f3n de la transmisi\u00f3n para veh\u00edculos comerciales. Conocidos por su innovaci\u00f3n y precisi\u00f3n, los operadores de flotas y fabricantes de todo el mundo conf\u00edan en los productos WABCO. Como exportador alem\u00e1n de recambios de automoci\u00f3n de alta calidad, estamos orgullosos de ofrecer la gama completa de componentes originales WABCO a los mercados de exportaci\u00f3n.  <\/p>\n","protected":false},"featured_media":3707,"template":"","meta":{"_acf_changed":false},"product-type":[],"class_list":["post-4143","product","type-product","status-publish","has-post-thumbnail","hentry"],"acf":{"product-claim":"WABCO - Sistemas inteligentes de control de veh\u00edculos de Alemania","product-description":"<strong>Tu socio exportador de confianza para productos originales WABCO y recambios de calidad de equipo original<\/strong>\n\nWABCO es una marca mundialmente reconocida especializada en sistemas avanzados de frenado, estabilidad, suspensi\u00f3n y automatizaci\u00f3n de la transmisi\u00f3n para veh\u00edculos comerciales. Conocidos por su innovaci\u00f3n y precisi\u00f3n, los operadores de flotas y fabricantes de todo el mundo conf\u00edan en los productos WABCO. Como exportador alem\u00e1n de recambios de automoci\u00f3n de alta calidad, estamos orgullosos de ofrecer la gama completa de componentes originales WABCO a los mercados de exportaci\u00f3n.  \n\nDesde compresores de aire, v\u00e1lvulas, actuadores y secadores de aire hasta sistemas ABS\/EBS y controles de suspensi\u00f3n, las piezas WABCO est\u00e1n dise\u00f1adas para ofrecer durabilidad, seguridad y un control superior del veh\u00edculo. Tanto si buscas piezas para camiones, autobuses o remolques, WABCO ofrece un rendimiento de Equipo Original respaldado por d\u00e9cadas de excelencia en ingenier\u00eda en Alemania. \n\n<strong>\u00bfPor qu\u00e9 elegir productos WABCO?<\/strong>\n<ul>\n \t<li><strong>Calidad y fiabilidad de equipo original:<\/strong> Todos los componentes WABCO cumplen las estrictas normas de los fabricantes de equipos originales.<\/li>\n \t<li><strong>Excelencia en ingenier\u00eda alemana:<\/strong> Desarrollados en Alemania, los productos WABCO representan la tecnolog\u00eda automovil\u00edstica de vanguardia.<\/li>\n \t<li><strong>Amplia gama de productos:<\/strong> Exportamos una l\u00ednea completa de piezas WABCO para marcas de veh\u00edculos industriales europeas, asi\u00e1ticas y americanas.<\/li>\n \t<li><strong>Ideal para el mercado de recambios:<\/strong> Perfecto para talleres, distribuidores y centros de reparaci\u00f3n que buscan piezas de recambio fiables con credenciales de Equipo Original.<\/li>\n<\/ul>\nComo <strong>exportador alem\u00e1n<\/strong> especializado, apoyamos a nuestros clientes con env\u00edos internacionales fiables, precios competitivos y soluciones de exportaci\u00f3n a medida. Con una s\u00f3lida red log\u00edstica, nos aseguramos de que tus pedidos de productos WABCO lleguen con rapidez y seguridad, est\u00e9s donde est\u00e9s. \n\n<strong>Exporta recambios WABCO directamente desde Alemania<\/strong>\n\nCon una gran experiencia en la exportaci\u00f3n de recambios alemanes, garantizamos que cada producto WABCO que recibas sea 100% aut\u00e9ntico y cumpla las normas internacionales. Trabajamos en estrecha colaboraci\u00f3n con nuestros clientes para cumplir los pedidos de exportaci\u00f3n, ofreciendo siempre calidad, precisi\u00f3n y rendimiento. \n\n\u00bfBuscas una fuente fiable de productos WABCO? As\u00f3ciate con nosotros para obtener un servicio de exportaci\u00f3n eficaz y experto desde Alemania. \n\n<strong>WABCO - Sistemas Inteligentes. Precisi\u00f3n alemana.   <\/strong>","catalog":null,"logo-reihenfolge":13,"spare-part-table":""},"_links":{"self":[{"href":"https:\/\/konpart.de\/es\/wp-json\/wp\/v2\/product\/4143","targetHints":{"allow":["GET"]}}],"collection":[{"href":"https:\/\/konpart.de\/es\/wp-json\/wp\/v2\/product"}],"about":[{"href":"https:\/\/konpart.de\/es\/wp-json\/wp\/v2\/types\/product"}],"wp:featuredmedia":[{"embeddable":true,"href":"https:\/\/konpart.de\/es\/wp-json\/wp\/v2\/media\/3707"}],"wp:attachment":[{"href":"https:\/\/konpart.de\/es\/wp-json\/wp\/v2\/media?parent=4143"}],"wp:term":[{"taxonomy":"product-type","embeddable":true,"href":"https:\/\/konpart.de\/es\/wp-json\/wp\/v2\/product-type?post=4143"}],"curies":[{"name":"wp","href":"https:\/\/api.w.org\/{rel}","templated":true}]}}