{"id":4144,"date":"2025-05-16T11:40:52","date_gmt":"2025-05-16T09:40:52","guid":{"rendered":"https:\/\/konpart.de\/product\/lemforder\/"},"modified":"2025-10-14T13:58:41","modified_gmt":"2025-10-14T11:58:41","slug":"lemforder","status":"publish","type":"product","link":"https:\/\/konpart.de\/es\/product\/lemforder\/","title":{"rendered":"Lemf\u00f6rder"},"excerpt":{"rendered":"<p>Lemf\u00f6rder es una de las marcas m\u00e1s fiables del mercado mundial de recambios de automoci\u00f3n, conocida por suministrar recambios con calidad de equipo original que cumplen los m\u00e1s altos est\u00e1ndares de ingenier\u00eda alemana. Como parte del Grupo ZF, Lemf\u00f6rder se especializa en componentes de direcci\u00f3n y suspensi\u00f3n de precisi\u00f3n, ofreciendo tecnolog\u00eda punta y fiabilidad en la que conf\u00edan los principales fabricantes de veh\u00edculos de todo el mundo. <\/p>\n","protected":false},"featured_media":3627,"template":"","meta":{"_acf_changed":false},"product-type":[],"class_list":["post-4144","product","type-product","status-publish","has-post-thumbnail","hentry"],"acf":{"product-claim":"Lemf\u00f6rder - Precisi\u00f3n en movimiento, ingenier\u00eda alemana","product-description":"<em>Tu fuente de confianza para piezas de recambio Lemf\u00f6rder con calidad de Equipo Original de un exportador alem\u00e1n l\u00edder<\/em>\n\nLemf\u00f6rder es una de las marcas m\u00e1s fiables del mercado mundial de recambios de automoci\u00f3n, conocida por suministrar <strong>recambios con calidad de equipo original<\/strong> que cumplen los m\u00e1s altos est\u00e1ndares de ingenier\u00eda alemana. Como parte del Grupo ZF, Lemf\u00f6rder se especializa en componentes de direcci\u00f3n y suspensi\u00f3n de precisi\u00f3n, ofreciendo tecnolog\u00eda punta y fiabilidad en la que conf\u00edan los principales fabricantes de veh\u00edculos de todo el mundo. \n\nComo <strong>exportador alem\u00e1n de piezas de recambio<\/strong>, estamos orgullosos de suministrar una amplia gama de <strong>productos Lemf\u00f6rder<\/strong> a nuestros socios de todo el mundo. Nuestro servicio de exportaci\u00f3n garantiza un acceso r\u00e1pido y fiable a recambios originales <strong>Lemf\u00f6rder<\/strong>, directamente desde Alemania. \n\n<strong>\u00bfPor qu\u00e9 elegir productos Lemf\u00f6rder?<\/strong>\n<ul>\n \t<li><strong>Calidad de Equipo Original (EO<\/strong> ): fabricado para cumplir o superar las normas de los fabricantes de autom\u00f3viles.<\/li>\n \t<li><strong>Precisi\u00f3n de la ingenier\u00eda alemana<\/strong>: durabilidad, seguridad y rendimiento garantizados.<\/li>\n \t<li><strong>Amplia gama de productos<\/strong>: brazos de suspensi\u00f3n, casquillos, tirantes, r\u00f3tulas, estabilizadores, etc.<\/li>\n \t<li><strong>Cobertura de la aplicaci\u00f3n<\/strong>: adecuado para marcas europeas de gama alta como BMW, Mercedes-Benz, Audi, VW, Porsche y otras.<\/li>\n<\/ul>\nLemf\u00f6rder es sin\u00f3nimo de innovaci\u00f3n y calidad duradera, por lo que es la opci\u00f3n preferida de talleres y distribuidores que buscan recambios <strong>alemanes<\/strong> que garanticen la satisfacci\u00f3n del cliente y reduzcan las tasas de devoluci\u00f3n.\n\n<strong>Tu fuente global de productos Lemf\u00f6rder<\/strong>\n\nComo <strong>exportador alem\u00e1n<\/strong> experimentado <strong>de piezas de recambio Lemf\u00f6rder<\/strong>, apoyamos a nuestros clientes internacionales con:\n<ul>\n \t<li>Piezas originales Lemf\u00f6rder<\/li>\n \t<li>Env\u00edo r\u00e1pido<\/li>\n \t<li>Embalaje y documentaci\u00f3n personalizados<\/li>\n \t<li>Consulta de expertos y apoyo t\u00e9cnico<\/li>\n \t<li>Precios de exportaci\u00f3n competitivos<\/li>\n<\/ul>\nTanto si buscas recambios <strong>Lemf\u00f6rder<\/strong> para turismos como para veh\u00edculos industriales, te ofrecemos eficacia, fiabilidad y tranquilidad.\n\n<em>Ponte en contacto con nosotros hoy mismo para solicitar un presupuesto o una consulta de asociaci\u00f3n. Conf\u00eda en Lemf\u00f6rder, conf\u00eda en la calidad. <\/em>","catalog":null,"logo-reihenfolge":14,"spare-part-table":""},"_links":{"self":[{"href":"https:\/\/konpart.de\/es\/wp-json\/wp\/v2\/product\/4144","targetHints":{"allow":["GET"]}}],"collection":[{"href":"https:\/\/konpart.de\/es\/wp-json\/wp\/v2\/product"}],"about":[{"href":"https:\/\/konpart.de\/es\/wp-json\/wp\/v2\/types\/product"}],"wp:featuredmedia":[{"embeddable":true,"href":"https:\/\/konpart.de\/es\/wp-json\/wp\/v2\/media\/3627"}],"wp:attachment":[{"href":"https:\/\/konpart.de\/es\/wp-json\/wp\/v2\/media?parent=4144"}],"wp:term":[{"taxonomy":"product-type","embeddable":true,"href":"https:\/\/konpart.de\/es\/wp-json\/wp\/v2\/product-type?post=4144"}],"curies":[{"name":"wp","href":"https:\/\/api.w.org\/{rel}","templated":true}]}}