{"id":4146,"date":"2025-05-16T11:44:45","date_gmt":"2025-05-16T09:44:45","guid":{"rendered":"https:\/\/konpart.de\/product\/sachs\/"},"modified":"2025-10-14T13:58:42","modified_gmt":"2025-10-14T11:58:42","slug":"sachs","status":"publish","type":"product","link":"https:\/\/konpart.de\/es\/product\/sachs\/","title":{"rendered":"Sachs"},"excerpt":{"rendered":"<p>Sachs es una marca mundialmente reconocida de recambios de alto rendimiento con calidad de equipo original, en la que conf\u00edan tanto los profesionales del autom\u00f3vil como los fabricantes de equipos originales. Como miembro orgulloso del Grupo ZF, Sachs desarrolla y fabrica amortiguadores, embragues y otras piezas de recambio de primera clase, dise\u00f1ados para ofrecer durabilidad, confort y precisi\u00f3n en la conducci\u00f3n. <\/p>\n","protected":false},"featured_media":3679,"template":"","meta":{"_acf_changed":false},"product-type":[],"class_list":["post-4146","product","type-product","status-publish","has-post-thumbnail","hentry"],"acf":{"product-claim":"Sachs - Ingenier\u00eda alemana para un confort de conducci\u00f3n superior","product-description":"<em>Fuente fiable de productos Sachs originales de un exportador alem\u00e1n de confianza<\/em>\n\n<strong>Sachs<\/strong> es una marca mundialmente reconocida de <strong>recambios<\/strong> de alto rendimiento <strong>con calidad de equipo original<\/strong>, en la que conf\u00edan tanto los profesionales del autom\u00f3vil como los fabricantes de equipos originales. Como miembro orgulloso del Grupo ZF, Sachs desarrolla y fabrica <strong>amortiguadores<\/strong>, <strong>embragues<\/strong> y otras piezas <strong>de recambio de<\/strong> primera clase, dise\u00f1ados para ofrecer durabilidad, confort y precisi\u00f3n en la conducci\u00f3n. \n\nComo <strong>exportador alem\u00e1n<\/strong> con una larga experiencia en el comercio internacional de piezas de autom\u00f3vil, ofrecemos una amplia gama de <strong>productos Sachs<\/strong> a nuestros clientes exportadores. Todas las piezas proceden directamente de Alemania, lo que garantiza su autenticidad, rapidez de entrega y pleno cumplimiento de las normas de Equipo Original. \n\n<strong>Ventajas del producto Sachs:<\/strong>\n<ul>\n \t<li><strong>Calidad y rendimiento de Equipo Original<\/strong>: utilizado por los principales fabricantes de autom\u00f3viles, como Mercedes-Benz, BMW, Audi, Volkswagen y otros.<\/li>\n \t<li><strong>Amplia cobertura de productos<\/strong>: desde turismos hasta veh\u00edculos comerciales ligeros y camiones pesados.<\/li>\n \t<li><strong>Alta durabilidad y eficacia<\/strong>: dise\u00f1adas para un rendimiento \u00f3ptimo incluso en condiciones extremas.<\/li>\n \t<li><strong>Centrados en la innovaci\u00f3n<\/strong>: Sachs integra tecnolog\u00eda avanzada para mejorar el control de la conducci\u00f3n y la seguridad.<\/li>\n<\/ul>\nNuestra oferta incluye toda la gama de productos Sachs, como:\n<ul>\n \t<li>Amortiguadores y puntales<\/li>\n \t<li>Kits de embrague y volantes<\/li>\n \t<li>Componentes de la suspensi\u00f3n<\/li>\n \t<li>Amortiguadores de vibraciones de torsi\u00f3n<\/li>\n \t<li>Sistemas de desembrague<\/li>\n<\/ul>\n<strong>Exportaci\u00f3n de recambios originales Sachs<\/strong>\n\nComo experto <strong>exportador alem\u00e1n de piezas de recambio Sachs<\/strong>, te ofrecemos:\n<ul>\n \t<li>Log\u00edstica internacional fiable<\/li>\n \t<li>Soluciones de exportaci\u00f3n a medida<\/li>\n \t<li>Asistencia t\u00e9cnica e identificaci\u00f3n de piezas<\/li>\n \t<li>Precios competitivos para pedidos al por mayor y regulares<\/li>\n<\/ul>\nSi eres mayorista o distribuidor y buscas <strong>recambios alemanes<\/strong> de un socio fiable, nuestro programa de exportaci\u00f3n Sachs ofrece rendimiento y confianza, directamente desde <strong>Alemania<\/strong>.\n\n<em>Ponte en contacto para obtener tu presupuesto personalizado. Sachs - Calidad. Rendimiento. Fabricaci\u00f3n alemana.   <\/em>","catalog":null,"logo-reihenfolge":18,"spare-part-table":""},"_links":{"self":[{"href":"https:\/\/konpart.de\/es\/wp-json\/wp\/v2\/product\/4146","targetHints":{"allow":["GET"]}}],"collection":[{"href":"https:\/\/konpart.de\/es\/wp-json\/wp\/v2\/product"}],"about":[{"href":"https:\/\/konpart.de\/es\/wp-json\/wp\/v2\/types\/product"}],"wp:featuredmedia":[{"embeddable":true,"href":"https:\/\/konpart.de\/es\/wp-json\/wp\/v2\/media\/3679"}],"wp:attachment":[{"href":"https:\/\/konpart.de\/es\/wp-json\/wp\/v2\/media?parent=4146"}],"wp:term":[{"taxonomy":"product-type","embeddable":true,"href":"https:\/\/konpart.de\/es\/wp-json\/wp\/v2\/product-type?post=4146"}],"curies":[{"name":"wp","href":"https:\/\/api.w.org\/{rel}","templated":true}]}}