{"id":4153,"date":"2024-11-12T10:54:41","date_gmt":"2024-11-12T09:54:41","guid":{"rendered":"https:\/\/konpart.de\/product\/ate\/"},"modified":"2025-10-14T14:11:29","modified_gmt":"2025-10-14T12:11:29","slug":"ate","status":"publish","type":"product","link":"https:\/\/konpart.de\/es\/product\/ate\/","title":{"rendered":"ATE"},"excerpt":{"rendered":"<p>Como parte de Continental AG, la gama de productos posventa de ATE abarca una enorme variedad de piezas hidr\u00e1ulicas y de freno con calidad de equipo original, adecuadas para muchas aplicaciones de veh\u00edculos:<\/p>\n","protected":false},"featured_media":3530,"template":"","meta":{"_acf_changed":false},"product-type":[],"class_list":["post-4153","product","type-product","status-publish","has-post-thumbnail","hentry"],"acf":{"product-claim":"Piezas de freno e hidr\u00e1ulicas ATE, calidad de Equipo Original para el mercado de recambios.","product-description":"Como parte de Continental AG, la gama de productos posventa de ATE abarca una enorme variedad de piezas hidr\u00e1ulicas y de freno con calidad de equipo original, adecuadas para muchas aplicaciones de veh\u00edculos:\n<ul>\n \t<li>pastillas de freno<\/li>\n \t<li>discos de freno<\/li>\n \t<li>cilindros de rueda<\/li>\n \t<li>cilindros principales<\/li>\n \t<li>servofrenos<\/li>\n \t<li>mangueras de freno<\/li>\n \t<li>l\u00edquido de frenos<\/li>\n<\/ul>\nLa calidad de los productos de ATE convence a los fabricantes de veh\u00edculos, talleres y clientes finales. Los productos ATE se eligen con frecuencia como equipamiento original, lo que convierte a ATE en l\u00edder del mercado en el \u00e1mbito del control de frenos y frenos de rueda en la industria del autom\u00f3vil. Calidad objetiva, por ejemplo, mediante el uso de 160 mezclas de materiales diferentes para las pastillas de freno, siempre conforme a las calidades de serie.  \n\nCualquiera que desee sustituir las piezas de desgaste de los frenos con la calidad original del fabricante del veh\u00edculo recurre a los productos de la marca ATE. Gracias a ello, ATE tambi\u00e9n ocupa una posici\u00f3n de liderazgo en el mercado de recambios: N\u00famero 1 en Alemania, con una cuota de mercado superior al 30 %, n\u00famero 2 en toda Europa, y en todo el mundo, uno de los diez primeros. \n\nComo exportador autorizado, KonPart Import-Export GmbH suministra con gran \u00e9xito piezas ATE principalmente para aplicaciones de veh\u00edculos de pasajeros.","catalog":[{"catalog-name":"","catalog-description":"","katalog-cover":412,"katalog-file":424},{"catalog-name":"","catalog-description":"","katalog-cover":416,"katalog-file":428},{"catalog-name":"","catalog-description":"","katalog-cover":408,"katalog-file":420}],"logo-reihenfolge":3,"spare-part-table":""},"_links":{"self":[{"href":"https:\/\/konpart.de\/es\/wp-json\/wp\/v2\/product\/4153","targetHints":{"allow":["GET"]}}],"collection":[{"href":"https:\/\/konpart.de\/es\/wp-json\/wp\/v2\/product"}],"about":[{"href":"https:\/\/konpart.de\/es\/wp-json\/wp\/v2\/types\/product"}],"wp:featuredmedia":[{"embeddable":true,"href":"https:\/\/konpart.de\/es\/wp-json\/wp\/v2\/media\/3530"}],"wp:attachment":[{"href":"https:\/\/konpart.de\/es\/wp-json\/wp\/v2\/media?parent=4153"}],"wp:term":[{"taxonomy":"product-type","embeddable":true,"href":"https:\/\/konpart.de\/es\/wp-json\/wp\/v2\/product-type?post=4153"}],"curies":[{"name":"wp","href":"https:\/\/api.w.org\/{rel}","templated":true}]}}