{"id":4156,"date":"2024-11-12T17:15:57","date_gmt":"2024-11-12T16:15:57","guid":{"rendered":"https:\/\/konpart.de\/product\/borgwarner\/"},"modified":"2025-10-14T14:11:30","modified_gmt":"2025-10-14T12:11:30","slug":"borgwarner","status":"publish","type":"product","link":"https:\/\/konpart.de\/es\/product\/borgwarner\/","title":{"rendered":"BorgWarner"},"excerpt":{"rendered":"<p>BorgWarner es un proveedor l\u00edder de innovadores sistemas de turboalimentaci\u00f3n y un socio competente de la industria automovil\u00edstica y el mercado posventa en todo el mundo. BorgWarner ofrece una amplia gama de turbocompresores para turismos y veh\u00edculos comerciales, as\u00ed como para motores industriales, de locomotoras y marinos. <\/p>\n","protected":false},"featured_media":3547,"template":"","meta":{"_acf_changed":false},"product-type":[],"class_list":["post-4156","product","type-product","status-publish","has-post-thumbnail","hentry"],"acf":{"product-claim":"Turbocompresores de calidad de equipo original para el mercado de recambios","product-description":"BorgWarner es un proveedor l\u00edder de innovadores sistemas de turboalimentaci\u00f3n y un socio competente de la industria automovil\u00edstica y el mercado posventa en todo el mundo. BorgWarner ofrece una amplia gama de turbocompresores para turismos y veh\u00edculos comerciales, as\u00ed como para motores industriales, de locomotoras y marinos. \n<h3>KonPart Import-Export GmbH Exportador autorizado de turbocompresores BorgWarner, Schwitzer y KKK<\/h3>\nComo exportador autorizado y cliente directo de BorgWarner, KonPart Import-Export GmbH puede suministrar gamas completas de productos de las 3 marcas de turbocompresores BorgWarner:\n<ul>\n \t<li>Turbocompresores BorgWarner<\/li>\n \t<li>Turbocompresores Schwitzer<\/li>\n \t<li>Turbocompresores KKK<\/li>\n<\/ul>\nBorgWarner Turbo Systems es una divisi\u00f3n del proveedor de automoci\u00f3n BorgWarner, Inc. de actividad mundial. Desde su creaci\u00f3n cuando los fabricantes de turbocompresores KKK y Schwitzer se fusionaron, el progreso tecnol\u00f3gico en la turbocompresi\u00f3n ha estado estrechamente entrelazado con la historia empresarial de BorgWarner Turbo Systems. KKK y Schwitzer empezaron a desarrollar y producir turbocompresores ya en 1952, y hoy BorgWarner Turbo & Emissions Systems sigue estableciendo nuevos est\u00e1ndares tecnol\u00f3gicos en este campo.  \n\n\u00a0\n\n<strong>Turbocompresores y piezas de recambio BorgWarner, KKK y Schwitzer<\/strong>\n\n[table id=\"10\" \/]","catalog":null,"logo-reihenfolge":10,"spare-part-table":"[table id=\"10\" \/]"},"_links":{"self":[{"href":"https:\/\/konpart.de\/es\/wp-json\/wp\/v2\/product\/4156","targetHints":{"allow":["GET"]}}],"collection":[{"href":"https:\/\/konpart.de\/es\/wp-json\/wp\/v2\/product"}],"about":[{"href":"https:\/\/konpart.de\/es\/wp-json\/wp\/v2\/types\/product"}],"wp:featuredmedia":[{"embeddable":true,"href":"https:\/\/konpart.de\/es\/wp-json\/wp\/v2\/media\/3547"}],"wp:attachment":[{"href":"https:\/\/konpart.de\/es\/wp-json\/wp\/v2\/media?parent=4156"}],"wp:term":[{"taxonomy":"product-type","embeddable":true,"href":"https:\/\/konpart.de\/es\/wp-json\/wp\/v2\/product-type?post=4156"}],"curies":[{"name":"wp","href":"https:\/\/api.w.org\/{rel}","templated":true}]}}