{"id":4158,"date":"2024-11-12T11:24:20","date_gmt":"2024-11-12T10:24:20","guid":{"rendered":"https:\/\/konpart.de\/product\/behr\/"},"modified":"2025-10-14T14:11:32","modified_gmt":"2025-10-14T12:11:32","slug":"behr","status":"publish","type":"product","link":"https:\/\/konpart.de\/es\/product\/behr\/","title":{"rendered":"Behr"},"excerpt":{"rendered":"<p>Behr GmbH &amp; Co. KG, Stuttgart, es un socio de sistemas de la industria automovil\u00edstica internacional. Especialista en sistemas de aire acondicionado y refrigeraci\u00f3n de motores para autom\u00f3viles, el Grupo Behr es uno de los principales fabricantes y proveedores mundiales de equipos originales para veh\u00edculos ligeros y camiones. <\/p>\n","protected":false},"featured_media":3534,"template":"","meta":{"_acf_changed":false},"product-type":[],"class_list":["post-4158","product","type-product","status-publish","has-post-thumbnail","hentry"],"acf":{"product-claim":"","product-description":"Behr GmbH & Co. KG, Stuttgart, es un socio de sistemas de la industria automovil\u00edstica internacional. Especialista en sistemas de aire acondicionado y refrigeraci\u00f3n de motores para autom\u00f3viles, el Grupo Behr es uno de los principales fabricantes y proveedores mundiales de equipos originales para veh\u00edculos ligeros y camiones. \n\nLas ventas del Grupo en el ejercicio 2010 ascendieron a unos 3.300 millones de euros. Actualmente, Behr emplea a unos 16.500 trabajadores en 9 centros de desarrollo, 22 centros de producci\u00f3n y 10 empresas conjuntas en todo el mundo. ","catalog":[{"catalog-name":"","catalog-description":"","katalog-cover":447,"katalog-file":463},{"catalog-name":"","catalog-description":"","katalog-cover":451,"katalog-file":467},{"catalog-name":"","catalog-description":"","katalog-cover":455,"katalog-file":471},{"catalog-name":"","catalog-description":"","katalog-cover":459,"katalog-file":475}],"logo-reihenfolge":"","spare-part-table":""},"_links":{"self":[{"href":"https:\/\/konpart.de\/es\/wp-json\/wp\/v2\/product\/4158","targetHints":{"allow":["GET"]}}],"collection":[{"href":"https:\/\/konpart.de\/es\/wp-json\/wp\/v2\/product"}],"about":[{"href":"https:\/\/konpart.de\/es\/wp-json\/wp\/v2\/types\/product"}],"wp:featuredmedia":[{"embeddable":true,"href":"https:\/\/konpart.de\/es\/wp-json\/wp\/v2\/media\/3534"}],"wp:attachment":[{"href":"https:\/\/konpart.de\/es\/wp-json\/wp\/v2\/media?parent=4158"}],"wp:term":[{"taxonomy":"product-type","embeddable":true,"href":"https:\/\/konpart.de\/es\/wp-json\/wp\/v2\/product-type?post=4158"}],"curies":[{"name":"wp","href":"https:\/\/api.w.org\/{rel}","templated":true}]}}