{"id":4160,"date":"2024-11-12T17:01:41","date_gmt":"2024-11-12T16:01:41","guid":{"rendered":"https:\/\/konpart.de\/product\/beru\/"},"modified":"2025-10-14T14:11:35","modified_gmt":"2025-10-14T12:11:35","slug":"beru","status":"publish","type":"product","link":"https:\/\/konpart.de\/es\/product\/beru\/","title":{"rendered":"Beru"},"excerpt":{"rendered":"<p>Como parte del grupo BorgWarner y pionera en tecnolog\u00eda diesel, BERU suministra piezas de calidad de encendido y tecnolog\u00eda de arranque en fr\u00edo para diesel a los principales fabricantes de autom\u00f3viles del mundo y al mercado de recambios.<\/p>\n","protected":false},"featured_media":3539,"template":"","meta":{"_acf_changed":false},"product-type":[],"class_list":["post-4160","product","type-product","status-publish","has-post-thumbnail","hentry"],"acf":{"product-claim":"Piezas de encendido de Equipo Original para el Mercado de Recambios","product-description":"Como parte del grupo BorgWarner y pionera en tecnolog\u00eda diesel, BERU suministra piezas de calidad de encendido y tecnolog\u00eda de arranque en fr\u00edo para diesel a los principales fabricantes de autom\u00f3viles del mundo y al mercado de recambios.\n<h3>Innovaci\u00f3n y calidad OE<\/h3>\nLos sistemas de arranque en fr\u00edo para diesel del mercado posventa de BERU son sin\u00f3nimo de m\u00e1xima calidad y se fabrican en las mismas instalaciones que suministran los productos a los equipos originales. Las principales instalaciones de producci\u00f3n de buj\u00edas incandescentes y bobinas de encendido siguen estando en Alemania, sus centros tecnol\u00f3gicos permiten realizar avances en tecnolog\u00eda avanzada. \n\n[ws-catalog]\n<h3>KonPart Import-Export GmbH Proveedor de la gama completa de productos BERU<\/h3>\nComo exportador autorizado, KonPart Import-Export GmbH cubre la gama completa de productos BERU adecuados para todas las aplicaciones comunes al mercado de recambios.\n\nLa enorme gama de productos posventa de BERU incluye principalmente:\n<ul>\n \t<li>Calentadores, buj\u00edas de encendido<\/li>\n \t<li>Unidades de control de incandescencia<\/li>\n \t<li>Bobinas de encendido<\/li>\n \t<li>M\u00f3dulos de encendido<\/li>\n \t<li>Condensadores de encendido<\/li>\n \t<li>Tapas de distribuidor<\/li>\n \t<li>Rotores de distribuidor<\/li>\n \t<li>Conjuntos de contacto<\/li>\n \t<li>Reguladores<\/li>\n \t<li>Conectores<\/li>\n<\/ul>\n\u00a0\n\n<strong>A continuaci\u00f3n encontrar\u00e1s un peque\u00f1o extracto de la enorme gama de productos posventa de BERU<\/strong>\n\n[table id=\"9\" \/]","catalog":[{"catalog-name":"Cat\u00e1logo BERU Buj\u00edas de encendido, buj\u00edas incandescentes, unidades de control de buj\u00edas incandescentes","catalog-description":"","katalog-cover":526,"katalog-file":546},{"catalog-name":"Cat\u00e1logo de piezas de encendido BERU","catalog-description":"","katalog-cover":522,"katalog-file":542},{"catalog-name":"Cat\u00e1logo de bobinas y m\u00f3dulos de encendido BERU","catalog-description":"","katalog-cover":514,"katalog-file":534},{"catalog-name":"Cat\u00e1logo de conectores de cables de encendido BERU","catalog-description":"","katalog-cover":518,"katalog-file":538},{"catalog-name":"Lista de solicitudes BERU para veteranos","catalog-description":"","katalog-cover":510,"katalog-file":530}],"logo-reihenfolge":20,"spare-part-table":"[table id=\"9\" \/]"},"_links":{"self":[{"href":"https:\/\/konpart.de\/es\/wp-json\/wp\/v2\/product\/4160","targetHints":{"allow":["GET"]}}],"collection":[{"href":"https:\/\/konpart.de\/es\/wp-json\/wp\/v2\/product"}],"about":[{"href":"https:\/\/konpart.de\/es\/wp-json\/wp\/v2\/types\/product"}],"wp:featuredmedia":[{"embeddable":true,"href":"https:\/\/konpart.de\/es\/wp-json\/wp\/v2\/media\/3539"}],"wp:attachment":[{"href":"https:\/\/konpart.de\/es\/wp-json\/wp\/v2\/media?parent=4160"}],"wp:term":[{"taxonomy":"product-type","embeddable":true,"href":"https:\/\/konpart.de\/es\/wp-json\/wp\/v2\/product-type?post=4160"}],"curies":[{"name":"wp","href":"https:\/\/api.w.org\/{rel}","templated":true}]}}