{"id":4161,"date":"2024-11-20T16:37:55","date_gmt":"2024-11-20T15:37:55","guid":{"rendered":"https:\/\/konpart.de\/product\/continental\/"},"modified":"2025-10-14T14:11:37","modified_gmt":"2025-10-14T12:11:37","slug":"continental","status":"publish","type":"product","link":"https:\/\/konpart.de\/es\/product\/continental\/","title":{"rendered":"Continental"},"excerpt":{"rendered":"<p>Como parte de Continental AG, ContiTech es uno de los principales proveedores OEM y posventa de piezas de pl\u00e1stico y caucho de la m\u00e1s alta calidad, como correas de transmisi\u00f3n, amortiguadores de aire, frenos y mangueras para la industria del autom\u00f3vil.<\/p>\n","protected":false},"featured_media":3555,"template":"","meta":{"_acf_changed":false},"product-type":[],"class_list":["post-4161","product","type-product","status-publish","has-post-thumbnail","hentry"],"acf":{"product-claim":"Correas de Equipo Original y Amortiguadores de Aire para el Mercado de Recambios","product-description":"Como parte de Continental AG, ContiTech es uno de los principales proveedores OEM y posventa de piezas de pl\u00e1stico y caucho de la m\u00e1s alta calidad, como correas de transmisi\u00f3n, amortiguadores de aire, frenos y mangueras para la industria del autom\u00f3vil.\n\nIncorporadas en muchos coches, camiones, autobuses y remolques como equipamiento original, las correas de distribuci\u00f3n, correas trapezoidales, correas acanaladas y fuelles neum\u00e1ticos ContiTech son la primera opci\u00f3n cuando se trata de piezas de recambio de alta calidad.\n\nComo socio de desarrollo y fabricante de equipos originales de componentes y sistemas con amplia competencia en materiales y procesos dentro de la industria del autom\u00f3vil, ContiTech proporciona con sus cerca de 40.000 empleados e instalaciones de producci\u00f3n en m\u00e1s de 40 pa\u00edses soluciones de ingenier\u00eda innovadoras a fabricantes de autom\u00f3viles, camiones, autobuses y remolques de todo el mundo.\n<h3>ContiTech Recambios y Piezas de Servicio para el Mercado de Recambios de Automoci\u00f3n - Calidad Original Probada<\/h3>\nLa posici\u00f3n de liderazgo de ContiTech como OEM de automoci\u00f3n, base de su negocio internacional de recambios. ContiTech ofrece una enorme gama de recambios y piezas de servicio de pl\u00e1stico y goma para coches, camiones, autobuses y remolques en calidad de equipo original para muchas marcas y modelos. Al elegir elementos de transmisi\u00f3n ContiTech, optas por la calidad que tambi\u00e9n prefieren como equipo original los principales fabricantes de veh\u00edculos.  \n<h4>Cinturones Contitech<\/h4>\n<ul>\n \t<li>Correas dentadas: Correas de distribuci\u00f3n para accionar \u00e1rboles de levas, ejes de equilibrado, bombas de inyecci\u00f3n de combustible o bombas de agua.<\/li>\n \t<li>Correas acanaladas en V: Correas acanaladas en V para el accionamiento de componentes auxiliares en autom\u00f3viles y veh\u00edculos industriales<\/li>\n \t<li>Correas acanaladas en V ELAST: Correas acanaladas el\u00e1sticas para transmisiones auxiliares sin polea tensora<\/li>\n \t<li>Correas trapezoidales: Correas trapezoidales para el accionamiento de componentes auxiliares en turismos y veh\u00edculos industriales<\/li>\n<\/ul>\nTodas las correas de transmisi\u00f3n ContiTech cumplen todos los requisitos de la industria del autom\u00f3vil:\n<ul>\n \t<li>Arranque en fr\u00edo hasta -40\u00b0 C<\/li>\n \t<li>Alta resistencia a la temperatura din\u00e1mica y est\u00e1tica hasta 140\u00b0 C<\/li>\n \t<li>Dise\u00f1o compactoResistencia al desgaste<\/li>\n \t<li>Minimizaci\u00f3n del ruido<\/li>\n \t<li>Reducci\u00f3n de emisiones<\/li>\n \t<li>Totalmente funcional durante toda la vida \u00fatil del motor<\/li>\n<\/ul>\n<h4>Kits de correas Contitech<\/h4>\nTodos los componentes de los kits ContiTech est\u00e1n perfectamente adaptados entre s\u00ed. ContiTech ofrece kits en varias configuraciones para casi cualquier veh\u00edculo con calidad OEM. \n\nVentajas:\n<ul>\n \t<li>Calidad OEM<\/li>\n \t<li>No es necesario pedir piezas sueltas<\/li>\n \t<li>Adaptaci\u00f3n precisa de los componentes al veh\u00edculo<\/li>\n<\/ul>\n<img class=\"alignnone size-full wp-image-593\" src=\"https:\/\/konpart.de\/wp-content\/uploads\/2024\/11\/ContiTech-Belt-Kit.webp\" alt=\"\" width=\"650\" height=\"367\">\n<h5>Kits de correas de distribuci\u00f3n<\/h5>\nLos kits de correas de distribuci\u00f3n ContiTech contienen correas de distribuci\u00f3n, poleas tensoras y poleas tensoras, as\u00ed como los consumibles necesarios. Adem\u00e1s de la correa de distribuci\u00f3n, los kits ContiTech contienen todos los componentes necesarios para cambiar la correa correctamente. \n\nLa alta calidad de los componentes del kit ContiTech, perfectamente adaptados entre s\u00ed, garantiza un rendimiento perfecto:\n<ul>\n \t<li>Correa dentada<\/li>\n \t<li>Poleas tensoras, poleas tensoras o poleas gu\u00eda<\/li>\n \t<li>Consumibles como tornillos, tuercas o muelles<\/li>\n \t<li>Adhesivo de cambio de correa<\/li>\n \t<li>Opcional con bomba de agua<\/li>\n<\/ul>\n<h5>Kits de correas acanaladas en V<\/h5>\nLos kits de correas acanaladas en V ContiTech contienen correas acanaladas en V y, seg\u00fan la aplicaci\u00f3n del veh\u00edculo, todos los componentes necesarios, como poleas tensoras y poleas tensoras, amortiguadores de tensi\u00f3n o material de montaje:\n<ul>\n \t<li>Correas acanaladas en V<\/li>\n \t<li>Poleas tensoras y locas<\/li>\n \t<li>Amortiguadores de tracci\u00f3n<\/li>\n \t<li>Material de montaje<\/li>\n<\/ul>\n<h4>Amortiguadores de aire Contitech para veh\u00edculos industriales<\/h4>\n<img class=\"alignleft wp-image-589\" src=\"https:\/\/konpart.de\/wp-content\/uploads\/2024\/11\/ContiTech-Air-Springs-149x300.webp\" alt=\"\" width=\"200\" height=\"403\">\n\nContiTech es un reconocido socio de desarrollo y fabricante de equipos originales para la industria de veh\u00edculos industriales y produce componentes de equipos originales y sistemas completos para la suspensi\u00f3n neum\u00e1tica autoajustable en veh\u00edculos industriales, autobuses y remolques.\n\nContitech ofrece al mercado de recambios una amplia gama de amortiguadores neum\u00e1ticos con calidad de Equipo Original:\n<ul>\n \t<li>Amortiguadores de aire ContiTech para ejes<\/li>\n \t<li>Amortiguadores neum\u00e1ticos ContiTech para suspensiones de cabina<\/li>\n \t<li>Amortiguadores de aire ContiTech para asientos del conductor<\/li>\n<\/ul>\n\u00a0\n\n\u00a0\n\n\u00a0\n\n\u00a0\n\n\u00a0","catalog":null,"logo-reihenfolge":4,"spare-part-table":""},"_links":{"self":[{"href":"https:\/\/konpart.de\/es\/wp-json\/wp\/v2\/product\/4161","targetHints":{"allow":["GET"]}}],"collection":[{"href":"https:\/\/konpart.de\/es\/wp-json\/wp\/v2\/product"}],"about":[{"href":"https:\/\/konpart.de\/es\/wp-json\/wp\/v2\/types\/product"}],"wp:featuredmedia":[{"embeddable":true,"href":"https:\/\/konpart.de\/es\/wp-json\/wp\/v2\/media\/3555"}],"wp:attachment":[{"href":"https:\/\/konpart.de\/es\/wp-json\/wp\/v2\/media?parent=4161"}],"wp:term":[{"taxonomy":"product-type","embeddable":true,"href":"https:\/\/konpart.de\/es\/wp-json\/wp\/v2\/product-type?post=4161"}],"curies":[{"name":"wp","href":"https:\/\/api.w.org\/{rel}","templated":true}]}}