{"id":4163,"date":"2024-11-20T18:08:20","date_gmt":"2024-11-20T17:08:20","guid":{"rendered":"https:\/\/konpart.de\/product\/elring\/"},"modified":"2025-10-14T14:11:39","modified_gmt":"2025-10-14T12:11:39","slug":"elring","status":"publish","type":"product","link":"https:\/\/konpart.de\/es\/product\/elring\/","title":{"rendered":"Elring"},"excerpt":{"rendered":"<p>Como proveedor l\u00edder de equipos originales de automoci\u00f3n, ELRING ofrece juntas est\u00e1ndar de equipo original, juegos de juntas y piezas de servicio para el mercado de recambios.<\/p>\n","protected":false},"featured_media":3571,"template":"","meta":{"_acf_changed":false},"product-type":[],"class_list":["post-4163","product","type-product","status-publish","has-post-thumbnail","hentry"],"acf":{"product-claim":"Juntas y retenes de Equipo Original para el Mercado de Recambios","product-description":"Como proveedor l\u00edder de equipos originales de automoci\u00f3n, ELRING ofrece juntas est\u00e1ndar de equipo original, juegos de juntas y piezas de servicio para el mercado de recambios.\n\nCon su amplia gama de recambios originales de calidad para muchos turismos y veh\u00edculos industriales, ELRING es un proveedor completo para reparaciones profesionales cuando se trata de revisar motores, trabajar en culatas y cig\u00fce\u00f1ales, o inspecciones de ejes y cajas de cambios y sustituciones individuales de juntas.\n\nEn 41 plantas de todo el mundo y 19 pa\u00edses, ELRING desarrolla y produce componentes para motores, cajas de cambio, sistemas de escape y tecnolog\u00edas de propulsi\u00f3n alternativas para la mayor\u00eda de los fabricantes de veh\u00edculos y motores.\n\n[ws-catalog]\n<h3>Las juntas y retenes ELRING cubren la mayor\u00eda de las aplicaciones<\/h3>\nLa enorme gama de productos de Elring abarca la mayor\u00eda de fabricantes europeos y asi\u00e1ticos de camiones, autobuses y autom\u00f3viles, como Alfa Romeo, Audi, BMW, Citro\u00ebn, Chevrolet, Chrysler, Dacia, Daewoo, DAF, Daihatsu, Deutz, Dodge, Fiat, Ford, Honda, Hyundai, IHC, IVECO, KIA, Lada, Lancia, Land Rover, MAN, Mazda, Mercedes-Benz, Mini, Mitsubishi, MWM, Nissan, Opel, Peugeot, Porsche, Renault, Rover, RVI, Saab, Scania, Seat, Skoda, Smart, Ssangyong, Subaru, Suzuki, Toyota, Vauxhall, Volkswagen, Volvo.\n<h3>El programa de recambios ELRING contiene:<\/h3>\n<ul>\n \t<li>\n<h4>Juegos de juntas<\/h4>\nElring ofrece una gama completa para la inspecci\u00f3n total y parcial de motores, cajas de cambios y conjuntos:\n<ul>\n \t<li>Juegos completos<\/li>\n \t<li>Juegos de culatas<\/li>\n \t<li>Juegos de conversi\u00f3n para c\u00e1rteres<\/li>\n \t<li>Juegos de juntas de colectores de admisi\u00f3n y escape<\/li>\n \t<li>Juegos de juntas para transmisiones manuales<\/li>\n \t<li>Conjuntos de compresores de aire<\/li>\n \t<li>Conjuntos enfriadores de aceite<\/li>\n \t<li>Juegos de c\u00e1rteres<\/li>\n \t<li>Juegos de cubos de rueda<\/li>\n \t<li>Conjuntos de montaje de turbocompresores<\/li>\n \t<li>Juegos de juntas de v\u00e1stago de v\u00e1lvula<\/li>\n \t<li>Conjuntos de bombas de agua<\/li>\n \t<li>Juegos de juntas de culata<\/li>\n \t<li>Juegos de juntas de tapa de v\u00e1lvulas<\/li>\n \t<li>Juegos de juntas de camisa de cilindro<\/li>\n<\/ul>\n<\/li>\n \t<li>\n<h4>Juntas de culata<\/h4>\nELRING produce cada a\u00f1o aprox. 30.000.000 de juntas de culata de todo tipo que se ajustan a los requisitos espec\u00edficos de cada motor: juntas de metal-capa, metal-elast\u00f3mero y metal-tapa blanda. \n\nLa calidad de las juntas de culata es cada vez m\u00e1s importante en los motores di\u00e9sel de alto rendimiento y en los motores de gasolina con inyecci\u00f3n directa.<\/li>\n \t<li>\n<h4>Tornillos de culata<\/h4>\nLas reparaciones profesionales de culatas requieren una nueva junta de culata y nuevos tornillos de culata. Por eso ELRING suministra tambi\u00e9n juegos de tornillos de culata homologados de m\u00e1xima calidad. ELRING ofrece una gama completa de tornillos de culata para cualquier turismo y veh\u00edculo industrial, embalados en una caja especial con protecci\u00f3n para las roscas.  <\/li>\n \t<li>\n<h4>Compuestos sellantes<\/h4>\nLos compuestos de estanquidad de alto rendimiento de ELRINGS, como Dirko, Curil y AFD, est\u00e1n ampliamente probados en t\u00e9rminos de fiabilidad, estabilidad t\u00e9rmica, resistencia a los medios y uso pr\u00e1ctico en reparaciones.<\/li>\n \t<li>\n<h4>Retenes de aceite y de v\u00e1stago de v\u00e1lvula<\/h4>\nELRING suministra retenes din\u00e1micos para motores, cajas de cambio y ejes con los m\u00e1ximos est\u00e1ndares de calidad, como muchos tipos diferentes de retenes de aceite y retenes de v\u00e1stago de v\u00e1lvula en diversos materiales y tama\u00f1os:\n<ul>\n \t<li>Retenes del v\u00e1stago del aceite<\/li>\n \t<li>Juntas de v\u00e1stago de v\u00e1lvula<\/li>\n<\/ul>\n<\/li>\n<\/ul>\n<strong>KonPart - Exportador autorizado de la gama completa de recambios de Elring<\/strong>\n\n[table id=\"11\" \/]","catalog":[{"catalog-name":"","catalog-description":"","katalog-cover":707,"katalog-file":723},{"catalog-name":"","catalog-description":"","katalog-cover":711,"katalog-file":727},{"catalog-name":"","catalog-description":"","katalog-cover":715,"katalog-file":731}],"logo-reihenfolge":"","spare-part-table":"[table id=\"11\" \/]"},"_links":{"self":[{"href":"https:\/\/konpart.de\/es\/wp-json\/wp\/v2\/product\/4163","targetHints":{"allow":["GET"]}}],"collection":[{"href":"https:\/\/konpart.de\/es\/wp-json\/wp\/v2\/product"}],"about":[{"href":"https:\/\/konpart.de\/es\/wp-json\/wp\/v2\/types\/product"}],"wp:featuredmedia":[{"embeddable":true,"href":"https:\/\/konpart.de\/es\/wp-json\/wp\/v2\/media\/3571"}],"wp:attachment":[{"href":"https:\/\/konpart.de\/es\/wp-json\/wp\/v2\/media?parent=4163"}],"wp:term":[{"taxonomy":"product-type","embeddable":true,"href":"https:\/\/konpart.de\/es\/wp-json\/wp\/v2\/product-type?post=4163"}],"curies":[{"name":"wp","href":"https:\/\/api.w.org\/{rel}","templated":true}]}}