{"id":4166,"date":"2024-11-20T16:44:54","date_gmt":"2024-11-20T15:44:54","guid":{"rendered":"https:\/\/konpart.de\/product\/dph\/"},"modified":"2025-10-14T14:11:41","modified_gmt":"2025-10-14T12:11:41","slug":"dph","status":"publish","type":"product","link":"https:\/\/konpart.de\/es\/product\/dph\/","title":{"rendered":"dph"},"excerpt":{"rendered":"<p>DPH &#8211; Fabricante de gomas, juntas y selladores de alta calidad para la industria del autom\u00f3vil, la construcci\u00f3n y la marina. La empresa DPH tiene su sede en Alemania y ofrece una amplia gama de m\u00e1s de 20.000 productos de estanquidad fabricados seg\u00fan las normas de calidad m\u00e1s exigentes. <\/p>\n","protected":false},"featured_media":3563,"template":"","meta":{"_acf_changed":false},"product-type":[],"class_list":["post-4166","product","type-product","status-publish","has-post-thumbnail","hentry"],"acf":{"product-claim":"Productos DPH","product-description":"DPH - Fabricante de gomas, juntas y selladores de alta calidad para la industria del autom\u00f3vil, la construcci\u00f3n y la marina. La empresa DPH tiene su sede en Alemania y ofrece una amplia gama de m\u00e1s de 20.000 productos de estanquidad fabricados seg\u00fan las normas de calidad m\u00e1s exigentes. \n\nComo proveedor oficial de DPH, KonPart Import-Export GmbH exporta la gama completa de productos DPH, como retenes de aceite, juntas de culata, juntas de tapa de v\u00e1lvulas, juntas de c\u00e1rter de aceite, retenes de v\u00e1stago de v\u00e1lvula, anillos de estanqueidad, juntas planas, piezas moldeadas, juegos de juntas y kits de reparaci\u00f3n.\n\nLas gomas, sellos y juntas DPH se aplican a:\n<ul>\n \t<li>Coches: MERCEDES-BENZ, VW, BMW, FORD, OPEL, MAZDA, MITSUBISHI, NISSAN, SUBARU, SUZUKI, TOYOTA, KIA, VOLVO, SAAB, LADA, ROVER, LANCIA, FIAT, ALFA, RENAULT, PEUGEOT, CITROEN, PORSCHE, FERRARI<\/li>\n \t<li>Camiones, Autobuses: MERCEDES-BENZ, VOLVO, SCANIA, DAF, MAN, IVECO, RVI, EVOBUS, FRUEHAUF, STEYR<\/li>\n \t<li>Construcci\u00f3n, Agr\u00edcola, Naval: CATERPILLAR, DEUTZ, KHD, MWM, CUMMINS, NEW HOLLAND, PERKINS<\/li>\n<\/ul>\n[ws-catalog]","catalog":[{"catalog-name":"Cat\u00e1logo DPH - MERCEDES BENZ","catalog-description":"Este Cat\u00e1logo DPH MERCEDES BENZ incluye juegos de juntas, juntas de culata, anillos de estanqueidad de camisas de cilindros, juntas de c\u00e1rter de aceite, arandelas de sellado de v\u00e1stagos de v\u00e1lvulas, juntas t\u00f3ricas, gu\u00edas de v\u00e1lvulas, v\u00e1lvulas, etc. para camiones MERCEDES BENZ comunes. El cat\u00e1logo contiene una lista de referencias cruzadas al principio del cat\u00e1logo. ","katalog-cover":618,"katalog-file":662},{"catalog-name":"Cat\u00e1logo DPH - SCANIA","catalog-description":"Este Cat\u00e1logo DPH SCANIA incluye juegos de juntas, juntas de culata, anillos de estanqueidad de camisas de cilindros, juntas de c\u00e1rter de aceite, arandelas de sellado de v\u00e1stagos de v\u00e1lvulas, juntas t\u00f3ricas, gu\u00edas de v\u00e1lvulas, v\u00e1lvulas, etc. para camiones SCANIA comunes. El cat\u00e1logo contiene una lista de referencias cruzadas al principio del cat\u00e1logo. ","katalog-cover":630,"katalog-file":674},{"catalog-name":"Cat\u00e1logo DPH - VOLVO","catalog-description":"Este Cat\u00e1logo DPH VOLVO incluye juegos de juntas, juntas de culata, anillos de estanqueidad de camisas de cilindros, juntas de c\u00e1rter de aceite, arandelas de sellado de v\u00e1stagos de v\u00e1lvulas, juntas t\u00f3ricas, gu\u00edas de v\u00e1lvulas, v\u00e1lvulas, etc. para camiones VOLVO comunes. El cat\u00e1logo contiene una lista de referencias cruzadas al principio del cat\u00e1logo. ","katalog-cover":634,"katalog-file":678},{"catalog-name":"Cat\u00e1logo DPH - DAF","catalog-description":"Este Cat\u00e1logo DPH DAF incluye juegos de juntas, juntas de culata, anillos de estanqueidad de camisas de cilindros, juntas de c\u00e1rter de aceite, arandelas de sellado de v\u00e1stagos de v\u00e1lvulas, juntas t\u00f3ricas, gu\u00edas de v\u00e1lvulas, v\u00e1lvulas, etc. para camiones DAF comunes. El cat\u00e1logo contiene una lista de referencias cruzadas al principio del cat\u00e1logo. ","katalog-cover":610,"katalog-file":654},{"catalog-name":"Cat\u00e1logo DPH - MAN","catalog-description":"Este Cat\u00e1logo DPH MAN incluye juegos de juntas, juntas de culata, anillos de estanqueidad de camisas de cilindros, juntas de c\u00e1rter de aceite, arandelas de sellado de v\u00e1stagos de v\u00e1lvulas, juntas t\u00f3ricas, gu\u00edas de v\u00e1lvulas, v\u00e1lvulas, etc. para camiones MAN comunes. El cat\u00e1logo contiene una lista de referencias cruzadas al principio del cat\u00e1logo. ","katalog-cover":614,"katalog-file":658},{"catalog-name":"Cat\u00e1logo DPH - BMW","catalog-description":"Este Cat\u00e1logo DPH BMW incluye juegos de juntas, juntas de culata, anillos de estanqueidad de camisas de cilindros, juntas de c\u00e1rter de aceite, arandelas de sellado de v\u00e1stagos de v\u00e1lvulas, juntas t\u00f3ricas, gu\u00edas de v\u00e1lvulas, v\u00e1lvulas, etc. para coches BMW. El cat\u00e1logo contiene una lista de referencias cruzadas al principio del cat\u00e1logo. ","katalog-cover":606,"katalog-file":650},{"catalog-name":"Cat\u00e1logo DPH - OPEL","catalog-description":"Este Cat\u00e1logo DPH OPEL incluye juegos de juntas, juntas de culata, anillos de estanqueidad de camisas de cilindros, juntas de c\u00e1rter de aceite, arandelas de sellado de v\u00e1stagos de v\u00e1lvulas, juntas t\u00f3ricas, gu\u00edas de v\u00e1lvulas, v\u00e1lvulas, etc. para coches OPEL comunes. El cat\u00e1logo contiene una lista de referencias cruzadas al principio del cat\u00e1logo. ","katalog-cover":622,"katalog-file":666},{"catalog-name":"Cat\u00e1logo DPH - PEUGEOT","catalog-description":"Este Cat\u00e1logo DPH PEUGEOT incluye juegos de juntas, juntas de culata, anillos de estanqueidad de camisas de cilindros, juntas de c\u00e1rter de aceite, arandelas de sellado de v\u00e1stagos de v\u00e1lvulas, juntas t\u00f3ricas, gu\u00edas de v\u00e1lvulas, v\u00e1lvulas, etc. para aplicaciones habituales de PEUGEOT. El cat\u00e1logo contiene una lista de referencias cruzadas al principio del cat\u00e1logo. ","katalog-cover":626,"katalog-file":670},{"catalog-name":"Cat\u00e1logo DPH - VW","catalog-description":"Este Cat\u00e1logo DPH VW incluye juegos de juntas, juntas de culata, anillos de estanqueidad de camisas de cilindros, juntas de c\u00e1rter de aceite, arandelas de sellado de v\u00e1stagos de v\u00e1lvulas, juntas t\u00f3ricas, gu\u00edas de v\u00e1lvulas, v\u00e1lvulas, etc. para la mayor\u00eda de los coches VW y VUL. Este cat\u00e1logo contiene una lista de referencias cruzadas al principio del cat\u00e1logo. ","katalog-cover":638,"katalog-file":682},{"catalog-name":"Cat\u00e1logo DPH - ZF","catalog-description":"Este cat\u00e1logo DPH ZF incluye muchas juntas y retenes de recambio alternativos para piezas ZF. El cat\u00e1logo contiene una lista de referencias cruzadas con los n\u00fameros de art\u00edculo ZF. ","katalog-cover":646,"katalog-file":691},{"catalog-name":"Cat\u00e1logo DPH - Retenes","catalog-description":"Este cat\u00e1logo contiene todos los retenes de aceite DPH adecuados para todas las marcas y aplicaciones actualmente soportadas por DPH. El cat\u00e1logo contiene una lista de referencias cruzadas que incluye los correspondientes n\u00fameros de art\u00edculo de Equipo Original. ","katalog-cover":642,"katalog-file":687}],"logo-reihenfolge":"","spare-part-table":""},"_links":{"self":[{"href":"https:\/\/konpart.de\/es\/wp-json\/wp\/v2\/product\/4166","targetHints":{"allow":["GET"]}}],"collection":[{"href":"https:\/\/konpart.de\/es\/wp-json\/wp\/v2\/product"}],"about":[{"href":"https:\/\/konpart.de\/es\/wp-json\/wp\/v2\/types\/product"}],"wp:featuredmedia":[{"embeddable":true,"href":"https:\/\/konpart.de\/es\/wp-json\/wp\/v2\/media\/3563"}],"wp:attachment":[{"href":"https:\/\/konpart.de\/es\/wp-json\/wp\/v2\/media?parent=4166"}],"wp:term":[{"taxonomy":"product-type","embeddable":true,"href":"https:\/\/konpart.de\/es\/wp-json\/wp\/v2\/product-type?post=4166"}],"curies":[{"name":"wp","href":"https:\/\/api.w.org\/{rel}","templated":true}]}}