{"id":4167,"date":"2024-11-20T18:22:08","date_gmt":"2024-11-20T17:22:08","guid":{"rendered":"https:\/\/konpart.de\/product\/febi\/"},"modified":"2025-10-14T14:11:43","modified_gmt":"2025-10-14T12:11:43","slug":"febi","status":"publish","type":"product","link":"https:\/\/konpart.de\/es\/product\/febi\/","title":{"rendered":"febi"},"excerpt":{"rendered":"<p>Como parte del Grupo Bilstein, Febi (Ferdinand Bilstein GmbH + Co. KG) es uno de los grandes fabricantes alemanes independientes de recambios de automoci\u00f3n de gama completa (IAM). Adem\u00e1s de Febi, el Grupo Bilstein posee otras marcas de recambios de automoci\u00f3n, como SWAG, KM Germany y Blue Print. <\/p>\n","protected":false},"featured_media":3575,"template":"","meta":{"_acf_changed":false},"product-type":[],"class_list":["post-4167","product","type-product","status-publish","has-post-thumbnail","hentry"],"acf":{"product-claim":"Productos Febi","product-description":"Como parte del Grupo Bilstein, Febi (Ferdinand Bilstein GmbH + Co. KG) es uno de los grandes fabricantes alemanes independientes de recambios de automoci\u00f3n de gama completa (IAM). Adem\u00e1s de Febi, el Grupo Bilstein posee otras marcas de recambios de automoci\u00f3n, como SWAG, KM Germany y Blue Print.  Febi es sin\u00f3nimo de continuidad, calidad, servicio, fiabilidad e innovaci\u00f3n desde hace m\u00e1s de 160 a\u00f1os.\n\nFebi ofrece al mercado de recambios una gama completa de piezas de recambio IAM de alta calidad con un enfoque de gama completa: Una gama de m\u00e1s de 34.000 recambios y piezas de desgaste para la mayor\u00eda de turismos y veh\u00edculos comerciales europeos, en constante crecimiento gracias al objetivo de Febi de poner los nuevos productos a disposici\u00f3n del mercado de recambios lo antes posible.\n\n<img class=\"alignnone size-full wp-image-734\" src=\"https:\/\/konpart.de\/wp-content\/uploads\/2024\/11\/bilstein-group-logo_small.webp\" alt=\"\" width=\"595\" height=\"333\">\n\nAdem\u00e1s de la amplia gama de piezas de Febi, desde piezas de direcci\u00f3n a piezas de freno, suministro de combustible, sensores, filtros, etc., su excelente relaci\u00f3n calidad-precio y la buena disponibilidad de los art\u00edculos son las principales razones de la aceptaci\u00f3n de Febi en el mercado y de su \u00e9xito.\n\nComo exportador oficial de Bilstein Group, KonPart Import-Export GmbH suministra gamas completas de recambios de Febi, Blue Print, KM Germany y SWAG.\n\n[ws-catalog]","catalog":[{"catalog-name":"Cat\u00e1logo completo FEBI DAF 2014","catalog-description":"","katalog-cover":745,"katalog-file":806},{"catalog-name":"Cat\u00e1logo FEBI DAF XF 2011-2012","catalog-description":"","katalog-cover":749,"katalog-file":810},{"catalog-name":"Cat\u00e1logo Completo FEBI IVECO 2013-2014","catalog-description":"","katalog-cover":753,"katalog-file":814},{"catalog-name":"Cat\u00e1logo FEBI IVECO Stralis 2012-2013","catalog-description":"","katalog-cover":757,"katalog-file":818},{"catalog-name":"Cat\u00e1logo Completo FEBI MAN 2013-2014","catalog-description":"","katalog-cover":761,"katalog-file":822},{"catalog-name":"Cat\u00e1logo FEBI MAN TGA 2008-2009","catalog-description":"","katalog-cover":765,"katalog-file":826},{"catalog-name":"Cat\u00e1logo FEBI MAN TGS TGX 2010-2011","catalog-description":"","katalog-cover":769,"katalog-file":830},{"catalog-name":"FEBI MERCEDES-BENZ Cami\u00f3n Cat\u00e1logo Completo 2014-2015","catalog-description":"","katalog-cover":781,"katalog-file":842},{"catalog-name":"Cat\u00e1logo FEBI MERCEDES-BENZ Actros Axor 2011-2012","catalog-description":"","katalog-cover":773,"katalog-file":834},{"catalog-name":"Cat\u00e1logo FEBI MERCEDES-BENZ Atego 2011-2012","catalog-description":"","katalog-cover":777,"katalog-file":838},{"catalog-name":"FEBI RENAULT TRUCKS RVI Cat\u00e1logo Completo 2014-2015","catalog-description":"","katalog-cover":785,"katalog-file":846},{"catalog-name":"FEBI SCANIA Cat\u00e1logo Completo 2014-2015","catalog-description":"","katalog-cover":789,"katalog-file":850},{"catalog-name":"Cat\u00e1logo FEBI SCANIA Serie P-G-R-T 2012-2013","catalog-description":"","katalog-cover":793,"katalog-file":854},{"catalog-name":"Cat\u00e1logo Completo FEBI VOLVO Truck 2014-2015","catalog-description":"","katalog-cover":801,"katalog-file":862},{"catalog-name":"Cat\u00e1logo FEBI VOLVO FH 2011-2012","catalog-description":"","katalog-cover":797,"katalog-file":858}],"logo-reihenfolge":8,"spare-part-table":""},"_links":{"self":[{"href":"https:\/\/konpart.de\/es\/wp-json\/wp\/v2\/product\/4167","targetHints":{"allow":["GET"]}}],"collection":[{"href":"https:\/\/konpart.de\/es\/wp-json\/wp\/v2\/product"}],"about":[{"href":"https:\/\/konpart.de\/es\/wp-json\/wp\/v2\/types\/product"}],"wp:featuredmedia":[{"embeddable":true,"href":"https:\/\/konpart.de\/es\/wp-json\/wp\/v2\/media\/3575"}],"wp:attachment":[{"href":"https:\/\/konpart.de\/es\/wp-json\/wp\/v2\/media?parent=4167"}],"wp:term":[{"taxonomy":"product-type","embeddable":true,"href":"https:\/\/konpart.de\/es\/wp-json\/wp\/v2\/product-type?post=4167"}],"curies":[{"name":"wp","href":"https:\/\/api.w.org\/{rel}","templated":true}]}}