{"id":4170,"date":"2024-11-20T18:05:07","date_gmt":"2024-11-20T17:05:07","guid":{"rendered":"https:\/\/konpart.de\/product\/autoedicion\/"},"modified":"2025-10-14T14:11:45","modified_gmt":"2025-10-14T12:11:45","slug":"autoedicion","status":"publish","type":"product","link":"https:\/\/konpart.de\/es\/product\/autoedicion\/","title":{"rendered":"AUTOEDICI\u00d3N"},"excerpt":{"rendered":"<p>DTP Motorteile GmbH es un fabricante alem\u00e1n de piezas de recambio de alta calidad para motores di\u00e9sel. La amplia gama de productos DTP abarca piezas de ra\u00edl com\u00fan, piezas de bomba, v\u00e1lvulas de rebose, bombas elevadoras, juntas y muchos m\u00e1s recambios de bomba de inyecci\u00f3n y di\u00e9sel para los camiones m\u00e1s comunes. <\/p>\n","protected":false},"featured_media":3567,"template":"","meta":{"_acf_changed":false},"product-type":[],"class_list":["post-4170","product","type-product","status-publish","has-post-thumbnail","hentry"],"acf":{"product-claim":"Productos de autoedici\u00f3n","product-description":"<h3>DTP - Recambios para Camiones Diesel<\/h3>\nDTP Motorteile GmbH es un fabricante alem\u00e1n de piezas de recambio de alta calidad para motores di\u00e9sel. La amplia gama de productos DTP abarca piezas de ra\u00edl com\u00fan, piezas de bomba, v\u00e1lvulas de rebose, bombas elevadoras, juntas y muchos m\u00e1s recambios de bomba de inyecci\u00f3n y di\u00e9sel para los camiones m\u00e1s comunes.  Los productos DTP son una alternativa rentable a las piezas de recambio OE u OEM y pueden utilizarse como piezas de recambio sin ninguna restricci\u00f3n.\n\nLas piezas de inyecci\u00f3n di\u00e9sel DTP se fabrican con las mejores materias primas, de acuerdo con los \u00faltimos est\u00e1ndares del proceso de producci\u00f3n y estrictos controles de calidad. La alta calidad uniforme de las piezas DTP garantiza un funcionamiento fiable y econ\u00f3mico de los motores de los clientes. \n\nTodos los procesos de trabajo de DTP Motorteile GmbH est\u00e1n sujetos a un sistema de gesti\u00f3n de la calidad y cuentan con la certificaci\u00f3n T\u00dcV seg\u00fan DIN EN ISO 9001.\n<h3>Productos de autoedici\u00f3n<\/h3>\n<ul>\n \t<li>V\u00e1lvulas de suministro<\/li>\n \t<li>Elementos de bombeo<\/li>\n \t<li>Bombas de alimentaci\u00f3n para bombas de inyecci\u00f3n<\/li>\n \t<li>Solenoides de corte de combustible<\/li>\n \t<li>Boquillas<\/li>\n \t<li>Sellos y juntas<\/li>\n \t<li>Retenes del eje f. Sistemas de inyecci\u00f3n <\/li>\n \t<li>Arandelas para bombas de inyecci\u00f3n<\/li>\n \t<li>m\u00e1s...<\/li>\n<\/ul>\n<a href=\"https:\/\/konpart.de\/wp-content\/uploads\/2024\/11\/DTP-Cross-Reference-List.pdf\" target=\"_blank\" rel=\"noopener\">Lista de referencias cruzadas de autoedici\u00f3n<\/a>","catalog":null,"logo-reihenfolge":24,"spare-part-table":""},"_links":{"self":[{"href":"https:\/\/konpart.de\/es\/wp-json\/wp\/v2\/product\/4170","targetHints":{"allow":["GET"]}}],"collection":[{"href":"https:\/\/konpart.de\/es\/wp-json\/wp\/v2\/product"}],"about":[{"href":"https:\/\/konpart.de\/es\/wp-json\/wp\/v2\/types\/product"}],"wp:featuredmedia":[{"embeddable":true,"href":"https:\/\/konpart.de\/es\/wp-json\/wp\/v2\/media\/3567"}],"wp:attachment":[{"href":"https:\/\/konpart.de\/es\/wp-json\/wp\/v2\/media?parent=4170"}],"wp:term":[{"taxonomy":"product-type","embeddable":true,"href":"https:\/\/konpart.de\/es\/wp-json\/wp\/v2\/product-type?post=4170"}],"curies":[{"name":"wp","href":"https:\/\/api.w.org\/{rel}","templated":true}]}}