{"id":4172,"date":"2024-11-21T13:08:37","date_gmt":"2024-11-21T12:08:37","guid":{"rendered":"https:\/\/konpart.de\/product\/federal-mogul\/"},"modified":"2025-10-14T14:11:48","modified_gmt":"2025-10-14T12:11:48","slug":"federal-mogul","status":"publish","type":"product","link":"https:\/\/konpart.de\/es\/product\/federal-mogul\/","title":{"rendered":"Federal Mogul"},"excerpt":{"rendered":"<p>Federal-Mogul es una de las empresas l\u00edderes mundiales en piezas de recambio de Equipo Original (EO) y posventa.<\/p>\n","protected":false},"featured_media":3579,"template":"","meta":{"_acf_changed":false},"product-type":[],"class_list":["post-4172","product","type-product","status-publish","has-post-thumbnail","hentry"],"acf":{"product-claim":"Productos Federal-Mogul","product-description":"<h3>La mejor cartera de marcas de recambios del mercado posventa<\/h3>\nFederal-Mogul es una de las empresas l\u00edderes mundiales en piezas de recambio de Equipo Original (EO) y posventa.\n\nCon la cartera de marcas y productos m\u00e1s conocida del sector, Federal Mogul Corporation ofrece soluciones posventa para reparaciones de motores, juntas, direcci\u00f3n, frenos y servicios rutinarios para millones de turismos, camiones ligeros y veh\u00edculos comerciales en todos los continentes:\n<ul>\n \t<li><a href=\"https:\/\/konpart.de\/product\/ferodo\/\" hreflang=\"en\">Piezas de freno FERODO, JURID Y BERAL<\/a><\/li>\n \t<li><a href=\"https:\/\/konpart.de\/product\/glyco\/\" hreflang=\"en\">Cojinetes GLYCO<\/a><\/li>\n \t<li><a href=\"https:\/\/konpart.de\/product\/goetze\/\" hreflang=\"en\">Anillos de pist\u00f3n y camisas de cilindro GOETZE<\/a><\/li>\n \t<li><a href=\"https:\/\/konpart.de\/product\/nural\/\" hreflang=\"en\">Pistones y conjuntos N\u00dcRAL<\/a><\/li>\n \t<li><a href=\"https:\/\/konpart.de\/product\/payen\/\" hreflang=\"en\">PAYEN Juntas, tornillos de culata y retenes de aceite<\/a><\/li>\n \t<li>Buj\u00edas y Filtros CHAMPION<\/li>\n \t<li><a href=\"https:\/\/konpart.de\/product\/moog\/\" hreflang=\"en\">Piezas de direcci\u00f3n y suspensi\u00f3n MOOG<\/a><\/li>\n \t<li><a href=\"https:\/\/konpart.de\/product\/fp-diesel\/\" hreflang=\"en\">FP DIESEL Piezas pesadas para maquinaria americana<\/a><\/li>\n<\/ul>\nNing\u00fan otro fabricante de piezas se acerca a las marcas preferidas por los instaladores de Federal-Moguls en cuanto a reputaci\u00f3n y fidelidad.\n<h3>LIDERAZGO EN TECNOLOG\u00cdA Y FABRICACI\u00d3N OE<\/h3>\nLos clientes del mercado posventa de todo el mundo se benefician de la experiencia en ingenier\u00eda y fabricaci\u00f3n de Federal-Mogul como proveedor l\u00edder de tecnolog\u00edas de Equipo Original (EO) para los principales fabricantes de autom\u00f3viles del mundo. Federal-Mogul ofrece una completa gama de productos innovadores dise\u00f1ados para resolver problemas, facilitar el trabajo de reparaci\u00f3n y mejorar el rendimiento del veh\u00edculo. Federal-Mogul te ofrece la excelencia en soluciones avanzadas para motores, que cumplen las estrictas normas establecidas por los fabricantes de veh\u00edculos y motores. Los productos posventa de Federal-Mogul est\u00e1n dise\u00f1ados y fabricados para satisfacer las exigencias de los recambios de Equipo Original y certificados en instalaciones de pruebas de categor\u00eda mundial.   \n<h3>LIDERAZGO EN I+D<\/h3>\nLas f\u00e1bricas de Federal-Mogul cuentan con el apoyo de una red mundial de centros de Investigaci\u00f3n y Desarrollo. Estos centros t\u00e9cnicos han sido equipados con procesos y equipos de pruebas y desarrollo de \u00faltima generaci\u00f3n para garantizar que Federal-Mogul se mantiene por delante de sus competidores y desarrolla piezas y materiales acordes con las necesidades de los veh\u00edculos y cadenas cinem\u00e1ticas actuales. Para Federal-Mogul, la cooperaci\u00f3n en la fase de dise\u00f1o es vital. Por eso, los ingenieros de Federal-Mogul trabajan junto a los fabricantes de equipos originales para desarrollar nuevas tecnolog\u00edas, mejorar la eficiencia del combustible y contribuir a reducir las emisiones de CO2. Con aproximadamente 200 cient\u00edficos e ingenieros trabajando en desarrollos tecnol\u00f3gicos, y 26 bancos de pruebas para motores de veh\u00edculos ligeros (VL) y comerciales (VC) para analizar los resultados de sus investigaciones, es f\u00e1cil ver por qu\u00e9 Federal-Mogul es l\u00edder en proporcionar la combinaci\u00f3n perfecta entre aplicaci\u00f3n y producto.    \n<h3>EXPERIENCIA COMPLETA EN MOTORES<\/h3>\nFederal-Mogul ofrece soluciones completas para la reparaci\u00f3n de motores de VL, VCL y CV -incluidas todas las piezas principales del motor, juntas, retenes y tornillos de culata- a trav\u00e9s de un grupo de marcas reconocidas en todo el mundo y desarrolladas por expertos en cada categor\u00eda de producto. Las marcas de motores y juntas de Federal-Mogul se benefician de esta red mundial de I+D y de los conocimientos t\u00e9cnicos de fabricaci\u00f3n. ","catalog":null,"logo-reihenfolge":"","spare-part-table":""},"_links":{"self":[{"href":"https:\/\/konpart.de\/es\/wp-json\/wp\/v2\/product\/4172","targetHints":{"allow":["GET"]}}],"collection":[{"href":"https:\/\/konpart.de\/es\/wp-json\/wp\/v2\/product"}],"about":[{"href":"https:\/\/konpart.de\/es\/wp-json\/wp\/v2\/types\/product"}],"wp:featuredmedia":[{"embeddable":true,"href":"https:\/\/konpart.de\/es\/wp-json\/wp\/v2\/media\/3579"}],"wp:attachment":[{"href":"https:\/\/konpart.de\/es\/wp-json\/wp\/v2\/media?parent=4172"}],"wp:term":[{"taxonomy":"product-type","embeddable":true,"href":"https:\/\/konpart.de\/es\/wp-json\/wp\/v2\/product-type?post=4172"}],"curies":[{"name":"wp","href":"https:\/\/api.w.org\/{rel}","templated":true}]}}