{"id":4175,"date":"2024-11-21T13:11:34","date_gmt":"2024-11-21T12:11:34","guid":{"rendered":"https:\/\/konpart.de\/product\/ferodo\/"},"modified":"2025-10-14T14:11:50","modified_gmt":"2025-10-14T12:11:50","slug":"ferodo","status":"publish","type":"product","link":"https:\/\/konpart.de\/es\/product\/ferodo\/","title":{"rendered":"Ferodo"},"excerpt":{"rendered":"<p>Ferodo, el primer nombre en frenos, se fund\u00f3 en Inglaterra en 1897 y lider\u00f3 el desarrollo de los materiales de fricci\u00f3n en su forma moderna.<\/p>\n","protected":false},"featured_media":3583,"template":"","meta":{"_acf_changed":false},"product-type":[],"class_list":["post-4175","product","type-product","status-publish","has-post-thumbnail","hentry"],"acf":{"product-claim":"Productos Ferodo","product-description":"<h3>El primer nombre en Frenos<\/h3>\nFerodo, <em>el primer nombre en frenos<\/em>, se fund\u00f3 en Inglaterra en 1897 y lider\u00f3 el desarrollo de los materiales de fricci\u00f3n en su forma moderna.\n\n[ws-catalog]\n\nEn la actualidad, nuestros productos de freno Ferodo est\u00e1n dise\u00f1ados para cumplir o superar las especificaciones de los equipos originales y ofrecen lo siguiente:\n<ul>\n \t<li>Rendimiento de frenado seguro y fiable<\/li>\n \t<li>Vida \u00fatil prolongada<\/li>\n \t<li>Tecnolog\u00edas de Equipo Original y soluciones innovadoras para el mercado posventa<\/li>\n<\/ul>\nLa marca de productos de freno Ferodo tambi\u00e9n ofrece un rendimiento superior en los circuitos de carreras y coches de rally, lo que proporciona a nuestros ingenieros la experiencia y los conocimientos necesarios para desarrollar soluciones de fricci\u00f3n para las situaciones de frenado m\u00e1s exigentes. Ferodo proporciona lo \u00faltimo en frenado para aquellos que no aceptan nada menos que lo mejor. \n\nLos clientes de posventa de Federal-Mogul se benefician de la experiencia demostrada de Ferodo en ingenier\u00eda y fabricaci\u00f3n de componentes de Equipo Original. Ofrecemos una gama cada vez mayor de tecnolog\u00edas innovadoras dise\u00f1adas para resolver un problema, facilitar el trabajo o mejorar el rendimiento del veh\u00edculo. ","catalog":[{"catalog-name":"FERODO Pastillas de Freno Discos y Accesorios Cat\u00e1logo Coche 2011","catalog-description":"","katalog-cover":876,"katalog-file":884},{"catalog-name":"FERODO Pastillas de Freno Discos y Accesorios Cat\u00e1logo Cami\u00f3n 2013","catalog-description":"","katalog-cover":880,"katalog-file":888}],"logo-reihenfolge":"","spare-part-table":""},"_links":{"self":[{"href":"https:\/\/konpart.de\/es\/wp-json\/wp\/v2\/product\/4175","targetHints":{"allow":["GET"]}}],"collection":[{"href":"https:\/\/konpart.de\/es\/wp-json\/wp\/v2\/product"}],"about":[{"href":"https:\/\/konpart.de\/es\/wp-json\/wp\/v2\/types\/product"}],"wp:featuredmedia":[{"embeddable":true,"href":"https:\/\/konpart.de\/es\/wp-json\/wp\/v2\/media\/3583"}],"wp:attachment":[{"href":"https:\/\/konpart.de\/es\/wp-json\/wp\/v2\/media?parent=4175"}],"wp:term":[{"taxonomy":"product-type","embeddable":true,"href":"https:\/\/konpart.de\/es\/wp-json\/wp\/v2\/product-type?post=4175"}],"curies":[{"name":"wp","href":"https:\/\/api.w.org\/{rel}","templated":true}]}}