{"id":4178,"date":"2024-11-21T13:19:35","date_gmt":"2024-11-21T12:19:35","guid":{"rendered":"https:\/\/konpart.de\/product\/bandera-alemania\/"},"modified":"2025-10-14T14:11:53","modified_gmt":"2025-10-14T12:11:53","slug":"bandera-alemania","status":"publish","type":"product","link":"https:\/\/konpart.de\/es\/product\/bandera-alemania\/","title":{"rendered":"Bandera Alemania"},"excerpt":{"rendered":"<p>FLAG GERMANY es la marca de calidad de Portex registrada en todo el mundo, especializada en inyecci\u00f3n diesel y piezas electr\u00f3nicas para la industria del autom\u00f3vil. Portex afirma con orgullo que en el transcurso de los \u00faltimos 24 a\u00f1os la empresa ha tomado la delantera en el mercado de recambios de automoci\u00f3n. <\/p>\n","protected":false},"featured_media":3587,"template":"","meta":{"_acf_changed":false},"product-type":[],"class_list":["post-4178","product","type-product","status-publish","has-post-thumbnail","hentry"],"acf":{"product-claim":"Bandera Alemania - Productos Portex","product-description":"FLAG GERMANY es la marca de calidad de Portex registrada en todo el mundo, especializada en inyecci\u00f3n diesel y piezas electr\u00f3nicas para la industria del autom\u00f3vil. Portex afirma con orgullo que en el transcurso de los \u00faltimos 24 a\u00f1os la empresa ha tomado la delantera en el mercado de recambios de automoci\u00f3n.  Los clientes de Portex valoran el prestigio mundial de la marca FLAG GERMANY y la recompensan con su confianza y lealtad de muchos a\u00f1os. Conocidos fabricantes de equipos originales tambi\u00e9n han llegado a valorar a Portex como socio competente. \n\n[ws-catalog]\n\nA lo largo de su historia, la empresa ha pasado de ser una empresa comercial a un productor innovador. Los motores de arranque y generadores, las bombas de alimentaci\u00f3n y los kits de reparaci\u00f3n se fabrican en la planta que la empresa tiene en Alemania. Por tanto, Portex puede ofrecer a sus clientes la m\u00e1xima flexibilidad e individualidad. Adem\u00e1s, Portex dispone de instalaciones de producci\u00f3n externas en el extranjero que cuentan con el apoyo in situ de sus experimentados t\u00e9cnicos. Por lo tanto, Portex es capaz de satisfacer las crecientes necesidades de sus clientes y los altos est\u00e1ndares de los productos de FLAG GERMANY. Desde el principio, la filosof\u00eda de Portex combina los valores tradicionales adquiridos en 25 a\u00f1os de experiencia con las tecnolog\u00edas m\u00e1s avanzadas y una competencia de alto nivel.     \n\nPortex se ha especializado en el sector de la tecnolog\u00eda de inyecci\u00f3n di\u00e9sel. Con su gama de productos est\u00e1ndar, Portex ha demostrado su eficacia y competitividad en el mercado mundial. \n\nEl programa diesel FLAG GERMANY incluye:\n<ul>\n \t<li>Piezas de recambio y kits de reparaci\u00f3n para todos los sistemas de inyecci\u00f3n<\/li>\n \t<li>Bombas de alimentaci\u00f3n<\/li>\n \t<li>Dispositivos de boquilla<\/li>\n<\/ul>\nA petici\u00f3n de sus clientes, Portex ha ampliado su gama de productos a\u00f1adiendo:\n<ul>\n \t<li>Boquillas inyectoras<\/li>\n \t<li>Piezas de la bomba<\/li>\n \t<li>V\u00e1lvulas de presi\u00f3n<\/li>\n<\/ul>\nHace varios a\u00f1os, Portex empez\u00f3 a ampliar su gama de productos para incluir el sistema el\u00e9ctrico de los veh\u00edculos.\n\nEl programa el\u00e9ctrico de la BANDERA ALEMANA incluye:\n<ul>\n \t<li>Entrantes<\/li>\n \t<li>Generadores (completos y piezas de repuesto)<\/li>\n \t<li>Unidades intermitentes<\/li>\n \t<li>Interruptores<\/li>\n \t<li>Gobernadores<\/li>\n \t<li>Convertidores de tensi\u00f3n<\/li>\n \t<li>Sensores<\/li>\n \t<li>Buj\u00edas de encendido<\/li>\n \t<li>Bombas de combustible y mucho m\u00e1s.<\/li>\n<\/ul>\nAdem\u00e1s, en la gama de productos Portex tambi\u00e9n encontrar\u00e1s piezas para la construcci\u00f3n de veh\u00edculos de motor:\n<ul>\n \t<li>Juegos de juntas para ejes traseros y engranajes de direcci\u00f3n<\/li>\n \t<li>Anillos de estanqueidad del eje<\/li>\n \t<li>Herramientas<\/li>\n<\/ul>","catalog":[{"catalog-name":"FLAG GERMANY Cat\u00e1logo de piezas de recambio Common Rail 2014","catalog-description":"Cat\u00e1logo FLAG GERMANY 2014 de piezas de recambio common rail que incluye kits de reparaci\u00f3n, toberas y \u00e9mbolos para DENSO y BOSCH, kits de reparaci\u00f3n para bombas de alta presi\u00f3n DENSO HP 2 \/ 3 y 4, kits de reparaci\u00f3n para bombas de alta presi\u00f3n BOSCH CR\/CP e inyectores, v\u00e1lvulas, espaciadores y toberas DELPHI. El cat\u00e1logo est\u00e1 muy bien ilustrado mostrando cada pieza de cada kit. Disponibles recambios para DENSO, BOSCH y DELPHI  ","katalog-cover":923,"katalog-file":895},{"catalog-name":"FLAG GERMANY Cat\u00e1logo de piezas de inyecci\u00f3n diesel 2014 - Parte 1","catalog-description":"El Cat\u00e1logo de Piezas de Inyecci\u00f3n Diesel FLAG GERMANY incluye bombas de inyecci\u00f3n, boquillas, ra\u00edles comunes, bombas de alimentaci\u00f3n para todos los camiones y autobuses habituales. El \u00edndice del cat\u00e1logo y la lista de referencias cruzadas permiten buscar por fabricantes de equipos originales BOSCH, DELPHI, DENSO, ZEXEL, STANADYNE, etc. ","katalog-cover":927,"katalog-file":899},{"catalog-name":"FLAG GERMANY Cat\u00e1logo de piezas de inyecci\u00f3n diesel 2014 - Parte 2","catalog-description":"El Cat\u00e1logo de Piezas de Inyecci\u00f3n Diesel FLAG GERMANY incluye bombas de inyecci\u00f3n, boquillas, ra\u00edles comunes, bombas de alimentaci\u00f3n para todos los camiones y autobuses habituales. El \u00edndice del cat\u00e1logo y la lista de referencias cruzadas permiten buscar por fabricantes de equipos originales BOSCH, DELPHI, DENSO, ZEXEL, STANADYNE, etc. ","katalog-cover":927,"katalog-file":903},{"catalog-name":"Cat\u00e1logo de piezas el\u00e9ctricas FLAG GERMANY","catalog-description":"El Cat\u00e1logo de Piezas El\u00e9ctricas FLAG GERMANY incluye motores de arranque, piezas de recambio para motores de arranque, alternadores, reguladores y poleas, etc. para todos los camiones y autobuses habituales. La lista de referencias cruzadas del cat\u00e1logo permite buscar por fabricantes de equipos originales BOSCH, DAF, IVECO, KHD, MAN, MERCEDES BENZ, RENAULT, SCANIA y VOLVO. Se indican los n\u00fameros de referencia.  ","katalog-cover":931,"katalog-file":907},{"catalog-name":"Cat\u00e1logo de Componentes Hidr\u00e1ulicos FLAG 2014","catalog-description":"","katalog-cover":935,"katalog-file":911},{"catalog-name":"Cat\u00e1logo de Sistemas de Bomba Unitaria FLAG 2014","catalog-description":"","katalog-cover":939,"katalog-file":915}],"logo-reihenfolge":"","spare-part-table":""},"_links":{"self":[{"href":"https:\/\/konpart.de\/es\/wp-json\/wp\/v2\/product\/4178","targetHints":{"allow":["GET"]}}],"collection":[{"href":"https:\/\/konpart.de\/es\/wp-json\/wp\/v2\/product"}],"about":[{"href":"https:\/\/konpart.de\/es\/wp-json\/wp\/v2\/types\/product"}],"wp:featuredmedia":[{"embeddable":true,"href":"https:\/\/konpart.de\/es\/wp-json\/wp\/v2\/media\/3587"}],"wp:attachment":[{"href":"https:\/\/konpart.de\/es\/wp-json\/wp\/v2\/media?parent=4178"}],"wp:term":[{"taxonomy":"product-type","embeddable":true,"href":"https:\/\/konpart.de\/es\/wp-json\/wp\/v2\/product-type?post=4178"}],"curies":[{"name":"wp","href":"https:\/\/api.w.org\/{rel}","templated":true}]}}