{"id":4179,"date":"2024-11-21T15:33:12","date_gmt":"2024-11-21T14:33:12","guid":{"rendered":"https:\/\/konpart.de\/product\/glyco\/"},"modified":"2025-10-14T14:11:54","modified_gmt":"2025-10-14T12:11:54","slug":"glyco","status":"publish","type":"product","link":"https:\/\/konpart.de\/es\/product\/glyco\/","title":{"rendered":"Glyco"},"excerpt":{"rendered":"<p>Federal-Mogul es l\u00edder mundial en tecnolog\u00eda de cojinetes de motor, y una de nuestras marcas de cojinetes de motor m\u00e1s apreciadas es Glyco\u00ae.<\/p>\n","protected":false},"featured_media":3599,"template":"","meta":{"_acf_changed":false},"product-type":[],"class_list":["post-4179","product","type-product","status-publish","has-post-thumbnail","hentry"],"acf":{"product-claim":"Productos Glyco","product-description":"<h3>M\u00e1s de 100 a\u00f1os de liderazgo mundial<\/h3>\nFederal-Mogul es l\u00edder mundial en tecnolog\u00eda de cojinetes de motor, y una de nuestras marcas de cojinetes de motor m\u00e1s apreciadas es Glyco\u00ae.\n\n[ws-catalog]\n\nDurante m\u00e1s de 100 a\u00f1os, nuestra marca Glyco ha ofrecido una gama incomparable de cojinetes y materiales al mercado de recambios de automoci\u00f3n, respaldada por dos de los centros de investigaci\u00f3n de cojinetes mejor equipados del mundo.\n\nCada a\u00f1o, los cojinetes Glyco de Equipo Original se instalan en m\u00e1s de 10 millones de motores de automoci\u00f3n, mar\u00edtimos y estacionarios, as\u00ed como en maquinaria agr\u00edcola y de construcci\u00f3n. Nuestra probada experiencia en Equipo Original es una de las razones por las que Glyco se ha convertido en la primera opci\u00f3n en cojinetes de posventa. \n\nLa gama Glyco Engine Solutions incluye tanto cojinetes como kits de motor (casquillos y arandelas de empuje).","catalog":[{"catalog-name":"Cat\u00e1logo de Rodamientos GLYCO 2013-2014","catalog-description":"","katalog-cover":1055,"katalog-file":1059}],"logo-reihenfolge":15,"spare-part-table":""},"_links":{"self":[{"href":"https:\/\/konpart.de\/es\/wp-json\/wp\/v2\/product\/4179","targetHints":{"allow":["GET"]}}],"collection":[{"href":"https:\/\/konpart.de\/es\/wp-json\/wp\/v2\/product"}],"about":[{"href":"https:\/\/konpart.de\/es\/wp-json\/wp\/v2\/types\/product"}],"wp:featuredmedia":[{"embeddable":true,"href":"https:\/\/konpart.de\/es\/wp-json\/wp\/v2\/media\/3599"}],"wp:attachment":[{"href":"https:\/\/konpart.de\/es\/wp-json\/wp\/v2\/media?parent=4179"}],"wp:term":[{"taxonomy":"product-type","embeddable":true,"href":"https:\/\/konpart.de\/es\/wp-json\/wp\/v2\/product-type?post=4179"}],"curies":[{"name":"wp","href":"https:\/\/api.w.org\/{rel}","templated":true}]}}