{"id":4181,"date":"2024-11-21T15:38:18","date_gmt":"2024-11-21T14:38:18","guid":{"rendered":"https:\/\/konpart.de\/product\/goetze\/"},"modified":"2025-10-14T14:11:58","modified_gmt":"2025-10-14T12:11:58","slug":"goetze","status":"publish","type":"product","link":"https:\/\/konpart.de\/es\/product\/goetze\/","title":{"rendered":"Goetze"},"excerpt":{"rendered":"<p>La marca Goetze de Federal-Mogul es un nombre l\u00edder en automoci\u00f3n, que ofrece segmentos de pist\u00f3n y camisas de cilindro de calidad, as\u00ed como una gama de Soluciones de estanquidad.<\/p>\n","protected":false},"featured_media":3603,"template":"","meta":{"_acf_changed":false},"product-type":[],"class_list":["post-4181","product","type-product","status-publish","has-post-thumbnail","hentry"],"acf":{"product-claim":"Productos Goetze","product-description":"<h3>Dedicados a las pruebas, la investigaci\u00f3n y el desarrollo<\/h3>\nLa marca Goetze de Federal-Mogul es un nombre l\u00edder en automoci\u00f3n, que ofrece segmentos de pist\u00f3n y camisas de cilindro de calidad, as\u00ed como una gama de Soluciones de estanquidad.\n\n[ws-catalog]\n\nLos productos Goetze son reconocidos en todo el mundo como ejemplos de tecnolog\u00eda alemana de Equipo Original. Nuestros clientes se benefician de la tecnolog\u00eda y la experiencia de fabricaci\u00f3n de Goetze en cada una de las \u00e1reas de productos clave: componentes met\u00e1licos del motor, juntas y elast\u00f3meros. \n\nNuestro compromiso con la investigaci\u00f3n es inigualable, con m\u00e1s de 200 cient\u00edficos, ingenieros y t\u00e9cnicos dedicados a las pruebas y el desarrollo de productos. Sometemos nuestros segmentos de pist\u00f3n y camisas de cilindro a rigurosos procesos de dise\u00f1o y desarrollo para adaptar perfectamente nuestros productos a tus aplicaciones. ","catalog":[{"catalog-name":"Cat\u00e1logo Anillos de pist\u00f3n GOETZE 2015-2016","catalog-description":"","katalog-cover":1073,"katalog-file":1069}],"logo-reihenfolge":17,"spare-part-table":""},"_links":{"self":[{"href":"https:\/\/konpart.de\/es\/wp-json\/wp\/v2\/product\/4181","targetHints":{"allow":["GET"]}}],"collection":[{"href":"https:\/\/konpart.de\/es\/wp-json\/wp\/v2\/product"}],"about":[{"href":"https:\/\/konpart.de\/es\/wp-json\/wp\/v2\/types\/product"}],"wp:featuredmedia":[{"embeddable":true,"href":"https:\/\/konpart.de\/es\/wp-json\/wp\/v2\/media\/3603"}],"wp:attachment":[{"href":"https:\/\/konpart.de\/es\/wp-json\/wp\/v2\/media?parent=4181"}],"wp:term":[{"taxonomy":"product-type","embeddable":true,"href":"https:\/\/konpart.de\/es\/wp-json\/wp\/v2\/product-type?post=4181"}],"curies":[{"name":"wp","href":"https:\/\/api.w.org\/{rel}","templated":true}]}}