{"id":4184,"date":"2024-11-21T15:56:27","date_gmt":"2024-11-21T14:56:27","guid":{"rendered":"https:\/\/konpart.de\/product\/kp-alemania\/"},"modified":"2025-10-14T14:11:59","modified_gmt":"2025-10-14T12:11:59","slug":"kp-alemania","status":"publish","type":"product","link":"https:\/\/konpart.de\/es\/product\/kp-alemania\/","title":{"rendered":"KP Alemania"},"excerpt":{"rendered":"<p>KonPart Import-Export GmbH ofrece bajo su propia marca KP GERMANY una amplia gama de cig\u00fce\u00f1ales forjados en calidad de equipo original (EO).<\/p>\n","protected":false},"featured_media":3619,"template":"","meta":{"_acf_changed":false},"product-type":[],"class_list":["post-4184","product","type-product","status-publish","has-post-thumbnail","hentry"],"acf":{"product-claim":"KP ALEMANIA Cig\u00fce\u00f1ales","product-description":"<h3>Cig\u00fce\u00f1ales forjados con calidad de equipo original fabricados en la UE<\/h3>\nKonPart Import-Export GmbH ofrece bajo su propia marca KP GERMANY una amplia gama de cig\u00fce\u00f1ales forjados en calidad de equipo original (EO).\n\nLa gama de productos de cig\u00fce\u00f1ales de KP GERMANY cubre las aplicaciones m\u00e1s comunes de camiones, autobuses y veh\u00edculos pesados europeos, americanos y asi\u00e1ticos, como:\n<ul>\n \t<li>MERCEDES<\/li>\n \t<li>HOMBRE<\/li>\n \t<li>IVECO<\/li>\n \t<li>VOLVO<\/li>\n \t<li>SCANIA<\/li>\n \t<li>DAF<\/li>\n \t<li>MACK<\/li>\n \t<li>CATERPILLAR<\/li>\n \t<li>PERKINS<\/li>\n \t<li>CUMMINS<\/li>\n \t<li>INTERNACIONAL<\/li>\n \t<li>JOHN DEERE<\/li>\n \t<li>KOMATSU<\/li>\n \t<li>etc.<\/li>\n<\/ul>\n[ws-catalog]\n\nTodos los cig\u00fce\u00f1ales KP GERMANY se fabrican en la Uni\u00f3n Europea de acuerdo con la certificaci\u00f3n ISO 9001:2000. Una alternativa fiable y rentable a los cig\u00fce\u00f1ales de Equipo Original gracias a las estrictas normas de calidad de Equipo Original y al desarrollo continuo. ","catalog":[{"catalog-name":"Lista de referencias de cig\u00fce\u00f1ales KP GERMANY","catalog-description":"","katalog-cover":"","katalog-file":1176}],"logo-reihenfolge":"","spare-part-table":""},"_links":{"self":[{"href":"https:\/\/konpart.de\/es\/wp-json\/wp\/v2\/product\/4184","targetHints":{"allow":["GET"]}}],"collection":[{"href":"https:\/\/konpart.de\/es\/wp-json\/wp\/v2\/product"}],"about":[{"href":"https:\/\/konpart.de\/es\/wp-json\/wp\/v2\/types\/product"}],"wp:featuredmedia":[{"embeddable":true,"href":"https:\/\/konpart.de\/es\/wp-json\/wp\/v2\/media\/3619"}],"wp:attachment":[{"href":"https:\/\/konpart.de\/es\/wp-json\/wp\/v2\/media?parent=4184"}],"wp:term":[{"taxonomy":"product-type","embeddable":true,"href":"https:\/\/konpart.de\/es\/wp-json\/wp\/v2\/product-type?post=4184"}],"curies":[{"name":"wp","href":"https:\/\/api.w.org\/{rel}","templated":true}]}}