{"id":4185,"date":"2024-11-21T15:41:20","date_gmt":"2024-11-21T14:41:20","guid":{"rendered":"https:\/\/konpart.de\/product\/hella\/"},"modified":"2025-10-14T14:12:01","modified_gmt":"2025-10-14T12:12:01","slug":"hella","status":"publish","type":"product","link":"https:\/\/konpart.de\/es\/product\/hella\/","title":{"rendered":"Hella"},"excerpt":{"rendered":"<p>Como uno de los 50 principales proveedores de recambios de automoci\u00f3n OEM del mundo, HELLA desarrolla y fabrica componentes y sistemas electr\u00f3nicos y de iluminaci\u00f3n de alta calidad para la industria del autom\u00f3vil. Los m\u00f3dulos completos para veh\u00edculos, los sistemas de aire acondicionado y los sistemas el\u00e9ctricos para veh\u00edculos se fabrican en empresas conjuntas. <\/p>\n","protected":false},"featured_media":3607,"template":"","meta":{"_acf_changed":false},"product-type":[],"class_list":["post-4185","product","type-product","status-publish","has-post-thumbnail","hentry"],"acf":{"product-claim":"Productos Hella","product-description":"Como uno de los 50 principales proveedores de recambios de automoci\u00f3n OEM del mundo, HELLA desarrolla y fabrica componentes y sistemas electr\u00f3nicos y de iluminaci\u00f3n de alta calidad para la industria del autom\u00f3vil. Los m\u00f3dulos completos para veh\u00edculos, los sistemas de aire acondicionado y los sistemas el\u00e9ctricos para veh\u00edculos se fabrican en empresas conjuntas. \n\n[ws-catalog]\n\nHELLA es una empresa familiar independiente con m\u00e1s de 30.700 empleados en 100 sedes repartidas por m\u00e1s de 35 pa\u00edses. Con m\u00e1s de 5.800 personas trabajando en investigaci\u00f3n y desarrollo, HELLA es uno de los motores de innovaci\u00f3n m\u00e1s importantes del mercado. \n\nComo proveedor de recambios, HELLA desarrolla, produce y comercializa una amplia gama de productos de iluminaci\u00f3n, electricidad, electr\u00f3nica y termocontrol de m\u00e1s de 38.000 art\u00edculos, una potente cartera que cubre una gran cantidad de aplicaciones. Las piezas de recambio de HELLA proceden de sus propias plantas de producci\u00f3n de recambios, de empresas conjuntas con otros fabricantes de piezas de alta calidad, as\u00ed como de la producci\u00f3n OEM de HELLA. ","catalog":[{"catalog-name":"Cat\u00e1logo Principal HELLA Electricidad y Electr\u00f3nica 2012-2013","catalog-description":"","katalog-cover":1090,"katalog-file":1114},{"catalog-name":"HELLA Cat\u00e1logo Principal Iluminaci\u00f3n 2010-2011","catalog-description":"","katalog-cover":1094,"katalog-file":1118},{"catalog-name":"Cat\u00e1logo 2012 de Rel\u00e9s, Bocinas e Interruptores HELLA","catalog-description":"","katalog-cover":1098,"katalog-file":1122},{"catalog-name":"Cat\u00e1logo de Se\u00f1ales HELLA","catalog-description":"","katalog-cover":1102,"katalog-file":1126},{"catalog-name":"Arrancadores y Alternadores HELLA 2013-2014","catalog-description":"","katalog-cover":1106,"katalog-file":1130},{"catalog-name":"Cat\u00e1logo HELLA de Refrigeraci\u00f3n y Aire Acondicionado para Motores Pesados 2012","catalog-description":"","katalog-cover":1086,"katalog-file":1110}],"logo-reihenfolge":21,"spare-part-table":""},"_links":{"self":[{"href":"https:\/\/konpart.de\/es\/wp-json\/wp\/v2\/product\/4185","targetHints":{"allow":["GET"]}}],"collection":[{"href":"https:\/\/konpart.de\/es\/wp-json\/wp\/v2\/product"}],"about":[{"href":"https:\/\/konpart.de\/es\/wp-json\/wp\/v2\/types\/product"}],"wp:featuredmedia":[{"embeddable":true,"href":"https:\/\/konpart.de\/es\/wp-json\/wp\/v2\/media\/3607"}],"wp:attachment":[{"href":"https:\/\/konpart.de\/es\/wp-json\/wp\/v2\/media?parent=4185"}],"wp:term":[{"taxonomy":"product-type","embeddable":true,"href":"https:\/\/konpart.de\/es\/wp-json\/wp\/v2\/product-type?post=4185"}],"curies":[{"name":"wp","href":"https:\/\/api.w.org\/{rel}","templated":true}]}}