{"id":4187,"date":"2024-11-21T15:59:17","date_gmt":"2024-11-21T14:59:17","guid":{"rendered":"https:\/\/konpart.de\/product\/laso\/"},"modified":"2025-10-14T14:12:02","modified_gmt":"2025-10-14T12:12:02","slug":"laso","status":"publish","type":"product","link":"https:\/\/konpart.de\/es\/product\/laso\/","title":{"rendered":"Laso"},"excerpt":{"rendered":"<p>LASO lleva m\u00e1s de 40 a\u00f1os fabricando piezas de recambio para coches, autobuses y camiones en Olpe (Alemania). La artesan\u00eda y las modernas l\u00edneas de producci\u00f3n son la clave de la m\u00e1xima calidad y precisi\u00f3n. <\/p>\n","protected":false},"featured_media":3623,"template":"","meta":{"_acf_changed":false},"product-type":[],"class_list":["post-4187","product","type-product","status-publish","has-post-thumbnail","hentry"],"acf":{"product-claim":"Productos Laso","product-description":"LASO lleva m\u00e1s de 40 a\u00f1os fabricando piezas de recambio para coches, autobuses y camiones en Olpe (Alemania). La artesan\u00eda y las modernas l\u00edneas de producci\u00f3n son la clave de la m\u00e1xima calidad y precisi\u00f3n. \n\n[ws-catalog]\n\nComo empresa especializada, LASO se centra en componentes sofisticados para motores, como bombas de aceite y de agua. Producimos principalmente para camiones y coches europeos. Nuestra filosof\u00eda es fabricar una gama de productos para una amplia selecci\u00f3n de marcas, con una calidad tan buena como la original, desde la \"A\" de Audi hasta la \"V\" de Volvo.  ","catalog":[{"catalog-name":"Cat\u00e1logo principal de piezas de recambio LASO Autom\u00f3viles 2009","catalog-description":"","katalog-cover":1207,"katalog-file":1187},{"catalog-name":"Cat\u00e1logo principal de recambios LASO Camiones 2011","catalog-description":"","katalog-cover":1211,"katalog-file":1191},{"catalog-name":"LASO Recambios Porsche Cat\u00e1logo 2014","catalog-description":"","katalog-cover":1219,"katalog-file":1199},{"catalog-name":"Cat\u00e1logo LASO Recambios Camiones Mercedes-Benz 2012","catalog-description":"","katalog-cover":1215,"katalog-file":1195},{"catalog-name":"Cat\u00e1logo LASO Recambios Volvo Trucks 2014","catalog-description":"","katalog-cover":1223,"katalog-file":1203}],"logo-reihenfolge":"","spare-part-table":""},"_links":{"self":[{"href":"https:\/\/konpart.de\/es\/wp-json\/wp\/v2\/product\/4187","targetHints":{"allow":["GET"]}}],"collection":[{"href":"https:\/\/konpart.de\/es\/wp-json\/wp\/v2\/product"}],"about":[{"href":"https:\/\/konpart.de\/es\/wp-json\/wp\/v2\/types\/product"}],"wp:featuredmedia":[{"embeddable":true,"href":"https:\/\/konpart.de\/es\/wp-json\/wp\/v2\/media\/3623"}],"wp:attachment":[{"href":"https:\/\/konpart.de\/es\/wp-json\/wp\/v2\/media?parent=4187"}],"wp:term":[{"taxonomy":"product-type","embeddable":true,"href":"https:\/\/konpart.de\/es\/wp-json\/wp\/v2\/product-type?post=4187"}],"curies":[{"name":"wp","href":"https:\/\/api.w.org\/{rel}","templated":true}]}}