{"id":4190,"date":"2024-11-21T15:50:57","date_gmt":"2024-11-21T14:50:57","guid":{"rendered":"https:\/\/konpart.de\/product\/gebe\/"},"modified":"2025-10-14T14:12:04","modified_gmt":"2025-10-14T12:12:04","slug":"gebe","status":"publish","type":"product","link":"https:\/\/konpart.de\/es\/product\/gebe\/","title":{"rendered":"GeBe"},"excerpt":{"rendered":"<p>IKA es una empresa comercial de recambios el\u00e9ctricos para motores de arranque, alternadores y compresores de CA, fundada en 1983. Durante los \u00faltimos 28 a\u00f1os, la empresa ha aumentado constantemente sus existencias y servicios. En la actualidad, IKA distribuye m\u00e1s de 7.000 componentes y piezas.  <\/p>\n","protected":false},"featured_media":3595,"template":"","meta":{"_acf_changed":false},"product-type":[],"class_list":["post-4190","product","type-product","status-publish","has-post-thumbnail","hentry"],"acf":{"product-claim":"Productos IKA GeBe","product-description":"IKA es una empresa comercial de recambios el\u00e9ctricos para motores de arranque, alternadores y compresores de CA, fundada en 1983. Durante los \u00faltimos 28 a\u00f1os, la empresa ha aumentado constantemente sus existencias y servicios. En la actualidad, IKA distribuye m\u00e1s de 7.000 componentes y piezas.   IKA suministra a m\u00e1s de 500 clientes en m\u00e1s de 70 pa\u00edses, incluidos todos los reconstructores y mayoristas de renombre.\n\n[ws-catalog]\n\nLa larga experiencia en diferentes mercados de todo el mundo convierte a IKA en un socio fiable y de alta calidad para productos consolidados e innovadores.\n\nComo proveedor de IKA Ge Be, KonPart Import-Export GmbH exporta productos de IKA Ge Be, tales como escobillas de carb\u00f3n IKA Ge Be, piezas de alternador IKA Ge Be, poleas IKA Ge Be, bujes \/ piezas de arranque IKA Ge Be, casquillos de arranque IKA Ge Be, piezas de arranque IKA Ge Be, portaescobillas IKA Ge Be, cojinetes IKA Ge Be y kits de reparaci\u00f3n IKA Ge Be.","catalog":[{"catalog-name":"Cat\u00e1logo 2014 de poleas de alternador IKA-GEBE","catalog-description":"","katalog-cover":1155,"katalog-file":1139},{"catalog-name":"Cat\u00e1logo de gesti\u00f3n de motores IKA-GEBE 2014-2015","catalog-description":"","katalog-cover":1159,"katalog-file":1143},{"catalog-name":"Cat\u00e1logo de arrancadores y alternadores IKA-GEBE 2014-2015","catalog-description":"","katalog-cover":1163,"katalog-file":1147},{"catalog-name":"Cat\u00e1logo de piezas de recambio para motores de arranque IKA-GEBE 2014-2015","catalog-description":"","katalog-cover":1167,"katalog-file":1151}],"logo-reihenfolge":"","spare-part-table":""},"_links":{"self":[{"href":"https:\/\/konpart.de\/es\/wp-json\/wp\/v2\/product\/4190","targetHints":{"allow":["GET"]}}],"collection":[{"href":"https:\/\/konpart.de\/es\/wp-json\/wp\/v2\/product"}],"about":[{"href":"https:\/\/konpart.de\/es\/wp-json\/wp\/v2\/types\/product"}],"wp:featuredmedia":[{"embeddable":true,"href":"https:\/\/konpart.de\/es\/wp-json\/wp\/v2\/media\/3595"}],"wp:attachment":[{"href":"https:\/\/konpart.de\/es\/wp-json\/wp\/v2\/media?parent=4190"}],"wp:term":[{"taxonomy":"product-type","embeddable":true,"href":"https:\/\/konpart.de\/es\/wp-json\/wp\/v2\/product-type?post=4190"}],"curies":[{"name":"wp","href":"https:\/\/api.w.org\/{rel}","templated":true}]}}