{"id":4191,"date":"2024-11-21T16:20:08","date_gmt":"2024-11-21T15:20:08","guid":{"rendered":"https:\/\/konpart.de\/product\/productos-mahle\/"},"modified":"2025-10-14T14:12:07","modified_gmt":"2025-10-14T12:12:07","slug":"productos-mahle","status":"publish","type":"product","link":"https:\/\/konpart.de\/es\/product\/productos-mahle\/","title":{"rendered":"Productos Mahle"},"excerpt":{"rendered":"<p>Como socio l\u00edder mundial en desarrollo para la industria del autom\u00f3vil y del motor, MAHLE ofrece una competencia \u00fanica en sistemas para el motor de combusti\u00f3n interna y los perif\u00e9ricos del motor. Con sus dos unidades de negocio Sistemas y Componentes para Motores y Filtraci\u00f3n y Perif\u00e9ricos para Motores, el Grupo MAHLE se encuentra entre los tres principales fabricantes de sistemas del mundo. <\/p>\n","protected":false},"featured_media":3631,"template":"","meta":{"_acf_changed":false},"product-type":[],"class_list":["post-4191","product","type-product","status-publish","has-post-thumbnail","hentry"],"acf":{"product-claim":"Productos Mahle","product-description":"Como socio l\u00edder mundial en desarrollo para la industria del autom\u00f3vil y del motor, MAHLE ofrece una competencia \u00fanica en sistemas de motor de combusti\u00f3n interna y perif\u00e9ricos del motor. Con sus dos unidades de negocio Sistemas y Componentes del Motor y Filtraci\u00f3n y Perif\u00e9ricos del Motor, el Grupo MAHLE se sit\u00faa as\u00ed entre los tres principales proveedores de sistemas del mundo para sistemas de pistones, componentes de cilindros, as\u00ed como sistemas de tren de v\u00e1lvulas, gesti\u00f3n del aire y gesti\u00f3n de l\u00edquidos. Casi todos los fabricantes de autom\u00f3viles y motores del mundo son clientes de MAHLE.  \n\nDurante m\u00e1s de 90 a\u00f1os, MAHLE ha desempe\u00f1ado un papel decisivo en la promoci\u00f3n del desarrollo de la tecnolog\u00eda del autom\u00f3vil y del motor, estableciendo est\u00e1ndares una y otra vez. Impulsados por el rendimiento, todos los empleados de MAHLE demuestran un entusiasmo desbordante por el rendimiento, la precisi\u00f3n y la perfecci\u00f3n. \n\nMAHLE tiene presencia local en los principales mercados mundiales. Aproximadamente 49.000 empleados trabajan en m\u00e1s de 100 plantas de producci\u00f3n y ocho centros de investigaci\u00f3n y desarrollo en Stuttgart, Northampton, Detroit (Farmington Hills, Novi), Tokio (Kawagoe, Okegawa), Shanghai y S\u00e3o Paulo (Jundia\u00ed). En todo el mundo, unos 3.000 ingenieros y t\u00e9cnicos de desarrollo trabajan en conceptos, productos y sistemas con visi\u00f3n de futuro para el desarrollo continuo de los trenes de potencia de los veh\u00edculos.  \n\nLa unidad de negocio Industria agrupa las actividades industriales del Grupo MAHLE. \u00c9stas incluyen las \u00e1reas de grandes motores, filtraci\u00f3n industrial, as\u00ed como sistemas de refrigeraci\u00f3n y aire acondicionado para veh\u00edculos ferroviarios y especiales, autobuses, barcos, maquinaria de construcci\u00f3n y agr\u00edcola, la industria aeroespacial y grandes motores estacionarios para generaci\u00f3n de energ\u00eda. La unidad de negocio Aftermarket abastece al mercado independiente de recambios con productos MAHLE con calidad de Equipo Original.  ","catalog":null,"logo-reihenfolge":7,"spare-part-table":""},"_links":{"self":[{"href":"https:\/\/konpart.de\/es\/wp-json\/wp\/v2\/product\/4191","targetHints":{"allow":["GET"]}}],"collection":[{"href":"https:\/\/konpart.de\/es\/wp-json\/wp\/v2\/product"}],"about":[{"href":"https:\/\/konpart.de\/es\/wp-json\/wp\/v2\/types\/product"}],"wp:featuredmedia":[{"embeddable":true,"href":"https:\/\/konpart.de\/es\/wp-json\/wp\/v2\/media\/3631"}],"wp:attachment":[{"href":"https:\/\/konpart.de\/es\/wp-json\/wp\/v2\/media?parent=4191"}],"wp:term":[{"taxonomy":"product-type","embeddable":true,"href":"https:\/\/konpart.de\/es\/wp-json\/wp\/v2\/product-type?post=4191"}],"curies":[{"name":"wp","href":"https:\/\/api.w.org\/{rel}","templated":true}]}}