{"id":4193,"date":"2024-11-21T16:22:46","date_gmt":"2024-11-21T15:22:46","guid":{"rendered":"https:\/\/konpart.de\/product\/monark\/"},"modified":"2025-10-14T14:12:09","modified_gmt":"2025-10-14T12:12:09","slug":"monark","status":"publish","type":"product","link":"https:\/\/konpart.de\/es\/product\/monark\/","title":{"rendered":"Monark"},"excerpt":{"rendered":"<p>MONARK es desde hace d\u00e9cadas un reconocido fabricante alem\u00e1n de piezas de inyecci\u00f3n, motores de arranque, alternadores y otras piezas de recambio para autom\u00f3viles. Las piezas de recambio MONARK con calidad de equipo original se suministran a fabricantes de la industria automovil\u00edstica internacional, as\u00ed como al mercado de recambios. <\/p>\n","protected":false},"featured_media":3635,"template":"","meta":{"_acf_changed":false},"product-type":[],"class_list":["post-4193","product","type-product","status-publish","has-post-thumbnail","hentry"],"acf":{"product-claim":"Productos MONARK","product-description":"<h3>Piezas de inyecci\u00f3n, motores de arranque y alternadores con calidad de equipo original<\/h3>\nMONARK es desde hace d\u00e9cadas un reconocido fabricante alem\u00e1n de piezas de inyecci\u00f3n, motores de arranque, alternadores y otras piezas de recambio para autom\u00f3viles. Las piezas de recambio MONARK con calidad de equipo original se suministran a fabricantes de la industria automovil\u00edstica internacional, as\u00ed como al mercado de recambios. \n\n<strong>Piezas de inyecci\u00f3n<\/strong>\n<ul>\n \t<li><a href=\"https:\/\/konpart.de\/products\/monark\/monark-injectors\/\" hreflang=\"en\">Inyectores MONARK<\/a><\/li>\n \t<li><a href=\"https:\/\/konpart.de\/products\/monark\/monark-injection-pumps\/\" hreflang=\"en\">Bombas de inyecci\u00f3n MONARK<\/a><\/li>\n \t<li><a href=\"https:\/\/konpart.de\/products\/monark\/monark-remanufactured-injection-pumps\/\" hreflang=\"en\">Bombas de inyecci\u00f3n remanufacturadas MONARK<\/a><\/li>\n \t<li><a href=\"https:\/\/konpart.de\/products\/monark\/monark-injector-nozzles\/\" hreflang=\"en\">Boquillas inyectoras MONARK<\/a><\/li>\n \t<li><a href=\"https:\/\/konpart.de\/products\/monark\/monark-pins\/\" hreflang=\"en\">Alfileres MONARK<\/a><\/li>\n \t<li><a href=\"https:\/\/konpart.de\/products\/monark\/monark-pump-elements\/\" hreflang=\"en\">Elementos de Bomba MONARK<\/a><\/li>\n \t<li><a href=\"https:\/\/konpart.de\/products\/monark\/monark-fuel-pumps\/\" hreflang=\"en\">Bombas de combustible MONARK<\/a><\/li>\n \t<li><a href=\"https:\/\/konpart.de\/products\/monark\/monark-feed-pumps\/\" hreflang=\"en\">Bombas de alimentaci\u00f3n MONARK<\/a><\/li>\n \t<li><a href=\"https:\/\/konpart.de\/products\/monark\/monark-hand-feed-pumps\/\" hreflang=\"en\">Bombas manuales MONARK<\/a><\/li>\n \t<li><a href=\"https:\/\/konpart.de\/products\/monark\/monark-high-pressure-pumps-common-rail\/\" hreflang=\"en\">Bombas de alta presi\u00f3n MONARK (Common Rail)<\/a><\/li>\n \t<li><a href=\"https:\/\/konpart.de\/products\/monark\/monark-sender-units\/\" hreflang=\"en\">Unidades emisoras MONARK<\/a><\/li>\n \t<li><a href=\"https:\/\/konpart.de\/products\/monark\/monark-switches-ignition-system\/\" hreflang=\"en\">Interruptores MONARK, Sistema de encendido<\/a><\/li>\n \t<li><a href=\"https:\/\/konpart.de\/products\/monark\/monark-membranes\/\" hreflang=\"en\">Membranas MONARK<\/a><\/li>\n \t<li><a href=\"https:\/\/konpart.de\/products\/monark\/monark-glow-plugs\/\" hreflang=\"en\">Tapones Luminosos MONARK<\/a><\/li>\n<\/ul>\n<strong>Motores de arranque y alternadores<\/strong>\n<ul>\n \t<li><a href=\"https:\/\/konpart.de\/products\/monark\/monark-starters\/\" hreflang=\"en\">Arrancadores MONARK<\/a><\/li>\n \t<li><a href=\"https:\/\/konpart.de\/products\/monark\/monark-remanufactured-starters\/\" hreflang=\"en\">Motores de arranque remanufacturados MONARK<\/a><\/li>\n \t<li><a href=\"https:\/\/konpart.de\/products\/monark\/monark-armatures\/\" hreflang=\"en\">Robineter\u00eda MONARK<\/a><\/li>\n \t<li><a href=\"https:\/\/konpart.de\/products\/monark\/monark-carbon-brushes\/\" hreflang=\"en\">Escobillas de carb\u00f3n MONARK<\/a><\/li>\n \t<li><a href=\"https:\/\/konpart.de\/products\/monark\/monark-collector-end-shield-bushes\/\" hreflang=\"en\">Casquillos de protecci\u00f3n del extremo del colector MONARK<\/a><\/li>\n \t<li><a href=\"https:\/\/konpart.de\/products\/monark\/monark-communator-end-shields\/\" hreflang=\"en\">Protectores de extremo de colector MONARK<\/a><\/li>\n \t<li><a href=\"https:\/\/konpart.de\/products\/monark\/monark-field-windings\/\" hreflang=\"en\">Bobinados de campo MONARK<\/a><\/li>\n \t<li><a href=\"https:\/\/konpart.de\/products\/monark\/monark-ignition-coils\/\" hreflang=\"en\">Bobinas de encendido MONARK<\/a><\/li>\n \t<li><a href=\"https:\/\/konpart.de\/products\/monark\/monark-ignition-starter-switches\/\" hreflang=\"en\">Interruptores de encendido \/ arranque MONARK<\/a><\/li>\n \t<li><a href=\"https:\/\/konpart.de\/products\/monark\/monark-levers\/\" hreflang=\"en\">Palancas MONARK<\/a><\/li>\n \t<li><a href=\"https:\/\/konpart.de\/products\/monark\/monark-multiple-disc-clutches\/\" hreflang=\"en\">Embragues de discos m\u00faltiples MONARK<\/a><\/li>\n \t<li><a href=\"https:\/\/konpart.de\/products\/monark\/monark-planetary-gears\/\" hreflang=\"en\">Engranajes planetarios MONARK<\/a><\/li>\n \t<li><a href=\"https:\/\/konpart.de\/products\/monark\/monark-solenoid-switches\/\" hreflang=\"en\">Interruptores magn\u00e9ticos MONARK<\/a><\/li>\n \t<li><a href=\"https:\/\/konpart.de\/products\/monark\/monark-alternators\/\" hreflang=\"en\">Alternadores MONARK<\/a><\/li>\n \t<li><a href=\"https:\/\/konpart.de\/products\/monark\/monark-drive-bearings\/\" hreflang=\"en\">Rodamientos de Transmisi\u00f3n MONARK<\/a><\/li>\n \t<li><a href=\"https:\/\/konpart.de\/products\/monark\/monark-rectifiers\/\" hreflang=\"en\">Rectificadores MONARK<\/a><\/li>\n \t<li><a href=\"https:\/\/konpart.de\/products\/monark\/monark-stators\/\" hreflang=\"en\">Estator MONARK<\/a><\/li>\n<\/ul>\n<strong>Iluminaci\u00f3n<\/strong>\n<ul>\n \t<li><a href=\"https:\/\/konpart.de\/products\/monark\/monark-flasher-units\/\" hreflang=\"en\">Unidades de intermitencia MONARK<\/a><\/li>\n \t<li><a href=\"https:\/\/konpart.de\/products\/monark\/monark-control-stalks\/\" hreflang=\"en\">Tallos de control MONARK<\/a><\/li>\n<\/ul>\n<strong>Piezas de freno<\/strong>\n<ul>\n \t<li><a href=\"https:\/\/konpart.de\/products\/monark\/monark-brake-cylinders\/\" hreflang=\"en\">Cilindros de freno MONARK<\/a><\/li>\n \t<li><a href=\"https:\/\/konpart.de\/products\/monark\/monark-brake-power-regulators\/\" hreflang=\"en\">Reguladores de potencia de freno MONARK<\/a><\/li>\n \t<li><a href=\"https:\/\/konpart.de\/products\/monark\/monark-coupling-heads\/\" hreflang=\"en\">Cabezas de acoplamiento MONARK<\/a><\/li>\n \t<li><a href=\"https:\/\/konpart.de\/products\/monark\/monark-pressure-control-valves\/\" hreflang=\"en\">V\u00e1lvulas reguladoras de presi\u00f3n MONARK<\/a><\/li>\n \t<li><a href=\"https:\/\/konpart.de\/products\/monark\/monark-pressure-converters\/\" hreflang=\"en\">Convertidores de presi\u00f3n MONARK<\/a><\/li>\n<\/ul>\n<strong>Otras piezas<\/strong>\n<ul>\n \t<li><a href=\"https:\/\/konpart.de\/products\/monark\/monark-valves\/\" hreflang=\"en\">V\u00e1lvulas MONARK<\/a><\/li>\n \t<li><a href=\"https:\/\/konpart.de\/products\/monark\/monark-switches\/\" hreflang=\"en\">Interruptores MONARK<\/a><\/li>\n \t<li><a href=\"https:\/\/konpart.de\/products\/monark\/monark-temperatur-switches\/\" hreflang=\"en\">Interruptores t\u00e9rmicos MONARK<\/a><\/li>\n \t<li><a href=\"https:\/\/konpart.de\/products\/monark\/monark-oil-pressures-switches\/\" hreflang=\"en\">Presostatos de aceite MONARK<\/a><\/li>\n \t<li><a href=\"https:\/\/konpart.de\/products\/monark\/monark-control-units\/\" hreflang=\"en\">Unidades de control MONARK<\/a><\/li>\n \t<li><a href=\"https:\/\/konpart.de\/products\/monark\/monark-relays\/\" hreflang=\"en\">Rel\u00e9s MONARK<\/a><\/li>\n \t<li><a href=\"https:\/\/konpart.de\/products\/monark\/monark-bearings\/\" hreflang=\"en\">Rodamientos MONARK<\/a><\/li>\n \t<li><a href=\"https:\/\/konpart.de\/products\/monark\/monark-rotors\/\" hreflang=\"en\">Rotores MONARK<\/a><\/li>\n \t<li><a href=\"https:\/\/konpart.de\/products\/monark\/monark-adapters\/\" hreflang=\"en\">Adaptadores MONARK<\/a><\/li>\n \t<li><a href=\"https:\/\/konpart.de\/products\/monark\/monark-compressors\/\" hreflang=\"en\">Compresores MONARK<\/a><\/li>\n \t<li><a href=\"https:\/\/konpart.de\/products\/monark\/monark-repair-kits\/\" hreflang=\"en\">Kits de reparaci\u00f3n MONARK<\/a><\/li>\n<\/ul>\n\u00a0\n\nComo OEM, los m\u00e1s altos est\u00e1ndares de calidad son cruciales para MONARK. Por ello, todos los procesos de fabricaci\u00f3n de MONARK se desarrollan de acuerdo con las normas ISO 9001:2008. \n<h3>Piezas de inyecci\u00f3n MONARK con calidad de equipo original - Nuevas y refabricadas<\/h3>\nAdem\u00e1s de fabricar piezas de inyecci\u00f3n nuevas, Monark posee una planta de refabricaci\u00f3n de autom\u00f3viles con una larga tradici\u00f3n en la regeneraci\u00f3n de bombas de inyecci\u00f3n. Su moderna f\u00e1brica, con especialistas experimentados y procesos bien establecidos, hace que las piezas de inyecci\u00f3n remanufacturadas de MONARK sean la mejor opci\u00f3n para los fabricantes de equipos originales y el mercado de recambios. \n\nActualmente MONARK ofrece remanufacturaci\u00f3n de las siguientes marcas de piezas de inyecci\u00f3n:\n<ul>\n \t<li>Bosch<\/li>\n \t<li>Delphi<\/li>\n \t<li>Denso<\/li>\n \t<li>VDO\/Continental<\/li>\n<\/ul>\nTodos los procesos de refabricaci\u00f3n de MONARK se realizan de acuerdo con las normas ISO 9001:2008 e ISO\/TS 16949:2009.\n\n[ws-catalog]","catalog":[{"catalog-name":"Cat\u00e1logo Coches 2014 de Piezas de Inyecci\u00f3n, Arranques y Alternadores MONARK","catalog-description":"","katalog-cover":1274,"katalog-file":1258},{"catalog-name":"Cat\u00e1logo 2014 de piezas de inyecci\u00f3n, motores de arranque y alternadores para camiones MONARK","catalog-description":"","katalog-cover":1278,"katalog-file":1262},{"catalog-name":"Cat\u00e1logo MONARK Common Rail 2014","catalog-description":"","katalog-cover":1266,"katalog-file":1250},{"catalog-name":"MONARK Reconstruir Bombas de Inyecci\u00f3n de Combustible Cat\u00e1logo 2014","catalog-description":"","katalog-cover":1270,"katalog-file":1254}],"logo-reihenfolge":"","spare-part-table":""},"_links":{"self":[{"href":"https:\/\/konpart.de\/es\/wp-json\/wp\/v2\/product\/4193","targetHints":{"allow":["GET"]}}],"collection":[{"href":"https:\/\/konpart.de\/es\/wp-json\/wp\/v2\/product"}],"about":[{"href":"https:\/\/konpart.de\/es\/wp-json\/wp\/v2\/types\/product"}],"wp:featuredmedia":[{"embeddable":true,"href":"https:\/\/konpart.de\/es\/wp-json\/wp\/v2\/media\/3635"}],"wp:attachment":[{"href":"https:\/\/konpart.de\/es\/wp-json\/wp\/v2\/media?parent=4193"}],"wp:term":[{"taxonomy":"product-type","embeddable":true,"href":"https:\/\/konpart.de\/es\/wp-json\/wp\/v2\/product-type?post=4193"}],"curies":[{"name":"wp","href":"https:\/\/api.w.org\/{rel}","templated":true}]}}