{"id":581,"date":"2024-11-12T17:18:05","date_gmt":"2024-11-12T16:18:05","guid":{"rendered":"https:\/\/konpart.de\/product\/bosch\/"},"modified":"2025-10-14T14:11:32","modified_gmt":"2025-10-14T12:11:32","slug":"bosch","status":"publish","type":"product","link":"https:\/\/konpart.de\/es\/product\/bosch\/","title":{"rendered":"Bosch"},"excerpt":{"rendered":"<p>Bosch (Robert Bosch GmbH) es el principal proveedor mundial de piezas de recambio para autom\u00f3viles. Como parte del Grupo Bosch, Robert Bosch GmbH tiene m\u00e1s de 450 filiales y empresas regionales en m\u00e1s de 60 pa\u00edses. <\/p>\n","protected":false},"featured_media":560,"template":"","meta":{"_acf_changed":false},"product-type":[],"class_list":["post-581","product","type-product","status-publish","has-post-thumbnail","hentry"],"acf":{"product-claim":"L\u00edder mundial en OEM","product-description":"Bosch (Robert Bosch GmbH) es el principal proveedor mundial de piezas de recambio para autom\u00f3viles. Como parte del Grupo Bosch, Robert Bosch GmbH tiene m\u00e1s de 450 filiales y empresas regionales en m\u00e1s de 60 pa\u00edses. La red mundial de desarrollo, fabricaci\u00f3n y ventas es la base de Bosch para seguir creciendo. Con su amplia gama de productos, Bosch mejora la calidad de vida proporcionando piezas de recambio y de desgaste de la m\u00e1xima calidad, innovadoras y duraderas.   \n\nCon aproximadamente 450.000 art\u00edculos en la gama de recambios Bosch, Bosch ofrece una amplia gama de productos con calidad de equipo original:\n<ul>\n \t<li>Inyecci\u00f3n diesel<\/li>\n \t<li>Suministro de combustible<\/li>\n \t<li>Motores electr\u00f3nicos<\/li>\n \t<li>Motores de arranque y alternadores<\/li>\n \t<li>Sensores<\/li>\n \t<li>Rel\u00e9s y solenoides<\/li>\n \t<li>Cuernos<\/li>\n \t<li>Iluminaci\u00f3n<\/li>\n \t<li>Correas de transmisi\u00f3n<\/li>\n \t<li>Frenos<\/li>\n \t<li>Buj\u00edas<\/li>\n \t<li>Filtros<\/li>\n \t<li>Bombillas<\/li>\n \t<li>Pilas<\/li>\n \t<li>Parabrisas<\/li>\n<\/ul>\nKonPart Import-Export GmbH puede suministrar toda la gama de productos Bosch.\n\n\u00a0\n\n<img class=\"alignnone wp-image-561 size-full\" title=\"Bosch Products\" src=\"https:\/\/konpart.de\/wp-content\/uploads\/2024\/11\/bosch_small.webp\" alt=\"Image of Bosch Products\" width=\"600\" height=\"396\">","catalog":null,"logo-reihenfolge":22,"spare-part-table":""},"_links":{"self":[{"href":"https:\/\/konpart.de\/es\/wp-json\/wp\/v2\/product\/581","targetHints":{"allow":["GET"]}}],"collection":[{"href":"https:\/\/konpart.de\/es\/wp-json\/wp\/v2\/product"}],"about":[{"href":"https:\/\/konpart.de\/es\/wp-json\/wp\/v2\/types\/product"}],"wp:featuredmedia":[{"embeddable":true,"href":"https:\/\/konpart.de\/es\/wp-json\/wp\/v2\/media\/560"}],"wp:attachment":[{"href":"https:\/\/konpart.de\/es\/wp-json\/wp\/v2\/media?parent=581"}],"wp:term":[{"taxonomy":"product-type","embeddable":true,"href":"https:\/\/konpart.de\/es\/wp-json\/wp\/v2\/product-type?post=581"}],"curies":[{"name":"wp","href":"https:\/\/api.w.org\/{rel}","templated":true}]}}