{"id":3903,"date":"2020-03-20T16:50:23","date_gmt":"2020-03-20T15:50:23","guid":{"rendered":"https:\/\/konpart.de\/avis-de-site\/"},"modified":"2025-09-04T11:24:49","modified_gmt":"2025-09-04T09:24:49","slug":"avis-de-site","status":"publish","type":"page","link":"https:\/\/konpart.de\/fr\/avis-de-site\/","title":{"rendered":"Avis de site"},"content":{"rendered":"<div class=\"gb-container gb-container-1b6166a1 main\">\n<div class=\"gb-container gb-container-e483e268 small\">\n\n<h1 class=\"wp-block-heading\">Avis de site<\/h1>\n\n\n\n<p>KonPart Import-Export GmbH<br\/>Am alten Lokschuppen 6<br\/>21509 Glinde, Allemagne<\/p>\n\n\n\n<p>Registre du commerce : HRB 22138<br\/>Tribunal d&rsquo;enregistrement : Amtsgericht L\u00fcbeck<\/p>\n\n\n\n<p><strong>Repr\u00e9sent\u00e9 par :<\/strong><br\/>Roman Choinowski<\/p>\n\n\n\n<p><strong>Contact<\/strong><br\/>T\u00e9l\u00e9phone : +49 (0)40 6963948-0<br\/>T\u00e9l\u00e9fax : +49 (0)40 6963948-20<br\/>E-mail : info@konpart.de<\/p>\n\n\n\n<p><strong>Num\u00e9ro d&rsquo;<\/strong>identification TVA<br\/>Num\u00e9ro d&rsquo;identification de la taxe sur le chiffre d&rsquo;affaires conform\u00e9ment \u00e0 l&rsquo;article 27 a de la loi sur la taxe sur le chiffre d&rsquo;affaires :<br\/>DE 118 629 230 <\/p>\n\n\n\n<p><strong>Responsable \u00e9ditorial<\/strong><br\/>Roman Choinowski<br\/>Adresse voir ci-dessus<\/p>\n\n<\/div>\n<\/div>","protected":false},"excerpt":{"rendered":"<p>Avis de site KonPart Import-Export GmbHAm alten Lokschuppen 621509 Glinde, Allemagne Registre du commerce : HRB 22138Tribunal d&rsquo;enregistrement : Amtsgericht L\u00fcbeck Repr\u00e9sent\u00e9 par :Roman Choinowski ContactT\u00e9l\u00e9phone : +49 (0)40 6963948-0T\u00e9l\u00e9fax : +49 (0)40 6963948-20E-mail : info@konpart.de Num\u00e9ro d&rsquo;identification TVANum\u00e9ro d&rsquo;identification de la taxe sur le chiffre d&rsquo;affaires conform\u00e9ment \u00e0 l&rsquo;article 27 a de la loi &#8230; <a title=\"Avis de site\" class=\"read-more\" href=\"https:\/\/konpart.de\/fr\/avis-de-site\/\" aria-label=\"En savoir plus sur Avis de site\">Weiterlesen &#8230;<\/a><\/p>\n","protected":false},"author":1,"featured_media":0,"parent":0,"menu_order":100,"comment_status":"closed","ping_status":"closed","template":"","meta":{"_acf_changed":false,"footnotes":""},"element-controls":[],"class_list":["post-3903","page","type-page","status-publish"],"acf":[],"_links":{"self":[{"href":"https:\/\/konpart.de\/fr\/wp-json\/wp\/v2\/pages\/3903","targetHints":{"allow":["GET"]}}],"collection":[{"href":"https:\/\/konpart.de\/fr\/wp-json\/wp\/v2\/pages"}],"about":[{"href":"https:\/\/konpart.de\/fr\/wp-json\/wp\/v2\/types\/page"}],"author":[{"embeddable":true,"href":"https:\/\/konpart.de\/fr\/wp-json\/wp\/v2\/users\/1"}],"replies":[{"embeddable":true,"href":"https:\/\/konpart.de\/fr\/wp-json\/wp\/v2\/comments?post=3903"}],"version-history":[{"count":1,"href":"https:\/\/konpart.de\/fr\/wp-json\/wp\/v2\/pages\/3903\/revisions"}],"predecessor-version":[{"id":3904,"href":"https:\/\/konpart.de\/fr\/wp-json\/wp\/v2\/pages\/3903\/revisions\/3904"}],"wp:attachment":[{"href":"https:\/\/konpart.de\/fr\/wp-json\/wp\/v2\/media?parent=3903"}],"wp:term":[{"taxonomy":"element-controls","embeddable":true,"href":"https:\/\/konpart.de\/fr\/wp-json\/wp\/v2\/element-controls?post=3903"}],"curies":[{"name":"wp","href":"https:\/\/api.w.org\/{rel}","templated":true}]}}