{"id":4052,"date":"2025-05-13T18:16:44","date_gmt":"2025-05-13T16:16:44","guid":{"rendered":"https:\/\/konpart.de\/localisation\/"},"modified":"2025-10-23T10:50:50","modified_gmt":"2025-10-23T08:50:50","slug":"localisation","status":"publish","type":"page","link":"https:\/\/konpart.de\/fr\/localisation\/","title":{"rendered":"Localisation"},"content":{"rendered":"\n<div><div class=\"n2_clear\"><ss3-force-full-width data-overflow-x=\"body\" data-horizontal-selector=\"body\"><div class=\"n2-section-smartslider fitvidsignore  n2_clear\" data-ssid=\"39\"><div id=\"n2-ss-39-align\" class=\"n2-ss-align\"><div class=\"n2-padding\"><div id=\"n2-ss-39\" data-creator=\"Smart Slider 3\" data-responsive=\"fullwidth\" class=\"n2-ss-slider n2-ow n2-has-hover n2notransition  \">\n        <div class=\"n2-ss-slider-1 n2_ss__touch_element n2-ow\">\n            <div class=\"n2-ss-slider-2 n2-ow\">\n                                                <div class=\"n2-ss-slider-3 n2-ow\">\n\n                    <div class=\"n2-ss-slide-backgrounds n2-ow-all\"><div class=\"n2-ss-slide-background\" data-public-id=\"1\" data-mode=\"fill\"><div class=\"n2-ss-slide-background-image\" data-blur=\"0\" data-opacity=\"100\" data-x=\"50\" data-y=\"50\" data-alt=\"\" data-title=\"\"><picture class=\"skip-lazy\" data-skip-lazy=\"1\"><source srcset=\"\/\/konpart.de\/wp-content\/uploads\/2025\/06\/konpart-automotive-catalogues-aftermarket-spare-parts-location-mobil.jpg\" media=\"(max-width: 900px)\" class=\"skip-lazy\" data-skip-lazy=\"1\"><img decoding=\"async\" src=\"\/\/konpart.de\/wp-content\/uploads\/2025\/06\/konpart-automotive-catalogues-aftermarket-spare-parts-location.jpg\" alt=\"\" title=\"\" loading=\"lazy\" class=\"skip-lazy\" data-skip-lazy=\"1\"><\/picture><\/div><div data-color=\"RGBA(210,10,16,1)\" style=\"background-color: RGBA(210,10,16,1);\" class=\"n2-ss-slide-background-color\"><\/div><\/div><\/div>                    <div class=\"n2-ss-slider-4 n2-ow\">\n                        <svg xmlns=\"http:\/\/www.w3.org\/2000\/svg\" viewBox=\"0 0 1920 500\" data-related-device=\"desktopPortrait\" class=\"n2-ow n2-ss-preserve-size n2-ss-preserve-size--slider n2-ss-slide-limiter\"><\/svg><div data-first=\"1\" data-slide-duration=\"0\" data-id=\"49\" data-slide-public-id=\"1\" data-title=\"Slide\" class=\"n2-ss-slide n2-ow  n2-ss-slide-49\"><div role=\"note\" class=\"n2-ss-slide--focus\" tabindex=\"-1\">Slide<\/div><div class=\"n2-ss-layers-container n2-ss-slide-limiter n2-ow\"><div class=\"n2-ss-layer n2-ow n-uc-pa1SUDfoXHTK\" data-sstype=\"slide\" data-pm=\"default\"><div class=\"n2-ss-layer n2-ow n-uc-KPPXK9D2axSw\" data-pm=\"default\" data-sstype=\"content\" data-hasbackground=\"0\"><div class=\"n2-ss-section-main-content n2-ss-layer-with-background n2-ss-layer-content n2-ow n-uc-KPPXK9D2axSw-inner\"><div class=\"n2-ss-layer n2-ow n2-ss-layer--block n2-ss-has-self-align n2-ss-stretch-layer n-uc-9yEZZ47QnI6o\" data-pm=\"normal\" data-sstype=\"row\"><div class=\"n2-ss-layer-row n2-ss-layer-with-background n-uc-9yEZZ47QnI6o-inner\"><div class=\"n2-ss-layer-row-inner \"><div class=\"n2-ss-layer n2-ow n-uc-BmQGdcMczcXj\" data-pm=\"default\" data-sstype=\"col\"><div class=\"n2-ss-layer-col n2-ss-layer-with-background n2-ss-layer-content n-uc-BmQGdcMczcXj-inner\"><\/div><\/div><div class=\"n2-ss-layer n2-ow n-uc-aOo25EJycHzN\" data-pm=\"default\" data-hidemobileportrait=\"1\" data-sstype=\"col\"><div class=\"n2-ss-layer-col n2-ss-layer-with-background n2-ss-layer-content n-uc-aOo25EJycHzN-inner\"><div class=\"n2-ss-layer n2-ow n-uc-N8o2zHZLgoNI\" data-pm=\"normal\" data-animv2=\"{&quot;basic&quot;:{&quot;in&quot;:{&quot;type&quot;:&quot;basic&quot;,&quot;name&quot;:&quot;Fade&quot;,&quot;keyFrames&quot;:[{&quot;ease&quot;:&quot;linear&quot;,&quot;opacity&quot;:0}]}}}\" data-sstype=\"layer\"><div id=\"n2-ss-39item1\" class=\"n2-font-7c51fb98e3f68a79f75f15481ce3fc1c-hover   n2-ss-item-content n2-ss-text n2-ow\" style=\"display:block;\">Emplacement<\/div><\/div><div class=\"n2-ss-layer n2-ow n-uc-bavTvds00XhQ\" data-pm=\"normal\" data-animv2=\"{&quot;basic&quot;:{&quot;in&quot;:{&quot;type&quot;:&quot;basic&quot;,&quot;name&quot;:&quot;Fade&quot;,&quot;keyFrames&quot;:[{&quot;duration&quot;:1,&quot;delay&quot;:0.6,&quot;opacity&quot;:0}]}}}\" data-sstype=\"layer\"><div class=\"n2-ss-item-content n2-ss-text n2-ow-all\"><div class=\"\"><p class=\"n2-font-a263158264e92a79de52d2ce25ae23a6-paragraph   \">Si\u00e8ge social de KonPart \u00e0 Glinde, pr\u00e8s de Hambourg.<br \/>\nBureaux, entrep\u00f4t et zone logistique d&rsquo;une superficie totale de 1 500 m\u00e8tres carr\u00e9s. <\/p>\n<\/div><\/div><\/div><div class=\"n2-ss-layer n2-ow n-uc-56bLudiNLmCT\" data-pm=\"normal\" data-animv2=\"{&quot;basic&quot;:{&quot;in&quot;:{&quot;type&quot;:&quot;basic&quot;,&quot;name&quot;:&quot;Fade&quot;,&quot;keyFrames&quot;:[{&quot;duration&quot;:1,&quot;delay&quot;:0.6,&quot;opacity&quot;:0}]}}}\" data-sstype=\"layer\"><div class=\"n2-ss-item-content n2-ss-text n2-ow-all\"><div class=\"\"><p class=\"n2-font-a263158264e92a79de52d2ce25ae23a6-paragraph   \">KonPart Import-Export GmbH<br \/>\nAm alten Lokschuppen 6<br \/>\n21509 Glinde, Allemagne<\/p>\n<\/div><\/div><\/div><\/div><\/div><\/div><\/div><\/div><\/div><\/div><\/div><\/div><\/div>                    <\/div>\n\n                                    <\/div>\n            <\/div>\n        <\/div>\n        <\/div><ss3-loader><\/ss3-loader><\/div><\/div><div class=\"n2_clear\"><\/div><\/div><\/ss3-force-full-width><\/div><\/div>\n\n\n\n<div class=\"gb-element-78c191c8\">\n<div class=\"order-by-priority\"><div class=\"gb-looper-6020cb22 order-by-priority\">\n<div class=\"gb-loop-item gb-loop-item-70ad5639 post-4109 product type-product status-publish has-post-thumbnail hentry\">\n<a href=\"https:\/\/konpart.de\/fr\/product\/zf\/\"><img loading=\"lazy\" decoding=\"async\" width=\"300\" height=\"200\" data-media-id=\"3713\" class=\"gb-media-16e43eec\" src=\"https:\/\/konpart.de\/wp-content\/uploads\/2024\/11\/zf-logo-1.jpg\" alt=\"ZF\"\/><\/a>\n<\/div>\n\n<div class=\"gb-loop-item gb-loop-item-70ad5639 post-4106 product type-product status-publish has-post-thumbnail hentry\">\n<a href=\"https:\/\/konpart.de\/fr\/product\/contitech\/\"><img loading=\"lazy\" decoding=\"async\" width=\"300\" height=\"200\" data-media-id=\"3557\" class=\"gb-media-16e43eec\" src=\"https:\/\/konpart.de\/wp-content\/uploads\/2025\/05\/contitech-logo-2.jpg\" alt=\"ContiTech\"\/><\/a>\n<\/div>\n\n<div class=\"gb-loop-item gb-loop-item-70ad5639 post-4155 product type-product status-publish has-post-thumbnail hentry\">\n<a href=\"https:\/\/konpart.de\/fr\/product\/ate\/\"><img loading=\"lazy\" decoding=\"async\" width=\"300\" height=\"200\" data-media-id=\"3528\" class=\"gb-media-16e43eec\" src=\"https:\/\/konpart.de\/wp-content\/uploads\/2024\/11\/ate-logo-2.jpg\" alt=\"ATE\"\/><\/a>\n<\/div>\n\n<div class=\"gb-loop-item gb-loop-item-70ad5639 post-4164 product type-product status-publish has-post-thumbnail hentry\">\n<a href=\"https:\/\/konpart.de\/fr\/product\/continental\/\"><img loading=\"lazy\" decoding=\"async\" width=\"300\" height=\"200\" data-media-id=\"3553\" class=\"gb-media-16e43eec\" src=\"https:\/\/konpart.de\/wp-content\/uploads\/2024\/11\/continental-logo-1.jpg\" alt=\"Continental\"\/><\/a>\n<\/div>\n\n<div class=\"gb-loop-item gb-loop-item-70ad5639 post-4123 product type-product status-publish has-post-thumbnail hentry\">\n<a href=\"https:\/\/konpart.de\/fr\/product\/victor-reinz\/\"><img loading=\"lazy\" decoding=\"async\" width=\"300\" height=\"200\" data-media-id=\"3673\" class=\"gb-media-16e43eec\" src=\"https:\/\/konpart.de\/wp-content\/uploads\/2024\/11\/reinz-logo.jpg\" alt=\"Victor Reinz\"\/><\/a>\n<\/div>\n\n<div class=\"gb-loop-item gb-loop-item-70ad5639 post-4105 product type-product status-publish has-post-thumbnail hentry\">\n<a href=\"https:\/\/konpart.de\/fr\/product\/kolbenschmidt\/\"><img loading=\"lazy\" decoding=\"async\" width=\"300\" height=\"200\" data-media-id=\"3613\" class=\"gb-media-16e43eec\" src=\"https:\/\/konpart.de\/wp-content\/uploads\/2025\/05\/kolbenschmidt-logo-1.jpg\" alt=\"Kolbenschmidt\"\/><\/a>\n<\/div>\n\n<div class=\"gb-loop-item gb-loop-item-70ad5639 post-4192 product type-product status-publish has-post-thumbnail hentry\">\n<a href=\"https:\/\/konpart.de\/fr\/product\/produits-mahle\/\"><img loading=\"lazy\" decoding=\"async\" width=\"300\" height=\"200\" data-media-id=\"3629\" class=\"gb-media-16e43eec\" src=\"https:\/\/konpart.de\/wp-content\/uploads\/2024\/11\/mahle-logo-1.jpg\" alt=\"Produits Mahle\"\/><\/a>\n<\/div>\n\n<div class=\"gb-loop-item gb-loop-item-70ad5639 post-4169 product type-product status-publish has-post-thumbnail hentry\">\n<a href=\"https:\/\/konpart.de\/fr\/product\/febi\/\"><img loading=\"lazy\" decoding=\"async\" width=\"300\" height=\"200\" data-media-id=\"3573\" class=\"gb-media-16e43eec\" src=\"https:\/\/konpart.de\/wp-content\/uploads\/2024\/11\/febi-logo-1.jpg\" alt=\"febi\"\/><\/a>\n<\/div>\n\n<div class=\"gb-loop-item gb-loop-item-70ad5639 post-4124 product type-product status-publish has-post-thumbnail hentry\">\n<a href=\"https:\/\/konpart.de\/fr\/product\/payen\/\"><img loading=\"lazy\" decoding=\"async\" width=\"300\" height=\"200\" data-media-id=\"3661\" class=\"gb-media-16e43eec\" src=\"https:\/\/konpart.de\/wp-content\/uploads\/2024\/11\/payen-logo-1.jpg\" alt=\"Payen\"\/><\/a>\n<\/div>\n\n<div class=\"gb-loop-item gb-loop-item-70ad5639 post-4157 product type-product status-publish has-post-thumbnail hentry\">\n<a href=\"https:\/\/konpart.de\/fr\/product\/borgwarner\/\"><img loading=\"lazy\" decoding=\"async\" width=\"300\" height=\"200\" data-media-id=\"3545\" class=\"gb-media-16e43eec\" src=\"https:\/\/konpart.de\/wp-content\/uploads\/2024\/11\/borgwarner-logo-1.jpg\" alt=\"BorgWarner\"\/><\/a>\n<\/div>\n\n<div class=\"gb-loop-item gb-loop-item-70ad5639 post-4103 product type-product status-publish has-post-thumbnail hentry\">\n<a href=\"https:\/\/konpart.de\/fr\/product\/knorr\/\"><img loading=\"lazy\" decoding=\"async\" width=\"300\" height=\"200\" data-media-id=\"3609\" class=\"gb-media-16e43eec\" src=\"https:\/\/konpart.de\/wp-content\/uploads\/2025\/05\/knorr-logo-1.jpg\" alt=\"Knorr\"\/><\/a>\n<\/div>\n\n<div class=\"gb-loop-item gb-loop-item-70ad5639 post-4141 product type-product status-publish has-post-thumbnail hentry\">\n<a href=\"https:\/\/konpart.de\/fr\/product\/trw\/\"><img loading=\"lazy\" decoding=\"async\" width=\"300\" height=\"200\" data-media-id=\"3693\" class=\"gb-media-16e43eec\" src=\"https:\/\/konpart.de\/wp-content\/uploads\/2025\/05\/trw-logo-1.jpg\" alt=\"TRW\"\/><\/a>\n<\/div>\n\n<div class=\"gb-loop-item gb-loop-item-70ad5639 post-4121 product type-product status-publish has-post-thumbnail hentry\">\n<a href=\"https:\/\/konpart.de\/fr\/product\/wabco\/\"><img loading=\"lazy\" decoding=\"async\" width=\"300\" height=\"200\" data-media-id=\"3705\" class=\"gb-media-16e43eec\" src=\"https:\/\/konpart.de\/wp-content\/uploads\/2025\/05\/wabco-logo-1.jpg\" alt=\"Wabco\"\/><\/a>\n<\/div>\n\n<div class=\"gb-loop-item gb-loop-item-70ad5639 post-4145 product type-product status-publish has-post-thumbnail hentry\">\n<a href=\"https:\/\/konpart.de\/fr\/product\/lemforder\/\"><img loading=\"lazy\" decoding=\"async\" width=\"300\" height=\"200\" data-media-id=\"3625\" class=\"gb-media-16e43eec\" src=\"https:\/\/konpart.de\/wp-content\/uploads\/2025\/05\/lemfoerder-logo-1.jpg\" alt=\"Lemf\u00f6rder\"\/><\/a>\n<\/div>\n\n<div class=\"gb-loop-item gb-loop-item-70ad5639 post-4180 product type-product status-publish has-post-thumbnail hentry\">\n<a href=\"https:\/\/konpart.de\/fr\/product\/glyco\/\"><img loading=\"lazy\" decoding=\"async\" width=\"300\" height=\"200\" data-media-id=\"3597\" class=\"gb-media-16e43eec\" src=\"https:\/\/konpart.de\/wp-content\/uploads\/2024\/11\/glyco-logo-2.jpg\" alt=\"Glyco\"\/><\/a>\n<\/div>\n\n<div class=\"gb-loop-item gb-loop-item-70ad5639 post-4134 product type-product status-publish has-post-thumbnail hentry\">\n<a href=\"https:\/\/konpart.de\/fr\/product\/moog\/\"><img loading=\"lazy\" decoding=\"async\" width=\"300\" height=\"200\" data-media-id=\"3637\" class=\"gb-media-16e43eec\" src=\"https:\/\/konpart.de\/wp-content\/uploads\/2024\/11\/moog-logo-1.jpg\" alt=\"Moog\"\/><\/a>\n<\/div>\n\n<div class=\"gb-loop-item gb-loop-item-70ad5639 post-4183 product type-product status-publish has-post-thumbnail hentry\">\n<a href=\"https:\/\/konpart.de\/fr\/product\/goetze\/\"><img loading=\"lazy\" decoding=\"async\" width=\"300\" height=\"200\" data-media-id=\"3601\" class=\"gb-media-16e43eec\" src=\"https:\/\/konpart.de\/wp-content\/uploads\/2024\/11\/goetze-logo-1.jpg\" alt=\"Goetze\"\/><\/a>\n<\/div>\n\n<div class=\"gb-loop-item gb-loop-item-70ad5639 post-4142 product type-product status-publish has-post-thumbnail hentry\">\n<a href=\"https:\/\/konpart.de\/fr\/product\/sachs\/\"><img loading=\"lazy\" decoding=\"async\" width=\"300\" height=\"200\" data-media-id=\"3677\" class=\"gb-media-16e43eec\" src=\"https:\/\/konpart.de\/wp-content\/uploads\/2025\/05\/sachs-logo-1.jpg\" alt=\"Sachs\"\/><\/a>\n<\/div>\n\n<div class=\"gb-loop-item gb-loop-item-70ad5639 post-4130 product type-product status-publish has-post-thumbnail hentry\">\n<a href=\"https:\/\/konpart.de\/fr\/product\/nural\/\"><img loading=\"lazy\" decoding=\"async\" width=\"300\" height=\"200\" data-media-id=\"3653\" class=\"gb-media-16e43eec\" src=\"https:\/\/konpart.de\/wp-content\/uploads\/2024\/11\/nueral-logo-1.jpg\" alt=\"N\u00fcral\"\/><\/a>\n<\/div>\n\n<div class=\"gb-loop-item gb-loop-item-70ad5639 post-4154 product type-product status-publish has-post-thumbnail hentry\">\n<a href=\"https:\/\/konpart.de\/fr\/product\/beru\/\"><img loading=\"lazy\" decoding=\"async\" width=\"300\" height=\"200\" data-media-id=\"3537\" class=\"gb-media-16e43eec\" src=\"https:\/\/konpart.de\/wp-content\/uploads\/2024\/11\/beru-logo-1.jpg\" alt=\"Beru\"\/><\/a>\n<\/div>\n\n<div class=\"gb-loop-item gb-loop-item-70ad5639 post-4188 product type-product status-publish has-post-thumbnail hentry\">\n<a href=\"https:\/\/konpart.de\/fr\/product\/hella\/\"><img loading=\"lazy\" decoding=\"async\" width=\"300\" height=\"200\" data-media-id=\"3605\" class=\"gb-media-16e43eec\" src=\"https:\/\/konpart.de\/wp-content\/uploads\/2024\/11\/hella-logo-1.jpg\" alt=\"Hella\"\/><\/a>\n<\/div>\n\n<div class=\"gb-loop-item gb-loop-item-70ad5639 post-579 product type-product status-publish has-post-thumbnail hentry\">\n<a href=\"https:\/\/konpart.de\/fr\/product\/bosch\/\"><img loading=\"lazy\" decoding=\"async\" width=\"125\" height=\"40\" data-media-id=\"558\" class=\"gb-media-16e43eec\" src=\"https:\/\/konpart.de\/wp-content\/uploads\/2024\/11\/BOSCH2.webp\" alt=\"Bosch\"\/><\/a>\n<\/div>\n\n<div class=\"gb-loop-item gb-loop-item-70ad5639 post-4135 product type-product status-publish has-post-thumbnail hentry\">\n<a href=\"https:\/\/konpart.de\/fr\/product\/nissens\/\"><img loading=\"lazy\" decoding=\"async\" width=\"300\" height=\"200\" data-media-id=\"3645\" class=\"gb-media-16e43eec\" src=\"https:\/\/konpart.de\/wp-content\/uploads\/2024\/11\/nissens-logo.jpg\" alt=\"Nissens\"\/><\/a>\n<\/div>\n\n<div class=\"gb-loop-item gb-loop-item-70ad5639 post-4162 product type-product status-publish has-post-thumbnail hentry\">\n<a href=\"https:\/\/konpart.de\/fr\/product\/dtp\/\"><img loading=\"lazy\" decoding=\"async\" width=\"300\" height=\"200\" data-media-id=\"3565\" class=\"gb-media-16e43eec\" src=\"https:\/\/konpart.de\/wp-content\/uploads\/2024\/11\/dtp-logo-1.jpg\" alt=\"DTP\"\/><\/a>\n<\/div>\n\n<div class=\"gb-loop-item gb-loop-item-70ad5639 post-4098 product type-product status-publish has-post-thumbnail hentry\">\n<a href=\"https:\/\/konpart.de\/fr\/product\/pierburg\/\"><img loading=\"lazy\" decoding=\"async\" width=\"300\" height=\"200\" data-media-id=\"3669\" class=\"gb-media-16e43eec\" src=\"https:\/\/konpart.de\/wp-content\/uploads\/2025\/05\/pierburg-logo-1.jpg\" alt=\"Pierburg\"\/><\/a>\n<\/div>\n\n<div class=\"gb-loop-item gb-loop-item-70ad5639 post-4177 product type-product status-publish has-post-thumbnail hentry\">\n<a href=\"https:\/\/konpart.de\/fr\/product\/fp-diesel\/\"><img loading=\"lazy\" decoding=\"async\" width=\"300\" height=\"200\" data-media-id=\"3589\" class=\"gb-media-16e43eec\" src=\"https:\/\/konpart.de\/wp-content\/uploads\/2024\/11\/fp-diesel-logo-1.jpg\" alt=\"FP Diesel\"\/><\/a>\n<\/div>\n\n<div class=\"gb-loop-item gb-loop-item-70ad5639 post-4101 product type-product status-publish has-post-thumbnail hentry\">\n<a href=\"https:\/\/konpart.de\/fr\/product\/impression-bleue\/\"><img loading=\"lazy\" decoding=\"async\" width=\"300\" height=\"200\" data-media-id=\"3541\" class=\"gb-media-16e43eec\" src=\"https:\/\/konpart.de\/wp-content\/uploads\/2025\/05\/blue-print-logo-1.jpg\" alt=\"Impression bleue\"\/><\/a>\n<\/div>\n\n<div class=\"gb-loop-item gb-loop-item-70ad5639 post-4099 product type-product status-publish has-post-thumbnail hentry\">\n<a href=\"https:\/\/konpart.de\/fr\/product\/nrf\/\"><img loading=\"lazy\" decoding=\"async\" width=\"300\" height=\"200\" data-media-id=\"3649\" class=\"gb-media-16e43eec\" src=\"https:\/\/konpart.de\/wp-content\/uploads\/2025\/05\/nrf-logo-1.jpg\" alt=\"NRF\"\/><\/a>\n<\/div>\n<\/div><\/div>\n<\/div>\n\n\n<div class=\"gb-container gb-container-4c28cbe3 main page-mb\">\n<div class=\"gb-container gb-container-914b04a5 small\">\n\n<h1 class=\"gb-text gb-text-26113fbc\">Localisation<\/h1>\n\n\n\n<p class=\"gb-text\"><strong>Adresse<\/strong><br>KonPart Import-Export GmbH<br>Am alten Lokschuppen 6<br>21509 Glinde, Allemagne<\/p>\n\n\n\n<div class=\"gb-element-4bb419c4\">\n<p><strong>Comment venir chez nous en voiture ou en camion&#8230;<\/strong><\/p>\n\n\n\n<p>Veuillez quitter l&rsquo;autoroute 24 \u00e0 la sortie 4 \u00ab\u00a0Reinbek\u00a0\u00bb, puis suivez les panneaux en direction de \u00ab\u00a0Reinbek\/Glinde\u00a0\u00bb.<br>Au carrefour avec la \u00ab\u00a0M\u00f6llner Landstrasse\u00a0\u00bb, tournez \u00e0 gauche. Apr\u00e8s quelques centaines de m\u00e8tres, prenez la troisi\u00e8me sortie \u00ab\u00a0Berliner Strasse\u00a0\u00bb au rond-point pour entrer dans le parc industriel \u00ab\u00a0Gewerbegebiet Reinbek-Glinde\u00a0\u00bb. <\/p>\n<\/div>\n\n\n\n<div class=\"gb-element-c89795ed\">\n<p><strong>Comment vous rendre chez nous avec les transports publics<\/strong>&#8230;<br>Depuis l&rsquo;a\u00e9roport \u00ab\u00a0Flughafen Hamburg\u00a0\u00bb<\/p>\n\n\n\n<p>M\u00e9tro \u00ab\u00a0S1\u00a0\u00bb &#8211; direction \u00ab\u00a0Wedel\u00a0\u00bb<br>Sortie \u00ab\u00a0Berliner Tor\u00a0\u00bb<br>M\u00e9tro \u00ab\u00a0U2\u00a0\u00bb &#8211; direction \u00ab\u00a0M\u00fcmmelmannsberg\u00a0\u00bb<br>Sortie \u00ab\u00a0Merkenstrasse\u00a0\u00bb ou \u00ab\u00a0Steinfurther Allee\u00a0\u00bb<br>Puis prenez le bus no. \u00ab\u00a0133\u00a0\u00bb &#8211; direction \u00ab\u00a0Neusch\u00f6nningstedt, Haidkrug\u00a0\u00bb<br>Sortie \u00ab\u00a0Berliner Strasse\u00a0\u00bb <\/p>\n<\/div>\n\n\n\n<div class=\"gb-element-e9fad60b\">\n<p><strong>Depuis la gare centrale de Hambourg (Hamburg Hauptbahnhof)<\/strong><\/p>\n\n\n\n<p>M\u00e9tro \u00ab\u00a0U2\u00a0\u00bb &#8211; direction \u00ab\u00a0M\u00fcmmelmannsberg\u00a0\u00bb<br>Sortie \u00ab\u00a0Merkenstrasse\u00a0\u00bb ou \u00ab\u00a0Steinfurther Allee\u00a0\u00bb<br>Puis prenez le bus no. \u00ab\u00a0133\u00a0\u00bb &#8211; direction \u00ab\u00a0Neusch\u00f6nningstedt, Haidkrug\u00a0\u00bb<br>Sortie \u00ab\u00a0Berliner Strasse\u00a0\u00bb <\/p>\n<\/div>\n\n<\/div>\n<\/div>","protected":false},"excerpt":{"rendered":"<p>Localisation AdresseKonPart Import-Export GmbHAm alten Lokschuppen 621509 Glinde, Allemagne Comment venir chez nous en voiture ou en camion&#8230; Veuillez quitter l&rsquo;autoroute 24 \u00e0 la sortie 4 \u00ab\u00a0Reinbek\u00a0\u00bb, puis suivez les panneaux en direction de \u00ab\u00a0Reinbek\/Glinde\u00a0\u00bb.Au carrefour avec la \u00ab\u00a0M\u00f6llner Landstrasse\u00a0\u00bb, tournez \u00e0 gauche. Apr\u00e8s quelques centaines de m\u00e8tres, prenez la troisi\u00e8me sortie \u00ab\u00a0Berliner Strasse\u00a0\u00bb au &#8230; <a title=\"Localisation\" class=\"read-more\" href=\"https:\/\/konpart.de\/fr\/localisation\/\" aria-label=\"En savoir plus sur Localisation\">Weiterlesen &#8230;<\/a><\/p>\n","protected":false},"author":1,"featured_media":0,"parent":0,"menu_order":70,"comment_status":"closed","ping_status":"closed","template":"","meta":{"_acf_changed":false,"footnotes":""},"element-controls":[],"class_list":["post-4052","page","type-page","status-publish"],"acf":[],"_links":{"self":[{"href":"https:\/\/konpart.de\/fr\/wp-json\/wp\/v2\/pages\/4052","targetHints":{"allow":["GET"]}}],"collection":[{"href":"https:\/\/konpart.de\/fr\/wp-json\/wp\/v2\/pages"}],"about":[{"href":"https:\/\/konpart.de\/fr\/wp-json\/wp\/v2\/types\/page"}],"author":[{"embeddable":true,"href":"https:\/\/konpart.de\/fr\/wp-json\/wp\/v2\/users\/1"}],"replies":[{"embeddable":true,"href":"https:\/\/konpart.de\/fr\/wp-json\/wp\/v2\/comments?post=4052"}],"version-history":[{"count":2,"href":"https:\/\/konpart.de\/fr\/wp-json\/wp\/v2\/pages\/4052\/revisions"}],"predecessor-version":[{"id":4864,"href":"https:\/\/konpart.de\/fr\/wp-json\/wp\/v2\/pages\/4052\/revisions\/4864"}],"wp:attachment":[{"href":"https:\/\/konpart.de\/fr\/wp-json\/wp\/v2\/media?parent=4052"}],"wp:term":[{"taxonomy":"element-controls","embeddable":true,"href":"https:\/\/konpart.de\/fr\/wp-json\/wp\/v2\/element-controls?post=4052"}],"curies":[{"name":"wp","href":"https:\/\/api.w.org\/{rel}","templated":true}]}}