{"id":4057,"date":"2025-05-13T18:16:22","date_gmt":"2025-05-13T16:16:22","guid":{"rendered":"https:\/\/konpart.de\/a-propos-de\/"},"modified":"2025-10-23T10:49:53","modified_gmt":"2025-10-23T08:49:53","slug":"a-propos-de","status":"publish","type":"page","link":"https:\/\/konpart.de\/fr\/a-propos-de\/","title":{"rendered":"A propos de"},"content":{"rendered":"\n<div><div class=\"n2_clear\"><ss3-force-full-width data-overflow-x=\"body\" data-horizontal-selector=\"body\"><div class=\"n2-section-smartslider fitvidsignore  n2_clear\" data-ssid=\"38\"><div id=\"n2-ss-38-align\" class=\"n2-ss-align\"><div class=\"n2-padding\"><div id=\"n2-ss-38\" data-creator=\"Smart Slider 3\" data-responsive=\"fullwidth\" class=\"n2-ss-slider n2-ow n2-has-hover n2notransition  \">\n        <div class=\"n2-ss-slider-1 n2_ss__touch_element n2-ow\">\n            <div class=\"n2-ss-slider-2 n2-ow\">\n                                                <div class=\"n2-ss-slider-3 n2-ow\">\n\n                    <div class=\"n2-ss-slide-backgrounds n2-ow-all\"><div class=\"n2-ss-slide-background\" data-public-id=\"1\" data-mode=\"fill\"><div class=\"n2-ss-slide-background-image\" data-blur=\"0\" data-opacity=\"100\" data-x=\"50\" data-y=\"50\" data-alt=\"\" data-title=\"\"><picture class=\"skip-lazy\" data-skip-lazy=\"1\"><source srcset=\"\/\/konpart.de\/wp-content\/uploads\/2025\/06\/konpart-automotive-catalogues-aftermarket-spare-parts-about-mobil.jpg\" media=\"(max-width: 900px)\" class=\"skip-lazy\" data-skip-lazy=\"1\"><img decoding=\"async\" src=\"\/\/konpart.de\/wp-content\/uploads\/2025\/06\/konpart-automotive-catalogues-aftermarket-spare-parts-about.jpg\" alt=\"\" title=\"\" loading=\"lazy\" class=\"skip-lazy\" data-skip-lazy=\"1\"><\/picture><\/div><div data-color=\"RGBA(210,10,16,1)\" style=\"background-color: RGBA(210,10,16,1);\" class=\"n2-ss-slide-background-color\"><\/div><\/div><\/div>                    <div class=\"n2-ss-slider-4 n2-ow\">\n                        <svg xmlns=\"http:\/\/www.w3.org\/2000\/svg\" viewBox=\"0 0 1920 500\" data-related-device=\"desktopPortrait\" class=\"n2-ow n2-ss-preserve-size n2-ss-preserve-size--slider n2-ss-slide-limiter\"><\/svg><div data-first=\"1\" data-slide-duration=\"0\" data-id=\"48\" data-slide-public-id=\"1\" data-title=\"Slide\" class=\"n2-ss-slide n2-ow  n2-ss-slide-48\"><div role=\"note\" class=\"n2-ss-slide--focus\" tabindex=\"-1\">Slide<\/div><div class=\"n2-ss-layers-container n2-ss-slide-limiter n2-ow\"><div class=\"n2-ss-layer n2-ow n-uc-NqAu6PxaxuiI\" data-sstype=\"slide\" data-pm=\"default\"><div class=\"n2-ss-layer n2-ow n-uc-Y7TljFsAlsGs\" data-pm=\"default\" data-sstype=\"content\" data-hasbackground=\"0\"><div class=\"n2-ss-section-main-content n2-ss-layer-with-background n2-ss-layer-content n2-ow n-uc-Y7TljFsAlsGs-inner\"><div class=\"n2-ss-layer n2-ow n2-ss-layer--block n2-ss-has-self-align n2-ss-stretch-layer n-uc-7LMJpteAd9l3\" data-pm=\"normal\" data-sstype=\"row\"><div class=\"n2-ss-layer-row n2-ss-layer-with-background n-uc-7LMJpteAd9l3-inner\"><div class=\"n2-ss-layer-row-inner \"><div class=\"n2-ss-layer n2-ow n-uc-Yf9iShbrYWZ4\" data-pm=\"default\" data-sstype=\"col\"><div class=\"n2-ss-layer-col n2-ss-layer-with-background n2-ss-layer-content n-uc-Yf9iShbrYWZ4-inner\"><\/div><\/div><div class=\"n2-ss-layer n2-ow n-uc-kZ1yzOX4Ic7Z\" data-pm=\"default\" data-hidemobileportrait=\"1\" data-sstype=\"col\"><div class=\"n2-ss-layer-col n2-ss-layer-with-background n2-ss-layer-content n-uc-kZ1yzOX4Ic7Z-inner\"><div class=\"n2-ss-layer n2-ow n-uc-9jNmcSypcNXz\" data-pm=\"normal\" data-animv2=\"{&quot;basic&quot;:{&quot;in&quot;:{&quot;type&quot;:&quot;basic&quot;,&quot;name&quot;:&quot;Fade&quot;,&quot;keyFrames&quot;:[{&quot;ease&quot;:&quot;linear&quot;,&quot;opacity&quot;:0}]}}}\" data-sstype=\"layer\"><div id=\"n2-ss-38item1\" class=\"n2-font-7c51fb98e3f68a79f75f15481ce3fc1c-hover   n2-ss-item-content n2-ss-text n2-ow\" style=\"display:block;\">\u00c0 propos<\/div><\/div><div class=\"n2-ss-layer n2-ow slider-text n-uc-3G9VGZhx0NU3\" data-pm=\"normal\" data-animv2=\"{&quot;basic&quot;:{&quot;in&quot;:{&quot;type&quot;:&quot;basic&quot;,&quot;name&quot;:&quot;Fade&quot;,&quot;keyFrames&quot;:[{&quot;duration&quot;:1,&quot;delay&quot;:0.6,&quot;opacity&quot;:0}]}}}\" data-sstype=\"layer\"><div class=\"n2-ss-item-content n2-ss-text n2-ow-all\"><div class=\"\"><p class=\"n2-font-a263158264e92a79de52d2ce25ae23a6-paragraph   \"><span class=\"list-icon\">Plus de 30 ans d&rsquo;exp\u00e9rience et d&rsquo;expertise.<\/span><br \/>\n<span class=\"list-icon\">Plus de 1 000 clients. <\/span><br \/>\n<span class=\"list-icon\">Plus de 10 000 transports outre-mer. <\/span><br \/>\n<span class=\"list-icon\">Plus d&rsquo;un million de pi\u00e8ces par an. <\/span><\/p>\n<\/div><\/div><\/div><\/div><\/div><\/div><\/div><\/div><\/div><\/div><\/div><\/div><\/div>                    <\/div>\n\n                                    <\/div>\n            <\/div>\n        <\/div>\n        <\/div><ss3-loader><\/ss3-loader><\/div><\/div><div class=\"n2_clear\"><\/div><\/div><\/ss3-force-full-width><\/div><\/div>\n\n\n\n<div class=\"gb-element-78c191c8\">\n<div class=\"order-by-priority\"><div class=\"gb-looper-6020cb22 order-by-priority\">\n<div class=\"gb-loop-item gb-loop-item-70ad5639 post-4109 product type-product status-publish has-post-thumbnail hentry\">\n<a href=\"https:\/\/konpart.de\/fr\/product\/zf\/\"><img loading=\"lazy\" decoding=\"async\" width=\"300\" height=\"200\" data-media-id=\"3713\" class=\"gb-media-16e43eec\" src=\"https:\/\/konpart.de\/wp-content\/uploads\/2024\/11\/zf-logo-1.jpg\" alt=\"ZF\"\/><\/a>\n<\/div>\n\n<div class=\"gb-loop-item gb-loop-item-70ad5639 post-4106 product type-product status-publish has-post-thumbnail hentry\">\n<a href=\"https:\/\/konpart.de\/fr\/product\/contitech\/\"><img loading=\"lazy\" decoding=\"async\" width=\"300\" height=\"200\" data-media-id=\"3557\" class=\"gb-media-16e43eec\" src=\"https:\/\/konpart.de\/wp-content\/uploads\/2025\/05\/contitech-logo-2.jpg\" alt=\"ContiTech\"\/><\/a>\n<\/div>\n\n<div class=\"gb-loop-item gb-loop-item-70ad5639 post-4155 product type-product status-publish has-post-thumbnail hentry\">\n<a href=\"https:\/\/konpart.de\/fr\/product\/ate\/\"><img loading=\"lazy\" decoding=\"async\" width=\"300\" height=\"200\" data-media-id=\"3528\" class=\"gb-media-16e43eec\" src=\"https:\/\/konpart.de\/wp-content\/uploads\/2024\/11\/ate-logo-2.jpg\" alt=\"ATE\"\/><\/a>\n<\/div>\n\n<div class=\"gb-loop-item gb-loop-item-70ad5639 post-4164 product type-product status-publish has-post-thumbnail hentry\">\n<a href=\"https:\/\/konpart.de\/fr\/product\/continental\/\"><img loading=\"lazy\" decoding=\"async\" width=\"300\" height=\"200\" data-media-id=\"3553\" class=\"gb-media-16e43eec\" src=\"https:\/\/konpart.de\/wp-content\/uploads\/2024\/11\/continental-logo-1.jpg\" alt=\"Continental\"\/><\/a>\n<\/div>\n\n<div class=\"gb-loop-item gb-loop-item-70ad5639 post-4123 product type-product status-publish has-post-thumbnail hentry\">\n<a href=\"https:\/\/konpart.de\/fr\/product\/victor-reinz\/\"><img loading=\"lazy\" decoding=\"async\" width=\"300\" height=\"200\" data-media-id=\"3673\" class=\"gb-media-16e43eec\" src=\"https:\/\/konpart.de\/wp-content\/uploads\/2024\/11\/reinz-logo.jpg\" alt=\"Victor Reinz\"\/><\/a>\n<\/div>\n\n<div class=\"gb-loop-item gb-loop-item-70ad5639 post-4105 product type-product status-publish has-post-thumbnail hentry\">\n<a href=\"https:\/\/konpart.de\/fr\/product\/kolbenschmidt\/\"><img loading=\"lazy\" decoding=\"async\" width=\"300\" height=\"200\" data-media-id=\"3613\" class=\"gb-media-16e43eec\" src=\"https:\/\/konpart.de\/wp-content\/uploads\/2025\/05\/kolbenschmidt-logo-1.jpg\" alt=\"Kolbenschmidt\"\/><\/a>\n<\/div>\n\n<div class=\"gb-loop-item gb-loop-item-70ad5639 post-4192 product type-product status-publish has-post-thumbnail hentry\">\n<a href=\"https:\/\/konpart.de\/fr\/product\/produits-mahle\/\"><img loading=\"lazy\" decoding=\"async\" width=\"300\" height=\"200\" data-media-id=\"3629\" class=\"gb-media-16e43eec\" src=\"https:\/\/konpart.de\/wp-content\/uploads\/2024\/11\/mahle-logo-1.jpg\" alt=\"Produits Mahle\"\/><\/a>\n<\/div>\n\n<div class=\"gb-loop-item gb-loop-item-70ad5639 post-4169 product type-product status-publish has-post-thumbnail hentry\">\n<a href=\"https:\/\/konpart.de\/fr\/product\/febi\/\"><img loading=\"lazy\" decoding=\"async\" width=\"300\" height=\"200\" data-media-id=\"3573\" class=\"gb-media-16e43eec\" src=\"https:\/\/konpart.de\/wp-content\/uploads\/2024\/11\/febi-logo-1.jpg\" alt=\"febi\"\/><\/a>\n<\/div>\n\n<div class=\"gb-loop-item gb-loop-item-70ad5639 post-4124 product type-product status-publish has-post-thumbnail hentry\">\n<a href=\"https:\/\/konpart.de\/fr\/product\/payen\/\"><img loading=\"lazy\" decoding=\"async\" width=\"300\" height=\"200\" data-media-id=\"3661\" class=\"gb-media-16e43eec\" src=\"https:\/\/konpart.de\/wp-content\/uploads\/2024\/11\/payen-logo-1.jpg\" alt=\"Payen\"\/><\/a>\n<\/div>\n\n<div class=\"gb-loop-item gb-loop-item-70ad5639 post-4157 product type-product status-publish has-post-thumbnail hentry\">\n<a href=\"https:\/\/konpart.de\/fr\/product\/borgwarner\/\"><img loading=\"lazy\" decoding=\"async\" width=\"300\" height=\"200\" data-media-id=\"3545\" class=\"gb-media-16e43eec\" src=\"https:\/\/konpart.de\/wp-content\/uploads\/2024\/11\/borgwarner-logo-1.jpg\" alt=\"BorgWarner\"\/><\/a>\n<\/div>\n\n<div class=\"gb-loop-item gb-loop-item-70ad5639 post-4103 product type-product status-publish has-post-thumbnail hentry\">\n<a href=\"https:\/\/konpart.de\/fr\/product\/knorr\/\"><img loading=\"lazy\" decoding=\"async\" width=\"300\" height=\"200\" data-media-id=\"3609\" class=\"gb-media-16e43eec\" src=\"https:\/\/konpart.de\/wp-content\/uploads\/2025\/05\/knorr-logo-1.jpg\" alt=\"Knorr\"\/><\/a>\n<\/div>\n\n<div class=\"gb-loop-item gb-loop-item-70ad5639 post-4141 product type-product status-publish has-post-thumbnail hentry\">\n<a href=\"https:\/\/konpart.de\/fr\/product\/trw\/\"><img loading=\"lazy\" decoding=\"async\" width=\"300\" height=\"200\" data-media-id=\"3693\" class=\"gb-media-16e43eec\" src=\"https:\/\/konpart.de\/wp-content\/uploads\/2025\/05\/trw-logo-1.jpg\" alt=\"TRW\"\/><\/a>\n<\/div>\n\n<div class=\"gb-loop-item gb-loop-item-70ad5639 post-4121 product type-product status-publish has-post-thumbnail hentry\">\n<a href=\"https:\/\/konpart.de\/fr\/product\/wabco\/\"><img loading=\"lazy\" decoding=\"async\" width=\"300\" height=\"200\" data-media-id=\"3705\" class=\"gb-media-16e43eec\" src=\"https:\/\/konpart.de\/wp-content\/uploads\/2025\/05\/wabco-logo-1.jpg\" alt=\"Wabco\"\/><\/a>\n<\/div>\n\n<div class=\"gb-loop-item gb-loop-item-70ad5639 post-4145 product type-product status-publish has-post-thumbnail hentry\">\n<a href=\"https:\/\/konpart.de\/fr\/product\/lemforder\/\"><img loading=\"lazy\" decoding=\"async\" width=\"300\" height=\"200\" data-media-id=\"3625\" class=\"gb-media-16e43eec\" src=\"https:\/\/konpart.de\/wp-content\/uploads\/2025\/05\/lemfoerder-logo-1.jpg\" alt=\"Lemf\u00f6rder\"\/><\/a>\n<\/div>\n\n<div class=\"gb-loop-item gb-loop-item-70ad5639 post-4180 product type-product status-publish has-post-thumbnail hentry\">\n<a href=\"https:\/\/konpart.de\/fr\/product\/glyco\/\"><img loading=\"lazy\" decoding=\"async\" width=\"300\" height=\"200\" data-media-id=\"3597\" class=\"gb-media-16e43eec\" src=\"https:\/\/konpart.de\/wp-content\/uploads\/2024\/11\/glyco-logo-2.jpg\" alt=\"Glyco\"\/><\/a>\n<\/div>\n\n<div class=\"gb-loop-item gb-loop-item-70ad5639 post-4134 product type-product status-publish has-post-thumbnail hentry\">\n<a href=\"https:\/\/konpart.de\/fr\/product\/moog\/\"><img loading=\"lazy\" decoding=\"async\" width=\"300\" height=\"200\" data-media-id=\"3637\" class=\"gb-media-16e43eec\" src=\"https:\/\/konpart.de\/wp-content\/uploads\/2024\/11\/moog-logo-1.jpg\" alt=\"Moog\"\/><\/a>\n<\/div>\n\n<div class=\"gb-loop-item gb-loop-item-70ad5639 post-4183 product type-product status-publish has-post-thumbnail hentry\">\n<a href=\"https:\/\/konpart.de\/fr\/product\/goetze\/\"><img loading=\"lazy\" decoding=\"async\" width=\"300\" height=\"200\" data-media-id=\"3601\" class=\"gb-media-16e43eec\" src=\"https:\/\/konpart.de\/wp-content\/uploads\/2024\/11\/goetze-logo-1.jpg\" alt=\"Goetze\"\/><\/a>\n<\/div>\n\n<div class=\"gb-loop-item gb-loop-item-70ad5639 post-4142 product type-product status-publish has-post-thumbnail hentry\">\n<a href=\"https:\/\/konpart.de\/fr\/product\/sachs\/\"><img loading=\"lazy\" decoding=\"async\" width=\"300\" height=\"200\" data-media-id=\"3677\" class=\"gb-media-16e43eec\" src=\"https:\/\/konpart.de\/wp-content\/uploads\/2025\/05\/sachs-logo-1.jpg\" alt=\"Sachs\"\/><\/a>\n<\/div>\n\n<div class=\"gb-loop-item gb-loop-item-70ad5639 post-4130 product type-product status-publish has-post-thumbnail hentry\">\n<a href=\"https:\/\/konpart.de\/fr\/product\/nural\/\"><img loading=\"lazy\" decoding=\"async\" width=\"300\" height=\"200\" data-media-id=\"3653\" class=\"gb-media-16e43eec\" src=\"https:\/\/konpart.de\/wp-content\/uploads\/2024\/11\/nueral-logo-1.jpg\" alt=\"N\u00fcral\"\/><\/a>\n<\/div>\n\n<div class=\"gb-loop-item gb-loop-item-70ad5639 post-4154 product type-product status-publish has-post-thumbnail hentry\">\n<a href=\"https:\/\/konpart.de\/fr\/product\/beru\/\"><img loading=\"lazy\" decoding=\"async\" width=\"300\" height=\"200\" data-media-id=\"3537\" class=\"gb-media-16e43eec\" src=\"https:\/\/konpart.de\/wp-content\/uploads\/2024\/11\/beru-logo-1.jpg\" alt=\"Beru\"\/><\/a>\n<\/div>\n\n<div class=\"gb-loop-item gb-loop-item-70ad5639 post-4188 product type-product status-publish has-post-thumbnail hentry\">\n<a href=\"https:\/\/konpart.de\/fr\/product\/hella\/\"><img loading=\"lazy\" decoding=\"async\" width=\"300\" height=\"200\" data-media-id=\"3605\" class=\"gb-media-16e43eec\" src=\"https:\/\/konpart.de\/wp-content\/uploads\/2024\/11\/hella-logo-1.jpg\" alt=\"Hella\"\/><\/a>\n<\/div>\n\n<div class=\"gb-loop-item gb-loop-item-70ad5639 post-579 product type-product status-publish has-post-thumbnail hentry\">\n<a href=\"https:\/\/konpart.de\/fr\/product\/bosch\/\"><img loading=\"lazy\" decoding=\"async\" width=\"125\" height=\"40\" data-media-id=\"558\" class=\"gb-media-16e43eec\" src=\"https:\/\/konpart.de\/wp-content\/uploads\/2024\/11\/BOSCH2.webp\" alt=\"Bosch\"\/><\/a>\n<\/div>\n\n<div class=\"gb-loop-item gb-loop-item-70ad5639 post-4135 product type-product status-publish has-post-thumbnail hentry\">\n<a href=\"https:\/\/konpart.de\/fr\/product\/nissens\/\"><img loading=\"lazy\" decoding=\"async\" width=\"300\" height=\"200\" data-media-id=\"3645\" class=\"gb-media-16e43eec\" src=\"https:\/\/konpart.de\/wp-content\/uploads\/2024\/11\/nissens-logo.jpg\" alt=\"Nissens\"\/><\/a>\n<\/div>\n\n<div class=\"gb-loop-item gb-loop-item-70ad5639 post-4162 product type-product status-publish has-post-thumbnail hentry\">\n<a href=\"https:\/\/konpart.de\/fr\/product\/dtp\/\"><img loading=\"lazy\" decoding=\"async\" width=\"300\" height=\"200\" data-media-id=\"3565\" class=\"gb-media-16e43eec\" src=\"https:\/\/konpart.de\/wp-content\/uploads\/2024\/11\/dtp-logo-1.jpg\" alt=\"DTP\"\/><\/a>\n<\/div>\n\n<div class=\"gb-loop-item gb-loop-item-70ad5639 post-4098 product type-product status-publish has-post-thumbnail hentry\">\n<a href=\"https:\/\/konpart.de\/fr\/product\/pierburg\/\"><img loading=\"lazy\" decoding=\"async\" width=\"300\" height=\"200\" data-media-id=\"3669\" class=\"gb-media-16e43eec\" src=\"https:\/\/konpart.de\/wp-content\/uploads\/2025\/05\/pierburg-logo-1.jpg\" alt=\"Pierburg\"\/><\/a>\n<\/div>\n\n<div class=\"gb-loop-item gb-loop-item-70ad5639 post-4177 product type-product status-publish has-post-thumbnail hentry\">\n<a href=\"https:\/\/konpart.de\/fr\/product\/fp-diesel\/\"><img loading=\"lazy\" decoding=\"async\" width=\"300\" height=\"200\" data-media-id=\"3589\" class=\"gb-media-16e43eec\" src=\"https:\/\/konpart.de\/wp-content\/uploads\/2024\/11\/fp-diesel-logo-1.jpg\" alt=\"FP Diesel\"\/><\/a>\n<\/div>\n\n<div class=\"gb-loop-item gb-loop-item-70ad5639 post-4101 product type-product status-publish has-post-thumbnail hentry\">\n<a href=\"https:\/\/konpart.de\/fr\/product\/impression-bleue\/\"><img loading=\"lazy\" decoding=\"async\" width=\"300\" height=\"200\" data-media-id=\"3541\" class=\"gb-media-16e43eec\" src=\"https:\/\/konpart.de\/wp-content\/uploads\/2025\/05\/blue-print-logo-1.jpg\" alt=\"Impression bleue\"\/><\/a>\n<\/div>\n\n<div class=\"gb-loop-item gb-loop-item-70ad5639 post-4099 product type-product status-publish has-post-thumbnail hentry\">\n<a href=\"https:\/\/konpart.de\/fr\/product\/nrf\/\"><img loading=\"lazy\" decoding=\"async\" width=\"300\" height=\"200\" data-media-id=\"3649\" class=\"gb-media-16e43eec\" src=\"https:\/\/konpart.de\/wp-content\/uploads\/2025\/05\/nrf-logo-1.jpg\" alt=\"NRF\"\/><\/a>\n<\/div>\n<\/div><\/div>\n<\/div>\n\n\n<div class=\"gb-container gb-container-4c28cbe3 main\">\n<div class=\"gb-container gb-container-914b04a5 small\">\n\n<h1 class=\"gb-text gb-text-26113fbc\">A propos de<\/h1>\n\n<\/div>\n<\/div>\n\n\n<div class=\"main gb-element-30b127b4\">\n<div class=\"small gb-element-c6fd46af\">\n<div class=\"gb-element-ba7218b7\">\n<img loading=\"lazy\" decoding=\"async\" width=\"2521\" height=\"219\" class=\"gb-media-36324af9\" alt=\"\" src=\"https:\/\/konpart.de\/wp-content\/uploads\/2025\/05\/konpart-automotive-zeitleiste.webp\" title=\"konpart-automotive-zeitleiste\" srcset=\"https:\/\/konpart.de\/wp-content\/uploads\/2025\/05\/konpart-automotive-zeitleiste.webp 2521w, https:\/\/konpart.de\/wp-content\/uploads\/2025\/05\/konpart-automotive-zeitleiste-300x26.webp 300w, https:\/\/konpart.de\/wp-content\/uploads\/2025\/05\/konpart-automotive-zeitleiste-1024x89.webp 1024w, https:\/\/konpart.de\/wp-content\/uploads\/2025\/05\/konpart-automotive-zeitleiste-768x67.webp 768w, https:\/\/konpart.de\/wp-content\/uploads\/2025\/05\/konpart-automotive-zeitleiste-1536x133.webp 1536w, https:\/\/konpart.de\/wp-content\/uploads\/2025\/05\/konpart-automotive-zeitleiste-2048x178.webp 2048w, https:\/\/konpart.de\/wp-content\/uploads\/2025\/05\/konpart-automotive-zeitleiste-1320x115.webp 1320w\" sizes=\"auto, (max-width: 2521px) 100vw, 2521px\" \/>\n<\/div>\n\n\n\n<div class=\"gb-element-da0fea3f\">\n<div class=\"gb-element-f276450c\">\n<div>\n<p class=\"gb-text gb-text-add474d0\">1991<\/p>\n<\/div>\n\n\n\n<div>\n<p class=\"gb-text gb-text-118044d2\">Cr\u00e9ation de KonPart \u00e0 Hambourg \/ Allemagne. Apr\u00e8s avoir travaill\u00e9 plus de 20 ans dans plusieurs entreprises d&rsquo;exportation et de logistique, Konrad Choinowski a d\u00e9cid\u00e9 de fonder KonPart Import-Export GmbH afin de maintenir ses contacts solides dans le commerce avec l&rsquo;Afrique de l&rsquo;Ouest. <\/p>\n<\/div>\n\n\n\n<div>\n<p class=\"gb-text gb-text-add474d0\">1995<\/p>\n<\/div>\n\n\n\n<div>\n<p class=\"gb-text gb-text-6a92bce3\">Les bureaux et les entrep\u00f4ts sont r\u00e9unis pour la premi\u00e8re fois et restent la cl\u00e9 du succ\u00e8s pour un traitement et une livraison plus rapides et plus efficaces aux clients du monde entier.<\/p>\n<\/div>\n\n\n\n<div>\n<p class=\"gb-text gb-text-c6c584a3\">2001<\/p>\n<\/div>\n\n\n\n<div>\n<p class=\"gb-text gb-text-9840b52a\">La c\u00e9l\u00e9bration des 10 ans de KonPart rassemble des clients et des fournisseurs de toute l&rsquo;Afrique et du monde entier. KonPart est l&rsquo;un des plus grands exportateurs allemands de pi\u00e8ces d\u00e9tach\u00e9es en Afrique de l&rsquo;Ouest et repr\u00e9sente plus de 20 grandes marques de pi\u00e8ces d\u00e9tach\u00e9es dans plusieurs pays d&rsquo;Afrique de l&rsquo;Ouest. <\/p>\n<\/div>\n\n\n\n<div>\n<p class=\"gb-text gb-text-fa99bcf6\">2011<\/p>\n<\/div>\n\n\n\n<div>\n<p class=\"gb-text gb-text-f0d601ce\">KonPart a continu\u00e9 \u00e0 s&rsquo;\u00e9tablir sur les march\u00e9s et s&rsquo;appuie d\u00e9sormais sur une solide \u00e9quipe d&rsquo;experts commerciaux qui assurent le service \u00e0 la client\u00e8le et l&rsquo;expertise. Plus de 50 grandes marques de pi\u00e8ces d\u00e9tach\u00e9es sont distribu\u00e9es. <\/p>\n<\/div>\n\n\n\n<div>\n<p class=\"gb-text gb-text-313d6739\">2022<\/p>\n<\/div>\n\n\n\n<div>\n<p class=\"gb-text gb-text-182f6f64\">KonPart initie le changement de g\u00e9n\u00e9ration au sein de la direction et Roman Choinowski prend la direction de l&rsquo;entreprise.<\/p>\n<\/div>\n\n\n\n<div>\n<p class=\"gb-text gb-text-a97c4c92\">2023<\/p>\n<\/div>\n\n\n\n<div>\n<p class=\"gb-text gb-text-3f9929c9\">KonPart s&rsquo;est d\u00e9velopp\u00e9 dans son nouveau si\u00e8ge pr\u00e8s de Hambourg, \u00e0 Glinde (Allemagne), et sert ses clients depuis un bureau, un entrep\u00f4t et une zone logistique de 1 500 m\u00e8tres carr\u00e9s.<\/p>\n<\/div>\n\n\n\n<div>\n<p class=\"gb-text gb-text-bed3d110\">2024<\/p>\n<\/div>\n\n\n\n<div>\n<p class=\"gb-text gb-text-d2ef2fd3\">KonPart a mis en place un syst\u00e8me ERP puissant et orient\u00e9 vers l&rsquo;avenir.<\/p>\n<\/div>\n\n\n\n<div>\n<p class=\"gb-text gb-text-aac52a1e\">2025<\/p>\n<\/div>\n\n\n\n<div>\n<p class=\"gb-text gb-text-fd05f85d\">KonPart a lanc\u00e9 un nouveau site web et introduit une identit\u00e9 d&rsquo;entreprise moderne.<\/p>\n<\/div>\n<\/div>\n<\/div>\n<\/div>\n<\/div>\n","protected":false},"excerpt":{"rendered":"<p>A propos de 1991 Cr\u00e9ation de KonPart \u00e0 Hambourg \/ Allemagne. Apr\u00e8s avoir travaill\u00e9 plus de 20 ans dans plusieurs entreprises d&rsquo;exportation et de logistique, Konrad Choinowski a d\u00e9cid\u00e9 de fonder KonPart Import-Export GmbH afin de maintenir ses contacts solides dans le commerce avec l&rsquo;Afrique de l&rsquo;Ouest. 1995 Les bureaux et les entrep\u00f4ts sont r\u00e9unis &#8230; <a title=\"A propos de\" class=\"read-more\" href=\"https:\/\/konpart.de\/fr\/a-propos-de\/\" aria-label=\"En savoir plus sur A propos de\">Weiterlesen &#8230;<\/a><\/p>\n","protected":false},"author":1,"featured_media":0,"parent":0,"menu_order":60,"comment_status":"closed","ping_status":"closed","template":"","meta":{"_acf_changed":false,"footnotes":""},"element-controls":[],"class_list":["post-4057","page","type-page","status-publish"],"acf":[],"_links":{"self":[{"href":"https:\/\/konpart.de\/fr\/wp-json\/wp\/v2\/pages\/4057","targetHints":{"allow":["GET"]}}],"collection":[{"href":"https:\/\/konpart.de\/fr\/wp-json\/wp\/v2\/pages"}],"about":[{"href":"https:\/\/konpart.de\/fr\/wp-json\/wp\/v2\/types\/page"}],"author":[{"embeddable":true,"href":"https:\/\/konpart.de\/fr\/wp-json\/wp\/v2\/users\/1"}],"replies":[{"embeddable":true,"href":"https:\/\/konpart.de\/fr\/wp-json\/wp\/v2\/comments?post=4057"}],"version-history":[{"count":2,"href":"https:\/\/konpart.de\/fr\/wp-json\/wp\/v2\/pages\/4057\/revisions"}],"predecessor-version":[{"id":4863,"href":"https:\/\/konpart.de\/fr\/wp-json\/wp\/v2\/pages\/4057\/revisions\/4863"}],"wp:attachment":[{"href":"https:\/\/konpart.de\/fr\/wp-json\/wp\/v2\/media?parent=4057"}],"wp:term":[{"taxonomy":"element-controls","embeddable":true,"href":"https:\/\/konpart.de\/fr\/wp-json\/wp\/v2\/element-controls?post=4057"}],"curies":[{"name":"wp","href":"https:\/\/api.w.org\/{rel}","templated":true}]}}