{"id":4098,"date":"2025-05-16T11:48:40","date_gmt":"2025-05-16T09:48:40","guid":{"rendered":"https:\/\/konpart.de\/product\/pierburg\/"},"modified":"2025-10-14T13:46:04","modified_gmt":"2025-10-14T11:46:04","slug":"pierburg","status":"publish","type":"product","link":"https:\/\/konpart.de\/fr\/product\/pierburg\/","title":{"rendered":"Pierburg"},"excerpt":{"rendered":"<p>Pierburg est synonyme d&rsquo;innovation de pointe dans le domaine de la gestion du moteur et des syst\u00e8mes d&rsquo;alimentation en air. En tant que membre du Rheinmetall Automotive Group, Pierburg est un fournisseur cl\u00e9 de pi\u00e8ces d\u00e9tach\u00e9es de qualit\u00e9 OE pour de nombreux constructeurs automobiles de premier plan dans le monde. Reconnus pour leur pr\u00e9cision et leur performance, les produits Pierburg sont essentiels pour le contr\u00f4le moderne des \u00e9missions, l&rsquo;efficacit\u00e9 \u00e9nerg\u00e9tique et la performance des moteurs.  <\/p>\n","protected":false},"featured_media":3669,"template":"","meta":{"_acf_changed":false},"product-type":[],"class_list":["post-4098","product","type-product","status-publish","has-post-thumbnail","hentry"],"acf":{"product-claim":"Pierburg - L'expertise allemande en mati\u00e8re de gestion des moteurs","product-description":"<em>Votre source de confiance pour les produits Pierburg d'un exportateur allemand de premier plan de pi\u00e8ces d\u00e9tach\u00e9es de qualit\u00e9 OE.<\/em>\n\n<strong>Pierburg<\/strong> est synonyme d'innovation de pointe dans le domaine de la gestion du moteur et des syst\u00e8mes d'alimentation en air. En tant que membre du Rheinmetall Automotive Group, <strong>Pierburg<\/strong> est un fournisseur cl\u00e9 de <strong>pi\u00e8ces d\u00e9tach\u00e9es de qualit\u00e9 OE<\/strong> pour de nombreux constructeurs automobiles de premier plan dans le monde. Reconnus pour leur pr\u00e9cision et leur performance, les <strong>produits Pierburg<\/strong> sont essentiels pour le contr\u00f4le moderne des \u00e9missions, l'efficacit\u00e9 \u00e9nerg\u00e9tique et la performance des moteurs.  \n\nEn tant qu'<strong>exportateur allemand<\/strong> fiable <strong>de pi\u00e8ces d\u00e9tach\u00e9es<\/strong>, nous proposons des <strong>composants Pierburg<\/strong> d'origine directement depuis l'Allemagne aux clients exportateurs. Nous garantissons un approvisionnement rapide et efficace pour tous vos besoins en <strong>produits Pierburg<\/strong>. \n\n<strong>Pourquoi choisir Pierburg Products ?<\/strong>\n<ul>\n \t<li><strong>Norme d'\u00e9quipement d'origine (OE<\/strong> ) - reconnue par des constructeurs tels que VW, BMW, Mercedes-Benz, Audi et Opel.<\/li>\n \t<li><strong>Technologie de haute performance<\/strong> - id\u00e9ale pour les syst\u00e8mes de moteurs modernes et le contr\u00f4le des \u00e9missions.<\/li>\n \t<li><strong>Large gamme de produits<\/strong> - y compris les vannes EGR, les compteurs d'air massique, les pompes \u00e9lectriques, les corps de papillon et les \u00e9lectrovannes.<\/li>\n \t<li><strong>Con\u00e7us en Allemagne<\/strong>, ils garantissent la pr\u00e9cision, la qualit\u00e9 et la fiabilit\u00e9 \u00e0 long terme.<\/li>\n<\/ul>\nLes <strong>pi\u00e8ces d\u00e9tach\u00e9es Pierburg<\/strong> sont particuli\u00e8rement essentielles pour les composants \u00e9lectroniques des moteurs, ce qui en fait un choix judicieux pour les ateliers et les distributeurs qui travaillent avec des v\u00e9hicules de haute technologie et des clients ax\u00e9s sur la performance.\n\n<strong>Exportation de pi\u00e8ces d\u00e9tach\u00e9es Pierburg<\/strong>\n\nEn tant qu'<strong>exportateur allemand<\/strong> exp\u00e9riment\u00e9, nous sommes sp\u00e9cialis\u00e9s dans la distribution de <strong>pi\u00e8ces d\u00e9tach\u00e9es Pierburg<\/strong>. Nos services comprennent : \n<ul>\n \t<li>Approvisionnement direct en produits authentiques Pierburg<\/li>\n \t<li>Logistique d'exportation et exp\u00e9dition rapide<\/li>\n \t<li>Emballage et documentation personnalis\u00e9s pour l'exportation<\/li>\n \t<li>Prix comp\u00e9titifs pour les commandes en gros<\/li>\n \t<li>Assistance d'un expert et identification des produits<\/li>\n<\/ul>\nNous travaillons en \u00e9troite collaboration avec des distributeurs et des grossistes internationaux \u00e0 la recherche de <strong>pi\u00e8ces d\u00e9tach\u00e9es allemandes<\/strong> authentiques offrant des performances et une qualit\u00e9 de niveau OE.\n\n<em>Contactez-nous d\u00e8s maintenant pour toute demande d'exportation ou pour recevoir un devis. Pierburg - L'excellence de l'ing\u00e9nierie allemande pour chaque moteur. <\/em>","catalog":null,"logo-reihenfolge":25,"spare-part-table":""},"_links":{"self":[{"href":"https:\/\/konpart.de\/fr\/wp-json\/wp\/v2\/product\/4098","targetHints":{"allow":["GET"]}}],"collection":[{"href":"https:\/\/konpart.de\/fr\/wp-json\/wp\/v2\/product"}],"about":[{"href":"https:\/\/konpart.de\/fr\/wp-json\/wp\/v2\/types\/product"}],"wp:featuredmedia":[{"embeddable":true,"href":"https:\/\/konpart.de\/fr\/wp-json\/wp\/v2\/media\/3669"}],"wp:attachment":[{"href":"https:\/\/konpart.de\/fr\/wp-json\/wp\/v2\/media?parent=4098"}],"wp:term":[{"taxonomy":"product-type","embeddable":true,"href":"https:\/\/konpart.de\/fr\/wp-json\/wp\/v2\/product-type?post=4098"}],"curies":[{"name":"wp","href":"https:\/\/api.w.org\/{rel}","templated":true}]}}