{"id":4099,"date":"2025-05-16T11:50:11","date_gmt":"2025-05-16T09:50:11","guid":{"rendered":"https:\/\/konpart.de\/product\/nrf\/"},"modified":"2025-10-14T13:46:04","modified_gmt":"2025-10-14T11:46:04","slug":"nrf","status":"publish","type":"product","link":"https:\/\/konpart.de\/fr\/product\/nrf\/","title":{"rendered":"NRF"},"excerpt":{"rendered":"<p>NRF est un leader mondial dans le domaine des syst\u00e8mes de refroidissement et de climatisation automobiles. Avec plus de 90 ans d&rsquo;expertise, NRF fournit des pi\u00e8ces de rechange de qualit\u00e9 d&rsquo;origine qui r\u00e9pondent aux exigences des v\u00e9hicules modernes et des ateliers de r\u00e9paration professionnels. Reconnus pour leur innovation et leur fiabilit\u00e9, les produits NRF sont reconnus sur le march\u00e9 des pi\u00e8ces d\u00e9tach\u00e9es pour leurs performances, leur durabilit\u00e9 et leur pr\u00e9cision d&rsquo;adaptation.  <\/p>\n","protected":false},"featured_media":3649,"template":"","meta":{"_acf_changed":false},"product-type":[],"class_list":["post-4099","product","type-product","status-publish","has-post-thumbnail","hentry"],"acf":{"product-claim":"NRF - Solutions intelligentes de refroidissement et de contr\u00f4le du climat","product-description":"<em>Votre exportateur allemand fiable pour les produits NRF de haute qualit\u00e9 et les pi\u00e8ces d\u00e9tach\u00e9es du march\u00e9 secondaire<\/em>\n\n<strong>NRF<\/strong> est un leader mondial dans le domaine des syst\u00e8mes de refroidissement et de climatisation automobiles. Avec plus de 90 ans d'expertise, <g id=\"gid_1\">NRF<\/g> fournit des <g id=\"gid_2\">pi\u00e8ces de rechange de qualit\u00e9 d'origine<\/g> qui r\u00e9pondent aux exigences des v\u00e9hicules modernes et des ateliers de r\u00e9paration professionnels. Reconnus pour leur innovation et leur fiabilit\u00e9, les <strong>produits NRF<\/strong> sont reconnus sur le march\u00e9 des pi\u00e8ces d\u00e9tach\u00e9es pour leurs performances, leur durabilit\u00e9 et leur pr\u00e9cision d'adaptation.  \n\nEn tant qu'<strong>exportateur allemand<\/strong> exp\u00e9riment\u00e9 <strong>de pi\u00e8ces d\u00e9tach\u00e9es automobiles<\/strong>, nous fournissons un acc\u00e8s direct \u00e0 la gamme compl\u00e8te de <strong>pi\u00e8ces d\u00e9tach\u00e9es NRF<\/strong> - exp\u00e9di\u00e9es depuis l'Allemagne \u00e0 nos clients exportateurs. Que vous soyez distributeur ou grossiste, notre service d'exportation vous garantit une livraison rapide et fiable ainsi qu'une assistance sp\u00e9cialis\u00e9e. \n\n<strong>Pourquoi choisir NRF Products ?<\/strong>\n<ul>\n \t<li>Des <strong>composants de qualit\u00e9 d'origine<\/strong> auxquels les constructeurs automobiles du monde entier font confiance<\/li>\n \t<li>Large gamme de produits comprenant\n<ul>\n \t<li>Radiateurs<\/li>\n \t<li>Condenseurs<\/li>\n \t<li>Refroidisseurs interm\u00e9diaires<\/li>\n \t<li>Moteurs de soufflerie<\/li>\n \t<li>Filtres de cabine<\/li>\n \t<li>Refroidisseurs d'huile et embrayages de ventilateurs<\/li>\n<\/ul>\n<\/li>\n \t<li>Innovation continue avec des capteurs intelligents et des solutions E-Tech<\/li>\n \t<li>Ajustement parfait et installation facile pour r\u00e9duire le temps de travail<\/li>\n \t<li>Application pour les v\u00e9hicules europ\u00e9ens, asiatiques et am\u00e9ricains<\/li>\n<\/ul>\nLes <strong>pi\u00e8ces d\u00e9tach\u00e9es NRF<\/strong> sont con\u00e7ues pour offrir des performances durables et une efficacit\u00e9 thermique, garantissant une temp\u00e9rature optimale du moteur et de l'habitacle dans toutes les conditions de conduite.\n\n<strong>Votre partenaire \u00e0 l'exportation pour les produits NRF<\/strong>\n\nEn tant qu'<strong>exportateur allemand de<\/strong> confiance, nous sommes sp\u00e9cialis\u00e9s dans le commerce international de <strong>pi\u00e8ces d\u00e9tach\u00e9es NRF<\/strong>. Nos services d'exportation comprennent : \n<ul>\n \t<li>Produits authentiques de la NRF, en provenance directe<\/li>\n \t<li>Exp\u00e9dition avec une logistique rapide et s\u00e9curis\u00e9e<\/li>\n \t<li>Documentation et emballage personnalis\u00e9s pour l'exportation<\/li>\n \t<li>Assistance \u00e0 la client\u00e8le et conseils techniques multilingues<\/li>\n \t<li>Prix comp\u00e9titifs et disponibilit\u00e9 pour les commandes en gros et r\u00e9p\u00e9titives<\/li>\n<\/ul>\nNous travaillons en \u00e9troite collaboration avec des clients qui recherchent des fournisseurs fiables de <strong>pi\u00e8ces d\u00e9tach\u00e9es allemandes<\/strong> et de <strong>produits NRF<\/strong> alliant qualit\u00e9 et prix abordable.\n\n<em>Contactez-nous d\u00e8s aujourd'hui pour un devis ou une demande d'exportation. NRF - Gestion thermique de qualit\u00e9 premi\u00e8re monte, export\u00e9e d'Allemagne avec pr\u00e9cision. <\/em>","catalog":null,"logo-reihenfolge":28,"spare-part-table":""},"_links":{"self":[{"href":"https:\/\/konpart.de\/fr\/wp-json\/wp\/v2\/product\/4099","targetHints":{"allow":["GET"]}}],"collection":[{"href":"https:\/\/konpart.de\/fr\/wp-json\/wp\/v2\/product"}],"about":[{"href":"https:\/\/konpart.de\/fr\/wp-json\/wp\/v2\/types\/product"}],"wp:featuredmedia":[{"embeddable":true,"href":"https:\/\/konpart.de\/fr\/wp-json\/wp\/v2\/media\/3649"}],"wp:attachment":[{"href":"https:\/\/konpart.de\/fr\/wp-json\/wp\/v2\/media?parent=4099"}],"wp:term":[{"taxonomy":"product-type","embeddable":true,"href":"https:\/\/konpart.de\/fr\/wp-json\/wp\/v2\/product-type?post=4099"}],"curies":[{"name":"wp","href":"https:\/\/api.w.org\/{rel}","templated":true}]}}