{"id":4103,"date":"2025-05-16T11:39:09","date_gmt":"2025-05-16T09:39:09","guid":{"rendered":"https:\/\/konpart.de\/product\/knorr\/"},"modified":"2025-10-14T13:46:13","modified_gmt":"2025-10-14T11:46:13","slug":"knorr","status":"publish","type":"product","link":"https:\/\/konpart.de\/fr\/product\/knorr\/","title":{"rendered":"Knorr"},"excerpt":{"rendered":"<p>Knorr-Bremse est un leader mondial dans le domaine des syst\u00e8mes de freinage et des composants critiques pour la s\u00e9curit\u00e9 des v\u00e9hicules commerciaux et des applications ferroviaires. En tant qu&rsquo;exportateur allemand sp\u00e9cialis\u00e9 dans les pi\u00e8ces d\u00e9tach\u00e9es de qualit\u00e9 d&rsquo;origine, nous sommes fiers de fournir une large gamme de produits d&rsquo;origine Knorr-Bremse aux clients exportateurs \u00e0 la recherche de solutions fiables et performantes pour le march\u00e9 de l&rsquo;apr\u00e8s-vente. <\/p>\n","protected":false},"featured_media":3609,"template":"","meta":{"_acf_changed":false},"product-type":[],"class_list":["post-4103","product","type-product","status-publish","has-post-thumbnail","hentry"],"acf":{"product-claim":"Knorr-Bremse - Syst\u00e8mes de freinage avanc\u00e9s en provenance d'Allemagne","product-description":"<strong>Fournisseur officiel de pi\u00e8ces d\u00e9tach\u00e9es d'origine Knorr-Bremse<\/strong>\n\nKnorr-Bremse est un leader mondial dans le domaine des syst\u00e8mes de freinage et des composants critiques pour la s\u00e9curit\u00e9 des v\u00e9hicules commerciaux et des applications ferroviaires. En tant qu'exportateur allemand sp\u00e9cialis\u00e9 dans les pi\u00e8ces d\u00e9tach\u00e9es de qualit\u00e9 d'origine, nous sommes fiers de fournir une large gamme de produits d'origine Knorr-Bremse aux clients exportateurs \u00e0 la recherche de solutions fiables et performantes pour le march\u00e9 de l'apr\u00e8s-vente. \n\nDes freins \u00e0 disque, valves et compresseurs aux unit\u00e9s de contr\u00f4le ABS\/EBS et aux syst\u00e8mes \u00e9lectroniques, les produits Knorr-Bremse sont con\u00e7us pour la pr\u00e9cision, la durabilit\u00e9 et la conformit\u00e9 aux normes de s\u00e9curit\u00e9 les plus strictes. Avec plus d'un si\u00e8cle d'innovation et d'expertise en ing\u00e9nierie allemande, Knorr-Bremse b\u00e9n\u00e9ficie de la confiance des principaux fabricants de camions, de remorques et de bus \u00e0 travers le monde. \n\n<strong>Pourquoi choisir les pi\u00e8ces d\u00e9tach\u00e9es Knorr-Bremse ?<\/strong>\n<ul>\n \t<li><strong>Une qualit\u00e9 OE \u00e0 laquelle vous pouvez faire confiance :<\/strong> Tous les composants Knorr-Bremse respectent ou d\u00e9passent les sp\u00e9cifications de l'\u00e9quipement d'origine.<\/li>\n \t<li><strong>Ing\u00e9nierie allemande :<\/strong> Con\u00e7u et fabriqu\u00e9 en Allemagne pour une fiabilit\u00e9 exceptionnelle et une longue dur\u00e9e de vie.<\/li>\n \t<li><strong>Gamme compl\u00e8te de produits :<\/strong> Nous proposons des pi\u00e8ces Knorr-Bremse pour les v\u00e9hicules utilitaires, les remorques et les bus de diff\u00e9rentes marques europ\u00e9ennes et mondiales.<\/li>\n \t<li><strong>Parfait pour le march\u00e9 de l'apr\u00e8s-vente :<\/strong> Id\u00e9al pour les ateliers, les op\u00e9rateurs de flotte et les distributeurs qui exigent une qualit\u00e9 constante \u00e0 chaque envoi.<\/li>\n<\/ul>\nEn tant qu'exportateur allemand exp\u00e9riment\u00e9, nous assurons une livraison rapide et efficace des produits Knorr-Bremse \u00e0 nos clients. Que vous cherchiez des commandes en gros ou des paquets d'exportation personnalis\u00e9s, nous offrons des solutions flexibles adapt\u00e9es \u00e0 vos besoins. \n\n<strong>Exporter des produits authentiques Knorr-Bremse d'Allemagne<\/strong>\n\nGr\u00e2ce \u00e0 notre solide expertise en mati\u00e8re d'approvisionnement, nous garantissons l'acc\u00e8s \u00e0 une gamme compl\u00e8te de pi\u00e8ces d\u00e9tach\u00e9es authentiques Knorr-Bremse en provenance directe d'Allemagne. Notre service d'exportation est \u00e0 votre disposition pour vous fournir la qualit\u00e9 l\u00e0 o\u00f9 elle est le plus n\u00e9cessaire. \n\nFaites \u00e9quipe avec nous pour b\u00e9n\u00e9ficier d'un approvisionnement fiable, de prix comp\u00e9titifs et d'un service \u00e0 la client\u00e8le d\u00e9vou\u00e9. Prenez contact avec nous pour en savoir plus sur la gamme actuelle de produits, le catalogue de produits en ligne de Knorr-Bremse et les conditions d'exportation. \n\n<strong>Knorr-Bremse - Freinage de pr\u00e9cision. Con\u00e7u en Allemagne.   <\/strong>","catalog":null,"logo-reihenfolge":11,"spare-part-table":""},"_links":{"self":[{"href":"https:\/\/konpart.de\/fr\/wp-json\/wp\/v2\/product\/4103","targetHints":{"allow":["GET"]}}],"collection":[{"href":"https:\/\/konpart.de\/fr\/wp-json\/wp\/v2\/product"}],"about":[{"href":"https:\/\/konpart.de\/fr\/wp-json\/wp\/v2\/types\/product"}],"wp:featuredmedia":[{"embeddable":true,"href":"https:\/\/konpart.de\/fr\/wp-json\/wp\/v2\/media\/3609"}],"wp:attachment":[{"href":"https:\/\/konpart.de\/fr\/wp-json\/wp\/v2\/media?parent=4103"}],"wp:term":[{"taxonomy":"product-type","embeddable":true,"href":"https:\/\/konpart.de\/fr\/wp-json\/wp\/v2\/product-type?post=4103"}],"curies":[{"name":"wp","href":"https:\/\/api.w.org\/{rel}","templated":true}]}}